{"id":979,"date":"2024-08-19T09:36:55","date_gmt":"2024-08-19T07:36:55","guid":{"rendered":"https:\/\/www.pepinierepierreetlili.fr\/?post_type=product&#038;p=979"},"modified":"2025-12-25T15:47:14","modified_gmt":"2025-12-25T14:47:14","slug":"pommier-dete-grand-alexandre","status":"publish","type":"product","link":"https:\/\/pepinierepierreetlili.fr\/index.php\/produit\/pommier-dete-grand-alexandre\/","title":{"rendered":"Pommier d&rsquo;\u00e9t\u00e9 GRAND ALEXANDRE"},"content":{"rendered":"<h3><span style=\"color: #ec6fb7;\"><span style=\"font-family: GeosansLight, sans-serif;\"><span style=\"font-size: xx-large;\"><b>P<\/b><\/span><\/span><\/span><span style=\"color: #ec6fb7;\"><span style=\"font-family: GeosansLight, sans-serif;\"><span style=\"font-size: xx-large;\"><b>ommier <\/b><\/span><\/span><\/span><span style=\"color: #ec6fb7;\"><span style=\"font-family: GeosansLight, sans-serif;\"><span style=\"font-size: xx-large;\"><b>Grand Alexandre<\/b><\/span><\/span><\/span><\/h3>\n<p align=\"left\"><span style=\"font-family: GeosansLight, sans-serif;\"><span style=\"font-size: large;\"><span style=\"font-family: GeosansLight, serif;\"><span style=\"font-size: medium;\">Le Pommier Grand Alexandre est une vari\u00e9t\u00e9 ancienne d\u00e9couverte dans les ann\u00e9es 1700 en Ukraine, nomm\u00e9e \u00e0 l&rsquo;origine \u00ab\u00a0Aporta\u00a0\u00bb, elle fut renom\u00e9e Grand Alexandre en l&rsquo;honneur de l&#8217;empereur Russe. On la retrouve en France depuis 1840.<\/span><\/span><\/span><\/span><\/p>\n<p align=\"left\"><span style=\"font-family: GeosansLight, sans-serif;\"><span style=\"font-size: large;\"><span style=\"font-family: GeosansLight, serif;\"><span style=\"font-size: medium;\">C\u2019est une pomme tr\u00e8s appr\u00e9ci\u00e9e notamment \u00e0 cause de sa taille, elle est de tr\u00e8s gros calibre (500 gr et plus) et c&rsquo;est une pomme d\u00e9licieuse cuite!<\/span><\/span><\/span><\/span><\/p>\n<p align=\"left\"><span style=\"font-family: GeosansLight, sans-serif;\"><span style=\"font-size: large;\"><span style=\"font-family: GeosansLight, serif;\"><span style=\"font-size: medium;\">Sa peau est \u00e9paisse, de vert clair \u00e0 jaun\u00e2tre, l\u00e9g\u00e8rement brune autour du p\u00e9doncule.<\/span><\/span><\/span><\/span><\/p>\n<p align=\"left\"><span style=\"font-family: GeosansLight, sans-serif;\"><span style=\"font-size: large;\"><span style=\"font-family: GeosansLight, serif;\"><span style=\"font-size: medium;\">Sa chair est tr\u00e8s juteuse, tr\u00e8s sucr\u00e9e avec un petit go\u00fbt acidul\u00e9<\/span><\/span><\/span><\/span><\/p>\n<p align=\"left\"><span style=\"font-family: GeosansLight, sans-serif;\"><span style=\"font-size: large;\"><span style=\"font-family: GeosansLight, serif;\"><span style=\"font-size: medium;\">Sa Floraison \u00e0 lieu vers la mi-avril, elle est autofertile (une raret\u00e9 chez les pommiers) produira davantage avec un autre pommier qui fleurit en m\u00eame temps que lui. <\/span><\/span><\/span><\/span><\/p>\n<p align=\"left\"><span style=\"font-family: GeosansLight, sans-serif;\"><span style=\"font-size: large;\"><span style=\"font-family: GeosansLight, serif;\"><span style=\"font-size: medium;\">La r\u00e9colte est tr\u00e8s pr\u00e9coce, vers d\u00e9but septembre.<\/span><\/span><\/span><\/span><\/p>\n<p align=\"left\"><span style=\"font-size: large;\"><span style=\"color: #800080;\"><span style=\"font-family: GeosansLight, serif;\"><b>Arbre produit en Agriculture Biologique, labellis\u00e9 \u00ab\u00a0AB\u00a0\u00bb avec des strat\u00e9gies d&rsquo;Agriculture de Conservation des sols, sols vivants, permaculture<\/b><\/span><\/span><\/span><\/p>\n<p align=\"left\"><span style=\"font-size: large;\"><b> <\/b><span style=\"color: #000000;\"><span style=\"font-family: GeosansLight, serif;\"><i>(voir fiche explicative \u00ab <a href=\"https:\/\/www.pepinierepierreetlili.fr\/index.php\/msv-maraichage-sur-sol-vivant-psv-pepiniere-quest-ce-que-cest\/\">C\u2019est quoi l\u2019agriculture de conservation des sols ? \u2013 PEPINIERE PIERRE ET LILI<\/a>\u00bb)<\/i><\/span><\/span><\/span><\/p>\n<p align=\"left\"><span style=\"font-size: large;\"><span style=\"font-family: GeosansLight, serif;\">Vendu Racines nues <\/span><span style=\"font-family: GeosansLight, serif;\"><i>(voir fiche explicative \u00ab<a href=\"https:\/\/www.pepinierepierreetlili.fr\/index.php\/pourquoi-les-racines-nues\/\">pourquoi les racines nues ? \u2013 PEPINIERE PIERRE ET LILI<\/a><span style=\"color: #000000;\">\u00bb)<\/span><\/i><\/span><\/span><\/p>\n<p align=\"left\"><span style=\"font-family: GeosansLight, sans-serif;\"><b>Livraison<\/b> possible dans toute la France<\/span><\/p>\n<p align=\"left\"><span style=\"font-family: GeosansLight, sans-serif;\"><span style=\"font-size: large;\"><span style=\"font-family: GeosansLight, serif;\"><span style=\"font-size: medium;\"><i>Pierre, Lili et Paolo vous remercie<\/i><\/span><\/span><span style=\"font-family: GeosansLight, serif;\"><span style=\"font-size: medium;\"><i>nt<\/i><\/span><\/span><span style=\"font-family: GeosansLight, serif;\"><span style=\"font-size: medium;\"><i>\u00a0!<\/i><\/span><\/span><\/span><\/span><\/p>\n<p>&nbsp;<\/p>\n<p>&nbsp;<\/p>\n","protected":false},"excerpt":{"rendered":"<p><span style=\"font-family: GeosansLight, sans-serif;\"><span style=\"font-size: large;\">V<\/span><\/span><span style=\"font-family: GeosansLight, sans-serif;\"><span style=\"font-size: large;\">ari\u00e9t\u00e9 ancienne Ukraine 1700<\/span><\/span><\/p>\n<p><span style=\"font-family: GeosansLight, sans-serif;\"><span style=\"font-size: large;\">Autofertile (Une Raret\u00e9 chez les pommiers)<\/span><\/span><\/p>\n<p><span style=\"font-family: GeosansLight, sans-serif;\"><span style=\"font-size: large;\">R<\/span><\/span><span style=\"font-family: GeosansLight, sans-serif;\"><span style=\"font-size: large;\">usticit\u00e9 -30\u00b0, bonne r\u00e9sistance aux maladies<\/span><\/span><\/p>\n<p><span style=\"font-family: GeosansLight, sans-serif;\"><span style=\"font-size: large;\">Calibre spectaculaire (500gr et plus)<\/span><\/span><\/p>\n<p><span style=\"font-family: GeosansLight, sans-serif;\"><span style=\"font-size: large;\">Tr\u00e8s juteuse, sucr\u00e9e, acidul\u00e9e, <\/span><\/span><span style=\"font-family: GeosansLight, sans-serif;\"><span style=\"font-size: large;\">verd\u00e2tre, croquante<\/span><\/span><\/p>\n<p><span style=\"font-family: GeosansLight, sans-serif;\"><span style=\"font-size: large;\">F<\/span><\/span><span style=\"font-family: GeosansLight, sans-serif;\"><span style=\"font-size: large;\">loraison vers mi-avril<\/span><\/span><\/p>\n<p><span style=\"font-family: GeosansLight, sans-serif;\"><span style=\"font-size: large;\">R\u00e9colte vers d\u00e9but septembre<\/span><\/span><\/p>\n<p>&nbsp;<\/p>\n<p>&nbsp;<\/p>\n","protected":false},"featured_media":2187,"template":"","meta":{"site-sidebar-layout":"default","site-content-layout":"default","ast-global-header-display":"","ast-banner-title-visibility":"","ast-main-header-display":"","ast-hfb-above-header-display":"","ast-hfb-below-header-display":"","ast-hfb-mobile-header-display":"","site-post-title":"","ast-breadcrumbs-content":"","ast-featured-img":"","footer-sml-layout":"","theme-transparent-header-meta":"default","adv-header-id-meta":"","stick-header-meta":"","header-above-stick-meta":"","header-main-stick-meta":"","header-below-stick-meta":""},"product_brand":[],"product_cat":[60,54],"product_tag":[],"class_list":{"0":"post-979","1":"product","2":"type-product","3":"status-publish","4":"has-post-thumbnail","6":"product_cat-pomme-dete","7":"product_cat-pommier","8":"desktop-align-left","9":"tablet-align-left","10":"mobile-align-left","12":"first","13":"instock","14":"featured","15":"taxable","16":"shipping-taxable","17":"purchasable","18":"product-type-variable"},"jetpack_sharing_enabled":true,"_links":{"self":[{"href":"https:\/\/pepinierepierreetlili.fr\/index.php\/wp-json\/wp\/v2\/product\/979","targetHints":{"allow":["GET"]}}],"collection":[{"href":"https:\/\/pepinierepierreetlili.fr\/index.php\/wp-json\/wp\/v2\/product"}],"about":[{"href":"https:\/\/pepinierepierreetlili.fr\/index.php\/wp-json\/wp\/v2\/types\/product"}],"wp:featuredmedia":[{"embeddable":true,"href":"https:\/\/pepinierepierreetlili.fr\/index.php\/wp-json\/wp\/v2\/media\/2187"}],"wp:attachment":[{"href":"https:\/\/pepinierepierreetlili.fr\/index.php\/wp-json\/wp\/v2\/media?parent=979"}],"wp:term":[{"taxonomy":"product_brand","embeddable":true,"href":"https:\/\/pepinierepierreetlili.fr\/index.php\/wp-json\/wp\/v2\/product_brand?post=979"},{"taxonomy":"product_cat","embeddable":true,"href":"https:\/\/pepinierepierreetlili.fr\/index.php\/wp-json\/wp\/v2\/product_cat?post=979"},{"taxonomy":"product_tag","embeddable":true,"href":"https:\/\/pepinierepierreetlili.fr\/index.php\/wp-json\/wp\/v2\/product_tag?post=979"}],"curies":[{"name":"wp","href":"https:\/\/api.w.org\/{rel}","templated":true}]}}