{"id":623,"date":"2023-09-06T09:43:30","date_gmt":"2023-09-06T07:43:30","guid":{"rendered":"https:\/\/www.pepinierepierreetlili.fr\/?post_type=product&#038;p=623"},"modified":"2025-09-08T10:03:35","modified_gmt":"2025-09-08T08:03:35","slug":"figuier-goutte-dor-2","status":"publish","type":"product","link":"https:\/\/pepinierepierreetlili.fr\/index.php\/produit\/figuier-goutte-dor-2\/","title":{"rendered":"Figuier Goutte d&rsquo;or"},"content":{"rendered":"<h3><span style=\"color: #ec6fb7;\"><span style=\"font-family: GeosansLight, sans-serif;\"><span style=\"font-size: xx-large;\"><b>Figuier Goutte d\u2019Or<\/b><\/span><\/span><\/span><\/h3>\n<p><span style=\"font-size: large;\"><span style=\"font-family: GeosansLight, sans-serif;\"><span style=\"color: #374151;\">Ce figuier Goutte d\u2019or est Fran\u00e7ais. Il est autofertile et il vous r\u00e9galera avec ses longs fruits dor\u00e9s \u00e0 la chair d\u00e9licieusement juteuse et sucr\u00e9e.<\/span><\/span><\/span><\/p>\n<p><span style=\"font-size: large;\"><span style=\"font-family: GeosansLight, sans-serif;\"><span style=\"color: #374151;\">Le figuier goutte d\u2019or est bif\u00e8re, il fructifie donc deux fois par an de fin juillet \u00e0 la mi ao\u00fbt<\/span><\/span><\/span><\/p>\n<p><span style=\"font-size: large;\"><span style=\"font-family: GeosansLight, sans-serif;\"><span style=\"color: #374151;\">Il sera parfait dans des petits jardins (culture en pot possible), car il se d\u00e9veloppe peu.<\/span><\/span><\/span><\/p>\n<p><span style=\"font-size: large;\"><span style=\"font-family: GeosansLight, sans-serif;\"><span style=\"color: #374151;\">Il aime le soleil, et il est rustique.<\/span><\/span><\/span><\/p>\n<p><span style=\"color: #374151;\"><span style=\"font-family: GeosansLight, sans-serif;\"><span style=\"font-size: large;\">Attention il est caduc (il perd toutes ses feuilles \u00e0 l\u2019automne)<\/span><\/span><\/span><span style=\"color: #4d5156;\">\u00a0<\/span><\/p>\n<p><span style=\"font-family: GeosansLight, sans-serif;\"><span style=\"font-size: large;\"><span style=\"color: #040c28;\">Le figuier ne supporte pas longtemps des temp\u00e9ratures en-dessous de -10 \u00e0 -15\u00b0<\/span><span style=\"color: #4d5156;\">, et en sol mal drain\u00e9, il est moins r\u00e9sistant.<\/span> <\/span><\/span><\/p>\n<p><span style=\"font-family: GeosansLight, sans-serif;\"><span style=\"font-size: large;\"><span style=\"color: #374151;\">Gros coup de c\u0153ur, si vous aimez les Figues, il est fait pour vous\u00a0! (c\u2019est Lili qui le dit!)<\/span><\/span><\/span><\/p>\n<p align=\"left\"><span style=\"color: #800080;\"><span style=\"font-family: GeosansLight, sans-serif;\"><span style=\"font-size: large;\"><b>Agriculture Biologique AB, <\/b><\/span><\/span><\/span><span style=\"color: #800080;\"><span style=\"font-family: GeosansLight, sans-serif;\"><span style=\"font-size: large;\"><b>Agriculture de <\/b><\/span><\/span><\/span><span style=\"color: #800080;\"><span style=\"font-family: GeosansLight, sans-serif;\"><span style=\"font-size: large;\"><b>Conservation des sols, Sol vivant, Permac<\/b><\/span><\/span><\/span><span style=\"color: #800080;\"><span style=\"font-family: GeosansLight, sans-serif;\"><span style=\"font-size: large;\"><b>ulture. <\/b><\/span><\/span><\/span><span style=\"color: #000000;\"><span style=\"font-family: GeosansLight, sans-serif;\"><span style=\"font-size: small;\"><i>(voir fiche explicative \u00ab\u00a0c\u2019est quoi l\u2019agriculture de conservation des sols\u00a0\u00bb)<\/i><\/span><\/span><\/span><\/p>\n<p align=\"left\"><span style=\"font-family: GeosansLight, sans-serif;\"><span style=\"font-size: large;\">Vendu Racine \u00e0 nues <span style=\"font-size: small;\"><i>(voir fiche explicative \u00ab\u00a0pourquoi les racines nues?)<\/i><\/span><\/span><\/span><\/p>\n<p align=\"left\"><span style=\"font-family: GeosansLight, sans-serif;\"><b>Livraison<\/b> possible dans toute la France <\/span><\/p>\n<p align=\"left\"><span style=\"font-family: GeosansLight, sans-serif;\"><span style=\"font-size: large;\"><span style=\"font-family: GeosansLight, serif;\"><span style=\"font-size: medium;\"><i>Pierre, Lili et Paolo vous remercie<\/i><\/span><\/span><span style=\"font-family: GeosansLight, serif;\"><span style=\"font-size: medium;\"><i>nt<\/i><\/span><\/span><span style=\"font-family: GeosansLight, serif;\"><span style=\"font-size: medium;\"><i>\u00a0!<\/i><\/span><\/span><\/span><\/span><\/p>\n<p>&nbsp;<\/p>\n","protected":false},"excerpt":{"rendered":"<h3><span style=\"color: #ec6fb7;\"><span style=\"font-family: GeosansLight, sans-serif;\"><span style=\"font-size: xx-large;\"><b>Figuier Goutte d\u2019Or<\/b><\/span><\/span><\/span><\/h3>\n<p><span style=\"font-size: large;\"><span style=\"font-family: GeosansLight, sans-serif;\"><span style=\"color: #374151;\">Auto fertile\u00a0 <\/span><\/span><\/span><\/p>\n<p><span style=\"font-size: large;\"><span style=\"font-family: GeosansLight, sans-serif;\"><span style=\"color: #374151;\">Chair : Juteuse et Sucr\u00e9e.<\/span><\/span><\/span><\/p>\n<p><span style=\"font-size: large;\"><span style=\"font-family: GeosansLight, sans-serif;\"><span style=\"color: #374151;\">Bif\u00e8re : <\/span><\/span><\/span><span style=\"color: #374151; font-family: GeosansLight, sans-serif; font-size: 18px; font-style: normal; font-weight: 400;\">Production deux fois par an de fin juillet \u00e0 la mi ao\u00fbt<\/span><\/p>\n<p><span style=\"font-size: large;\"><span style=\"font-family: GeosansLight, sans-serif;\"><span style=\"color: #374151;\">Rustique -15\u00b0max\u00a0<\/span><\/span><\/span><\/p>\n<p><span style=\"color: #374151; font-family: GeosansLight, sans-serif; font-size: large;\">Caduc<\/span><\/p>\n<p><span style=\"font-family: GeosansLight, sans-serif;\"><span style=\"font-size: large;\"><span style=\"color: #374151;\">Gros coup de c\u0153ur, si vous aimez les Figues, il est fait pour vous\u00a0! (c\u2019est Lili qui le dit!)<\/span><\/span><\/span><\/p>\n<p align=\"left\"><span style=\"color: #800080;\"><span style=\"font-family: GeosansLight, sans-serif;\"><span style=\"font-size: large;\"><b>Agriculture Biologique AB, <\/b><\/span><\/span><\/span><span style=\"color: #800080;\"><span style=\"font-family: GeosansLight, sans-serif;\"><span style=\"font-size: large;\"><b>Agriculture de <\/b><\/span><\/span><\/span><span style=\"color: #800080;\"><span style=\"font-family: GeosansLight, sans-serif;\"><span style=\"font-size: large;\"><b>Conservation des sols, Sol vivant, Permac<\/b><\/span><\/span><\/span><span style=\"color: #800080;\"><span style=\"font-family: GeosansLight, sans-serif;\"><span style=\"font-size: large;\"><b>ulture. <\/b><\/span><\/span><\/span><span style=\"color: #000000;\"><span style=\"font-family: GeosansLight, sans-serif;\"><span style=\"font-size: small;\"><i>(voir fiche explicative \u00ab\u00a0c\u2019est quoi l\u2019agriculture de conservation des sols\u00a0\u00bb)<\/i><\/span><\/span><\/span><\/p>\n<p align=\"left\"><span style=\"font-family: GeosansLight, sans-serif;\"><span style=\"font-size: large;\">Vendu Racine \u00e0 nues <span style=\"font-size: small;\"><i>(voir fiche explicative \u00ab\u00a0pourquoi les racines nues?)<\/i><\/span><\/span><\/span><\/p>\n<p align=\"left\"><span style=\"font-family: GeosansLight, sans-serif;\"><b>Livraison<\/b> possible dans toute la France <\/span><\/p>\n<p align=\"left\"><span style=\"font-family: GeosansLight, sans-serif;\"><span style=\"font-size: large;\"><span style=\"font-family: GeosansLight, serif;\"><span style=\"font-size: medium;\"><i>Pierre, Lili et Paolo vous remercie<\/i><\/span><\/span><span style=\"font-family: GeosansLight, serif;\"><span style=\"font-size: medium;\"><i>nt<\/i><\/span><\/span><span style=\"font-family: GeosansLight, serif;\"><span style=\"font-size: medium;\"><i>\u00a0!<\/i><\/span><\/span><\/span><\/span><\/p>\n<p>&nbsp;<\/p>\n","protected":false},"featured_media":630,"template":"","meta":{"site-sidebar-layout":"default","site-content-layout":"default","ast-global-header-display":"","ast-banner-title-visibility":"","ast-main-header-display":"","ast-hfb-above-header-display":"","ast-hfb-below-header-display":"","ast-hfb-mobile-header-display":"","site-post-title":"","ast-breadcrumbs-content":"","ast-featured-img":"","footer-sml-layout":"","theme-transparent-header-meta":"default","adv-header-id-meta":"","stick-header-meta":"","header-above-stick-meta":"","header-main-stick-meta":"","header-below-stick-meta":""},"product_brand":[],"product_cat":[96,50],"product_tag":[],"class_list":{"0":"post-623","1":"product","2":"type-product","3":"status-publish","4":"has-post-thumbnail","6":"product_cat-bifere","7":"product_cat-figuier","8":"desktop-align-left","9":"tablet-align-left","10":"mobile-align-left","12":"first","13":"outofstock","14":"featured","15":"taxable","16":"shipping-taxable","17":"purchasable","18":"product-type-simple"},"jetpack_sharing_enabled":true,"_links":{"self":[{"href":"https:\/\/pepinierepierreetlili.fr\/index.php\/wp-json\/wp\/v2\/product\/623","targetHints":{"allow":["GET"]}}],"collection":[{"href":"https:\/\/pepinierepierreetlili.fr\/index.php\/wp-json\/wp\/v2\/product"}],"about":[{"href":"https:\/\/pepinierepierreetlili.fr\/index.php\/wp-json\/wp\/v2\/types\/product"}],"wp:featuredmedia":[{"embeddable":true,"href":"https:\/\/pepinierepierreetlili.fr\/index.php\/wp-json\/wp\/v2\/media\/630"}],"wp:attachment":[{"href":"https:\/\/pepinierepierreetlili.fr\/index.php\/wp-json\/wp\/v2\/media?parent=623"}],"wp:term":[{"taxonomy":"product_brand","embeddable":true,"href":"https:\/\/pepinierepierreetlili.fr\/index.php\/wp-json\/wp\/v2\/product_brand?post=623"},{"taxonomy":"product_cat","embeddable":true,"href":"https:\/\/pepinierepierreetlili.fr\/index.php\/wp-json\/wp\/v2\/product_cat?post=623"},{"taxonomy":"product_tag","embeddable":true,"href":"https:\/\/pepinierepierreetlili.fr\/index.php\/wp-json\/wp\/v2\/product_tag?post=623"}],"curies":[{"name":"wp","href":"https:\/\/api.w.org\/{rel}","templated":true}]}}