{"id":3067,"date":"2025-10-04T17:16:13","date_gmt":"2025-10-04T15:16:13","guid":{"rendered":"https:\/\/www.pepinierepierreetlili.fr\/?post_type=product&#038;p=3067"},"modified":"2025-12-25T15:14:32","modified_gmt":"2025-12-25T14:14:32","slug":"cognassier-geant-de-vranja","status":"publish","type":"product","link":"https:\/\/pepinierepierreetlili.fr\/index.php\/produit\/cognassier-geant-de-vranja\/","title":{"rendered":"Cognassier GEANT DE VRANJA"},"content":{"rendered":"<p>Le cognassier \u2018G\u00e9ant de Vranja\u2019 est une vari\u00e9t\u00e9 ancienne et g\u00e9n\u00e9reuse, pris\u00e9e pour la taille impressionnante de ses fruits et sa rusticit\u00e9 exceptionnelle. Cet arbre fruitier s\u2019adapte parfaitement aux vergers familiaux, aux jardins spacieux ou aux collectionneurs de vari\u00e9t\u00e9s anciennes.<\/p>\n<p>Le Cognassier G\u00e9ant de Vranja produit des coings de grande taille, \u00e0 la chair ferme et parfum\u00e9e, id\u00e9als pour les gel\u00e9es, compotes ou tartes. Les fruits se r\u00e9coltent \u00e0 l\u2019automne et offrent un excellent potentiel de conservation.<\/p>\n<p>Dans notre p\u00e9pini\u00e8re, le cognassier est cultiv\u00e9 sans travail du sol et selon des m\u00e9thodes biologiques, garantissant des arbres robustes, r\u00e9sistants aux maladies et adapt\u00e9s \u00e0 diff\u00e9rents climats. Cette approche favorise \u00e9galement un enracinement profond et une meilleure assimilation des nutriments.<\/p>\n<p>\ud83c\udf31 Donn\u00e9es techniques<\/p>\n<p>Vigueur : vigoureuse<br \/>\nPort : \u00e9tal\u00e9 et arrondi<br \/>\nMise \u00e0 fruit : moyenne, 3\u20114 ans apr\u00e8s plantation<br \/>\nProduction : r\u00e9guli\u00e8re et g\u00e9n\u00e9reuse<br \/>\nP\u00e9riode de floraison : printemps<br \/>\nPollinisation : autofertile mais meilleurs rendements avec d\u2019autres cognassiers \u00e0 proximit\u00e9<br \/>\nP\u00e9riode de r\u00e9colte : automne (septembre \u00e0 octobre selon r\u00e9gion)<br \/>\nUtilisation des fruits : gel\u00e9es, compotes, tartes, p\u00e2tisseries<br \/>\nAdaptation climatique : excellente, convient aux climats temp\u00e9r\u00e9s<br \/>\nMode de culture : agriculture biologique, sans travail du sol<br \/>\nParticularit\u00e9 : fruits tr\u00e8s gros, chair parfum\u00e9e et ferme<\/p>\n","protected":false},"excerpt":{"rendered":"<p>Le cognassier \u2018G\u00e9ant de Vranja\u2019 est une vari\u00e9t\u00e9 ancienne et g\u00e9n\u00e9reuse, pris\u00e9e pour la taille impressionnante de ses fruits et sa rusticit\u00e9 exceptionnelle. Cet arbre fruitier s\u2019adapte parfaitement aux vergers familiaux, aux jardins spacieux ou aux collectionneurs de vari\u00e9t\u00e9s anciennes.<\/p>\n<p>Le Cognassier G\u00e9ant de Vranja produit des coings de grande taille, \u00e0 la chair ferme et parfum\u00e9e, id\u00e9als pour les gel\u00e9es, compotes ou tartes. Les fruits se r\u00e9coltent \u00e0 l\u2019automne et offrent un excellent potentiel de conservation.<\/p>\n<p>Dans notre p\u00e9pini\u00e8re, le cognassier est cultiv\u00e9 sans travail du sol et selon des m\u00e9thodes biologiques, garantissant des arbres robustes, r\u00e9sistants aux maladies et adapt\u00e9s \u00e0 diff\u00e9rents climats. Cette approche favorise \u00e9galement un enracinement profond et une meilleure assimilation des nutriments.<\/p>\n<p>\ud83c\udf31 Donn\u00e9es techniques<br \/>\nVigueur : vigoureuse<br \/>\nPort : \u00e9tal\u00e9 et arrondi<br \/>\nMise \u00e0 fruit : moyenne, 3\u20114 ans apr\u00e8s plantation<br \/>\nProduction : r\u00e9guli\u00e8re et g\u00e9n\u00e9reuse<br \/>\nP\u00e9riode de floraison : printemps<br \/>\nPollinisation : autofertile mais meilleurs rendements avec d\u2019autres cognassiers \u00e0 proximit\u00e9<br \/>\nP\u00e9riode de r\u00e9colte : automne (septembre \u00e0 octobre selon r\u00e9gion)<br \/>\nUtilisation des fruits : gel\u00e9es, compotes, tartes, p\u00e2tisseries<br \/>\nAdaptation climatique : excellente, convient aux climats temp\u00e9r\u00e9s<br \/>\nMode de culture : agriculture biologique, sans travail du sol<br \/>\nParticularit\u00e9 : fruits tr\u00e8s gros, chair parfum\u00e9e et ferme<\/p>\n","protected":false},"featured_media":0,"template":"","meta":{"site-sidebar-layout":"default","site-content-layout":"default","ast-global-header-display":"","ast-banner-title-visibility":"","ast-main-header-display":"","ast-hfb-above-header-display":"","ast-hfb-below-header-display":"","ast-hfb-mobile-header-display":"","site-post-title":"","ast-breadcrumbs-content":"","ast-featured-img":"","footer-sml-layout":"","theme-transparent-header-meta":"default","adv-header-id-meta":"","stick-header-meta":"","header-above-stick-meta":"","header-main-stick-meta":"","header-below-stick-meta":""},"product_brand":[],"product_cat":[115,91],"product_tag":[],"class_list":{"0":"post-3067","1":"product","2":"type-product","3":"status-publish","5":"product_cat-cognassier","6":"product_cat-scions-fruits-a-pepins","7":"desktop-align-left","8":"tablet-align-left","9":"mobile-align-left","11":"first","12":"outofstock","13":"featured","14":"taxable","15":"shipping-taxable","16":"purchasable","17":"product-type-variable"},"jetpack_sharing_enabled":true,"_links":{"self":[{"href":"https:\/\/pepinierepierreetlili.fr\/index.php\/wp-json\/wp\/v2\/product\/3067","targetHints":{"allow":["GET"]}}],"collection":[{"href":"https:\/\/pepinierepierreetlili.fr\/index.php\/wp-json\/wp\/v2\/product"}],"about":[{"href":"https:\/\/pepinierepierreetlili.fr\/index.php\/wp-json\/wp\/v2\/types\/product"}],"wp:attachment":[{"href":"https:\/\/pepinierepierreetlili.fr\/index.php\/wp-json\/wp\/v2\/media?parent=3067"}],"wp:term":[{"taxonomy":"product_brand","embeddable":true,"href":"https:\/\/pepinierepierreetlili.fr\/index.php\/wp-json\/wp\/v2\/product_brand?post=3067"},{"taxonomy":"product_cat","embeddable":true,"href":"https:\/\/pepinierepierreetlili.fr\/index.php\/wp-json\/wp\/v2\/product_cat?post=3067"},{"taxonomy":"product_tag","embeddable":true,"href":"https:\/\/pepinierepierreetlili.fr\/index.php\/wp-json\/wp\/v2\/product_tag?post=3067"}],"curies":[{"name":"wp","href":"https:\/\/api.w.org\/{rel}","templated":true}]}}