{"id":3050,"date":"2025-10-04T17:00:51","date_gmt":"2025-10-04T15:00:51","guid":{"rendered":"https:\/\/www.pepinierepierreetlili.fr\/?post_type=product&#038;p=3050"},"modified":"2025-12-15T16:44:38","modified_gmt":"2025-12-15T15:44:38","slug":"pommier-braeburn","status":"publish","type":"product","link":"https:\/\/pepinierepierreetlili.fr\/index.php\/produit\/pommier-braeburn\/","title":{"rendered":"Pommier BRAEBURN"},"content":{"rendered":"<p>Fiche en cours de cr\u00e9ation<br \/>\nProduit disponible \u00e0 la vente<\/p>\n","protected":false},"excerpt":{"rendered":"<p>Pommier Braeburn \u2013 Vari\u00e9t\u00e9 productive, croquante et tr\u00e8s aromatique<\/p>\n<p>Le pommier Braeburn est une vari\u00e9t\u00e9 r\u00e9put\u00e9e pour sa chair ferme, croquante et tr\u00e8s parfum\u00e9e, id\u00e9ale pour la d\u00e9gustation fra\u00eeche comme pour la cuisine. Productif, r\u00e9gulier et naturellement vigoureux, il s\u2019adapte tr\u00e8s bien aux sols vivants, aux jardins familiaux comme aux vergers diversifi\u00e9s.<\/p>\n<p>Greff\u00e9s sur porte-greffes adapt\u00e9s \u00e0 notre terroir et cultiv\u00e9s sans travail du sol, nos Braeburn d\u00e9veloppent un syst\u00e8me racinaire puissant, garantissant une excellente reprise, une belle r\u00e9sistance \u00e0 la s\u00e9cheresse, et une fructification fiable d\u2019ann\u00e9e en ann\u00e9e.<\/p>\n","protected":false},"featured_media":0,"template":"","meta":{"site-sidebar-layout":"default","site-content-layout":"default","ast-global-header-display":"","ast-banner-title-visibility":"","ast-main-header-display":"","ast-hfb-above-header-display":"","ast-hfb-below-header-display":"","ast-hfb-mobile-header-display":"","site-post-title":"","ast-breadcrumbs-content":"","ast-featured-img":"","footer-sml-layout":"","theme-transparent-header-meta":"default","adv-header-id-meta":"","stick-header-meta":"","header-above-stick-meta":"","header-main-stick-meta":"","header-below-stick-meta":""},"product_brand":[],"product_cat":[54],"product_tag":[],"class_list":{"0":"post-3050","1":"product","2":"type-product","3":"status-publish","5":"product_cat-pommier","6":"desktop-align-left","7":"tablet-align-left","8":"mobile-align-left","10":"first","11":"outofstock","12":"featured","13":"taxable","14":"shipping-taxable","15":"purchasable","16":"product-type-variable","17":"has-default-attributes"},"jetpack_sharing_enabled":true,"_links":{"self":[{"href":"https:\/\/pepinierepierreetlili.fr\/index.php\/wp-json\/wp\/v2\/product\/3050","targetHints":{"allow":["GET"]}}],"collection":[{"href":"https:\/\/pepinierepierreetlili.fr\/index.php\/wp-json\/wp\/v2\/product"}],"about":[{"href":"https:\/\/pepinierepierreetlili.fr\/index.php\/wp-json\/wp\/v2\/types\/product"}],"wp:attachment":[{"href":"https:\/\/pepinierepierreetlili.fr\/index.php\/wp-json\/wp\/v2\/media?parent=3050"}],"wp:term":[{"taxonomy":"product_brand","embeddable":true,"href":"https:\/\/pepinierepierreetlili.fr\/index.php\/wp-json\/wp\/v2\/product_brand?post=3050"},{"taxonomy":"product_cat","embeddable":true,"href":"https:\/\/pepinierepierreetlili.fr\/index.php\/wp-json\/wp\/v2\/product_cat?post=3050"},{"taxonomy":"product_tag","embeddable":true,"href":"https:\/\/pepinierepierreetlili.fr\/index.php\/wp-json\/wp\/v2\/product_tag?post=3050"}],"curies":[{"name":"wp","href":"https:\/\/api.w.org\/{rel}","templated":true}]}}