{"id":3045,"date":"2025-10-04T17:00:11","date_gmt":"2025-10-04T15:00:11","guid":{"rendered":"https:\/\/www.pepinierepierreetlili.fr\/?post_type=product&#038;p=3045"},"modified":"2025-12-15T16:44:38","modified_gmt":"2025-12-15T15:44:38","slug":"pommier-laurette","status":"publish","type":"product","link":"https:\/\/pepinierepierreetlili.fr\/index.php\/produit\/pommier-laurette\/","title":{"rendered":"Pommier LAURETTE"},"content":{"rendered":"<p>Pommier Laurette \u2013 Vari\u00e9t\u00e9 ancienne, r\u00e9sistante et parfaitement adapt\u00e9e aux climats chauds<\/p>\n<p>Le pommier Laurette est une vari\u00e9t\u00e9 ancienne du Sud, tr\u00e8s appr\u00e9ci\u00e9e pour sa tol\u00e9rance \u00e0 la chaleur, son excellent comportement en sols vivants et sa production r\u00e9guli\u00e8re. Ses fruits jaunes ponctu\u00e9s de rose offrent une chair fine, sucr\u00e9e et aromatique, id\u00e9ale en consommation fra\u00eeche comme en jus.<\/p>\n<p>Peu sensible aux maladies, le Laurette est un pommier r\u00e9silient, parfaitement adapt\u00e9 aux vergers agro\u00e9cologiques, aux zones m\u00e9diterran\u00e9ennes et aux jardins ayant des \u00e9t\u00e9s secs. Greff\u00e9s sur porte-greffes s\u00e9lectionn\u00e9s et cultiv\u00e9s sans travail du sol, nos arbres assurent une reprise vigoureuse et un d\u00e9veloppement harmonieux.<\/p>\n","protected":false},"excerpt":{"rendered":"<p>Pommier Laurette \u2013 Vari\u00e9t\u00e9 ancienne, r\u00e9sistante et parfaitement adapt\u00e9e aux climats chauds<\/p>\n<p>Le pommier Laurette est une vari\u00e9t\u00e9 ancienne du Sud, tr\u00e8s appr\u00e9ci\u00e9e pour sa tol\u00e9rance \u00e0 la chaleur, son excellent comportement en sols vivants et sa production r\u00e9guli\u00e8re. Ses fruits jaunes ponctu\u00e9s de rose offrent une chair fine, sucr\u00e9e et aromatique, id\u00e9ale en consommation fra\u00eeche comme en jus.<\/p>\n<p>Peu sensible aux maladies, le Laurette est un pommier r\u00e9silient, parfaitement adapt\u00e9 aux vergers agro\u00e9cologiques, aux zones m\u00e9diterran\u00e9ennes et aux jardins ayant des \u00e9t\u00e9s secs. Greff\u00e9s sur porte-greffes s\u00e9lectionn\u00e9s et cultiv\u00e9s sans travail du sol, nos arbres assurent une reprise vigoureuse et un d\u00e9veloppement harmonieux.<\/p>\n","protected":false},"featured_media":0,"template":"","meta":{"site-sidebar-layout":"default","site-content-layout":"default","ast-global-header-display":"","ast-banner-title-visibility":"","ast-main-header-display":"","ast-hfb-above-header-display":"","ast-hfb-below-header-display":"","ast-hfb-mobile-header-display":"","site-post-title":"","ast-breadcrumbs-content":"","ast-featured-img":"","footer-sml-layout":"","theme-transparent-header-meta":"default","adv-header-id-meta":"","stick-header-meta":"","header-above-stick-meta":"","header-main-stick-meta":"","header-below-stick-meta":""},"product_brand":[],"product_cat":[54],"product_tag":[],"class_list":{"0":"post-3045","1":"product","2":"type-product","3":"status-publish","5":"product_cat-pommier","6":"desktop-align-left","7":"tablet-align-left","8":"mobile-align-left","10":"first","11":"outofstock","12":"featured","13":"taxable","14":"shipping-taxable","15":"purchasable","16":"product-type-variable"},"jetpack_sharing_enabled":true,"_links":{"self":[{"href":"https:\/\/pepinierepierreetlili.fr\/index.php\/wp-json\/wp\/v2\/product\/3045","targetHints":{"allow":["GET"]}}],"collection":[{"href":"https:\/\/pepinierepierreetlili.fr\/index.php\/wp-json\/wp\/v2\/product"}],"about":[{"href":"https:\/\/pepinierepierreetlili.fr\/index.php\/wp-json\/wp\/v2\/types\/product"}],"wp:attachment":[{"href":"https:\/\/pepinierepierreetlili.fr\/index.php\/wp-json\/wp\/v2\/media?parent=3045"}],"wp:term":[{"taxonomy":"product_brand","embeddable":true,"href":"https:\/\/pepinierepierreetlili.fr\/index.php\/wp-json\/wp\/v2\/product_brand?post=3045"},{"taxonomy":"product_cat","embeddable":true,"href":"https:\/\/pepinierepierreetlili.fr\/index.php\/wp-json\/wp\/v2\/product_cat?post=3045"},{"taxonomy":"product_tag","embeddable":true,"href":"https:\/\/pepinierepierreetlili.fr\/index.php\/wp-json\/wp\/v2\/product_tag?post=3045"}],"curies":[{"name":"wp","href":"https:\/\/api.w.org\/{rel}","templated":true}]}}