{"id":3040,"date":"2025-10-04T16:59:23","date_gmt":"2025-10-04T14:59:23","guid":{"rendered":"https:\/\/www.pepinierepierreetlili.fr\/?post_type=product&#038;p=3040"},"modified":"2025-12-15T16:44:38","modified_gmt":"2025-12-15T15:44:38","slug":"pommier-luche","status":"publish","type":"product","link":"https:\/\/pepinierepierreetlili.fr\/index.php\/produit\/pommier-luche\/","title":{"rendered":"Pommier LUCHE"},"content":{"rendered":"<p>Pommier Luche \u2013 Vari\u00e9t\u00e9 ancienne rare, rustique et parfaitement adapt\u00e9e aux vergers naturels<\/p>\n<p>Le pommier Luche est une vari\u00e9t\u00e9 ancienne et confidentielle, reconnue pour sa grande rusticit\u00e9, son excellent comportement en sols vivants et sa capacit\u00e9 \u00e0 produire r\u00e9guli\u00e8rement m\u00eame en conditions s\u00e8ches ou pauvres. Ses fruits jaunes l\u00e9g\u00e8rement ros\u00e9s offrent une chair fine, douce et tr\u00e8s aromatique, id\u00e9ale \u00e0 croquer et parfaite pour les compotes maison.<\/p>\n<p>Arbre robuste, peu sensible aux maladies, le Luche est parfaitement adapt\u00e9 aux vergers agro\u00e9cologiques, aux climats contrast\u00e9s et aux jardiniers recherchant une vari\u00e9t\u00e9 fiable, locale et r\u00e9siliente. Cultiv\u00e9s sur porte-greffes s\u00e9lectionn\u00e9s, nos scions garantissent une reprise s\u00fbre et une croissance harmonieuse.<\/p>\n","protected":false},"excerpt":{"rendered":"<p>Pommier Luche \u2013 Vari\u00e9t\u00e9 ancienne rare, rustique et parfaitement adapt\u00e9e aux vergers naturels<\/p>\n<p>Le pommier Luche est une vari\u00e9t\u00e9 ancienne et confidentielle, reconnue pour sa grande rusticit\u00e9, son excellent comportement en sols vivants et sa capacit\u00e9 \u00e0 produire r\u00e9guli\u00e8rement m\u00eame en conditions s\u00e8ches ou pauvres. Ses fruits jaunes l\u00e9g\u00e8rement ros\u00e9s offrent une chair fine, douce et tr\u00e8s aromatique, id\u00e9ale \u00e0 croquer et parfaite pour les compotes maison.<\/p>\n<p>Arbre robuste, peu sensible aux maladies, le Luche est parfaitement adapt\u00e9 aux vergers agro\u00e9cologiques, aux climats contrast\u00e9s et aux jardiniers recherchant une vari\u00e9t\u00e9 fiable, locale et r\u00e9siliente. Cultiv\u00e9s sur porte-greffes s\u00e9lectionn\u00e9s, nos scions garantissent une reprise s\u00fbre et une croissance harmonieuse.<\/p>\n","protected":false},"featured_media":0,"template":"","meta":{"site-sidebar-layout":"default","site-content-layout":"default","ast-global-header-display":"","ast-banner-title-visibility":"","ast-main-header-display":"","ast-hfb-above-header-display":"","ast-hfb-below-header-display":"","ast-hfb-mobile-header-display":"","site-post-title":"","ast-breadcrumbs-content":"","ast-featured-img":"","footer-sml-layout":"","theme-transparent-header-meta":"default","adv-header-id-meta":"","stick-header-meta":"","header-above-stick-meta":"","header-main-stick-meta":"","header-below-stick-meta":""},"product_brand":[],"product_cat":[54],"product_tag":[],"class_list":{"0":"post-3040","1":"product","2":"type-product","3":"status-publish","5":"product_cat-pommier","6":"desktop-align-left","7":"tablet-align-left","8":"mobile-align-left","10":"first","11":"outofstock","12":"featured","13":"taxable","14":"shipping-taxable","15":"purchasable","16":"product-type-variable"},"jetpack_sharing_enabled":true,"_links":{"self":[{"href":"https:\/\/pepinierepierreetlili.fr\/index.php\/wp-json\/wp\/v2\/product\/3040","targetHints":{"allow":["GET"]}}],"collection":[{"href":"https:\/\/pepinierepierreetlili.fr\/index.php\/wp-json\/wp\/v2\/product"}],"about":[{"href":"https:\/\/pepinierepierreetlili.fr\/index.php\/wp-json\/wp\/v2\/types\/product"}],"wp:attachment":[{"href":"https:\/\/pepinierepierreetlili.fr\/index.php\/wp-json\/wp\/v2\/media?parent=3040"}],"wp:term":[{"taxonomy":"product_brand","embeddable":true,"href":"https:\/\/pepinierepierreetlili.fr\/index.php\/wp-json\/wp\/v2\/product_brand?post=3040"},{"taxonomy":"product_cat","embeddable":true,"href":"https:\/\/pepinierepierreetlili.fr\/index.php\/wp-json\/wp\/v2\/product_cat?post=3040"},{"taxonomy":"product_tag","embeddable":true,"href":"https:\/\/pepinierepierreetlili.fr\/index.php\/wp-json\/wp\/v2\/product_tag?post=3040"}],"curies":[{"name":"wp","href":"https:\/\/api.w.org\/{rel}","templated":true}]}}