{"id":3030,"date":"2025-10-04T16:57:30","date_gmt":"2025-10-04T14:57:30","guid":{"rendered":"https:\/\/www.pepinierepierreetlili.fr\/?post_type=product&#038;p=3030"},"modified":"2025-12-15T16:44:39","modified_gmt":"2025-12-15T15:44:39","slug":"pommier-patte-de-loup","status":"publish","type":"product","link":"https:\/\/pepinierepierreetlili.fr\/index.php\/produit\/pommier-patte-de-loup\/","title":{"rendered":"Pommier PATTE DE LOUP"},"content":{"rendered":"<p>Pommier Patte de Loup \u2013 Vari\u00e9t\u00e9 ancienne, savoureuse et naturellement prot\u00e9g\u00e9e<\/p>\n<p>Le pommier Patte de Loup est une vari\u00e9t\u00e9 ancienne embl\u00e9matique, reconnaissable \u00e0 sa marque naturelle en forme de griffure sur l\u2019\u00e9piderme du fruit. Ses pommes, \u00e0 la chair fine, douce et tr\u00e8s parfum\u00e9e, sont excellentes \u00e0 croquer et parfaites en p\u00e2tisserie. Rustique, r\u00e9guli\u00e8re et peu sensible aux maladies, c\u2019est une vari\u00e9t\u00e9 id\u00e9ale pour les vergers naturels et les jardins familiaux.<\/p>\n<p>Tr\u00e8s bien adapt\u00e9e aux syst\u00e8mes en sols vivants, la Patte de Loup produit g\u00e9n\u00e9reusement et supporte bien les climats contrast\u00e9s. Cultiv\u00e9s sur des porte-greffes s\u00e9lectionn\u00e9s, nos scions assurent une reprise vigoureuse et une croissance harmonieuse, y compris en conditions s\u00e8ches.<\/p>\n","protected":false},"excerpt":{"rendered":"<p>Pommier Patte de Loup \u2013 Vari\u00e9t\u00e9 ancienne, savoureuse et naturellement prot\u00e9g\u00e9e<\/p>\n<p>Le pommier Patte de Loup est une vari\u00e9t\u00e9 ancienne embl\u00e9matique, reconnaissable \u00e0 sa marque naturelle en forme de griffure sur l\u2019\u00e9piderme du fruit. Ses pommes, \u00e0 la chair fine, douce et tr\u00e8s parfum\u00e9e, sont excellentes \u00e0 croquer et parfaites en p\u00e2tisserie. Rustique, r\u00e9guli\u00e8re et peu sensible aux maladies, c\u2019est une vari\u00e9t\u00e9 id\u00e9ale pour les vergers naturels et les jardins familiaux.<\/p>\n<p>Tr\u00e8s bien adapt\u00e9e aux syst\u00e8mes en sols vivants, la Patte de Loup produit g\u00e9n\u00e9reusement et supporte bien les climats contrast\u00e9s. Cultiv\u00e9s sur des porte-greffes s\u00e9lectionn\u00e9s, nos scions assurent une reprise vigoureuse et une croissance harmonieuse, y compris en conditions s\u00e8ches.<\/p>\n","protected":false},"featured_media":0,"template":"","meta":{"site-sidebar-layout":"default","site-content-layout":"default","ast-global-header-display":"","ast-banner-title-visibility":"","ast-main-header-display":"","ast-hfb-above-header-display":"","ast-hfb-below-header-display":"","ast-hfb-mobile-header-display":"","site-post-title":"","ast-breadcrumbs-content":"","ast-featured-img":"","footer-sml-layout":"","theme-transparent-header-meta":"default","adv-header-id-meta":"","stick-header-meta":"","header-above-stick-meta":"","header-main-stick-meta":"","header-below-stick-meta":""},"product_brand":[],"product_cat":[54],"product_tag":[],"class_list":{"0":"post-3030","1":"product","2":"type-product","3":"status-publish","5":"product_cat-pommier","6":"desktop-align-left","7":"tablet-align-left","8":"mobile-align-left","10":"first","11":"outofstock","12":"featured","13":"taxable","14":"shipping-taxable","15":"purchasable","16":"product-type-variable"},"jetpack_sharing_enabled":true,"_links":{"self":[{"href":"https:\/\/pepinierepierreetlili.fr\/index.php\/wp-json\/wp\/v2\/product\/3030","targetHints":{"allow":["GET"]}}],"collection":[{"href":"https:\/\/pepinierepierreetlili.fr\/index.php\/wp-json\/wp\/v2\/product"}],"about":[{"href":"https:\/\/pepinierepierreetlili.fr\/index.php\/wp-json\/wp\/v2\/types\/product"}],"wp:attachment":[{"href":"https:\/\/pepinierepierreetlili.fr\/index.php\/wp-json\/wp\/v2\/media?parent=3030"}],"wp:term":[{"taxonomy":"product_brand","embeddable":true,"href":"https:\/\/pepinierepierreetlili.fr\/index.php\/wp-json\/wp\/v2\/product_brand?post=3030"},{"taxonomy":"product_cat","embeddable":true,"href":"https:\/\/pepinierepierreetlili.fr\/index.php\/wp-json\/wp\/v2\/product_cat?post=3030"},{"taxonomy":"product_tag","embeddable":true,"href":"https:\/\/pepinierepierreetlili.fr\/index.php\/wp-json\/wp\/v2\/product_tag?post=3030"}],"curies":[{"name":"wp","href":"https:\/\/api.w.org\/{rel}","templated":true}]}}