{"id":3015,"date":"2025-10-04T16:54:07","date_gmt":"2025-10-04T14:54:07","guid":{"rendered":"https:\/\/www.pepinierepierreetlili.fr\/?post_type=product&#038;p=3015"},"modified":"2025-12-15T16:44:39","modified_gmt":"2025-12-15T15:44:39","slug":"pommier-draps-dor","status":"publish","type":"product","link":"https:\/\/pepinierepierreetlili.fr\/index.php\/produit\/pommier-draps-dor\/","title":{"rendered":"Pommier DRAPS D&rsquo;OR"},"content":{"rendered":"<p>Pommier Drap d\u2019Or \u2013 Vari\u00e9t\u00e9 ancienne lumineuse, sucr\u00e9e et tr\u00e8s parfum\u00e9e<\/p>\n<p>Le pommier Drap d\u2019Or est une vari\u00e9t\u00e9 ancienne rare, facilement reconnaissable \u00e0 ses fruits jaune dor\u00e9, parfois l\u00e9g\u00e8rement brod\u00e9s de rose au soleil. Sa chair fine, douce, sucr\u00e9e et tr\u00e8s aromatique, en fait une pomme de d\u00e9gustation exceptionnelle, id\u00e9ale aussi en p\u00e2tisserie l\u00e9g\u00e8re.<\/p>\n<p>Rustique, vigoureux et fiable, le Drap d\u2019Or montre une tr\u00e8s bonne adaptation aux sols vivants, une r\u00e9gularit\u00e9 de production et une excellente tenue en climat chaud. C\u2019est une vari\u00e9t\u00e9 patrimoniale parfaite pour les vergers naturels, les collections de vari\u00e9t\u00e9s anciennes et les jardiniers recherchant une pomme \u00e9l\u00e9gante et raffin\u00e9e. Nos scions, greff\u00e9s sur porte-greffes s\u00e9lectionn\u00e9s, garantissent une reprise vigoureuse et une croissance saine.<\/p>\n","protected":false},"excerpt":{"rendered":"<p>Pommier Drap d\u2019Or \u2013 Vari\u00e9t\u00e9 ancienne lumineuse, sucr\u00e9e et tr\u00e8s parfum\u00e9e<\/p>\n<p>Le pommier Drap d\u2019Or est une vari\u00e9t\u00e9 ancienne rare, facilement reconnaissable \u00e0 ses fruits jaune dor\u00e9, parfois l\u00e9g\u00e8rement brod\u00e9s de rose au soleil. Sa chair fine, douce, sucr\u00e9e et tr\u00e8s aromatique, en fait une pomme de d\u00e9gustation exceptionnelle, id\u00e9ale aussi en p\u00e2tisserie l\u00e9g\u00e8re.<\/p>\n<p>Rustique, vigoureux et fiable, le Drap d\u2019Or montre une tr\u00e8s bonne adaptation aux sols vivants, une r\u00e9gularit\u00e9 de production et une excellente tenue en climat chaud. C\u2019est une vari\u00e9t\u00e9 patrimoniale parfaite pour les vergers naturels, les collections de vari\u00e9t\u00e9s anciennes et les jardiniers recherchant une pomme \u00e9l\u00e9gante et raffin\u00e9e. Nos scions, greff\u00e9s sur porte-greffes s\u00e9lectionn\u00e9s, garantissent une reprise vigoureuse et une croissance saine.<\/p>\n","protected":false},"featured_media":0,"template":"","meta":{"site-sidebar-layout":"default","site-content-layout":"default","ast-global-header-display":"","ast-banner-title-visibility":"","ast-main-header-display":"","ast-hfb-above-header-display":"","ast-hfb-below-header-display":"","ast-hfb-mobile-header-display":"","site-post-title":"","ast-breadcrumbs-content":"","ast-featured-img":"","footer-sml-layout":"","theme-transparent-header-meta":"default","adv-header-id-meta":"","stick-header-meta":"","header-above-stick-meta":"","header-main-stick-meta":"","header-below-stick-meta":""},"product_brand":[],"product_cat":[54],"product_tag":[],"class_list":{"0":"post-3015","1":"product","2":"type-product","3":"status-publish","5":"product_cat-pommier","6":"desktop-align-left","7":"tablet-align-left","8":"mobile-align-left","10":"first","11":"instock","12":"featured","13":"taxable","14":"shipping-taxable","15":"purchasable","16":"product-type-variable"},"jetpack_sharing_enabled":true,"_links":{"self":[{"href":"https:\/\/pepinierepierreetlili.fr\/index.php\/wp-json\/wp\/v2\/product\/3015","targetHints":{"allow":["GET"]}}],"collection":[{"href":"https:\/\/pepinierepierreetlili.fr\/index.php\/wp-json\/wp\/v2\/product"}],"about":[{"href":"https:\/\/pepinierepierreetlili.fr\/index.php\/wp-json\/wp\/v2\/types\/product"}],"wp:attachment":[{"href":"https:\/\/pepinierepierreetlili.fr\/index.php\/wp-json\/wp\/v2\/media?parent=3015"}],"wp:term":[{"taxonomy":"product_brand","embeddable":true,"href":"https:\/\/pepinierepierreetlili.fr\/index.php\/wp-json\/wp\/v2\/product_brand?post=3015"},{"taxonomy":"product_cat","embeddable":true,"href":"https:\/\/pepinierepierreetlili.fr\/index.php\/wp-json\/wp\/v2\/product_cat?post=3015"},{"taxonomy":"product_tag","embeddable":true,"href":"https:\/\/pepinierepierreetlili.fr\/index.php\/wp-json\/wp\/v2\/product_tag?post=3015"}],"curies":[{"name":"wp","href":"https:\/\/api.w.org\/{rel}","templated":true}]}}