{"id":3010,"date":"2025-10-04T16:51:57","date_gmt":"2025-10-04T14:51:57","guid":{"rendered":"https:\/\/www.pepinierepierreetlili.fr\/?post_type=product&#038;p=3010"},"modified":"2025-12-23T13:58:24","modified_gmt":"2025-12-23T12:58:24","slug":"pommier-melrose","status":"publish","type":"product","link":"https:\/\/pepinierepierreetlili.fr\/index.php\/produit\/pommier-melrose\/","title":{"rendered":"Pommier MELROSE"},"content":{"rendered":"<p>Pommier Melrose \u2013 Vari\u00e9t\u00e9 am\u00e9ricaine rustique, parfum\u00e9e et excellente en conservation<\/p>\n<p>Le pommier Melrose est une vari\u00e9t\u00e9 vigoureuse et productive, issue d\u2019un croisement Jonathan \u00d7 Red Delicious. Ses fruits rouges stri\u00e9s, \u00e0 la chair ferme, croquante et tr\u00e8s parfum\u00e9e, sont excellents \u00e0 croquer mais aussi parfaits pour la p\u00e2tisserie et les jus. C\u2019est une pomme qui se conserve tr\u00e8s bien, gagnant m\u00eame en ar\u00f4mes apr\u00e8s stockage.<\/p>\n<p>Rustique, peu sensible aux maladies et tr\u00e8s fiable en climat contrast\u00e9, le Melrose s\u2019adapte particuli\u00e8rement bien aux sols vivants et aux vergers diversifi\u00e9s. Gr\u00e2ce \u00e0 nos porte-greffes s\u00e9lectionn\u00e9s, les scions d\u00e9veloppent une reprise vigoureuse, un syst\u00e8me racinaire puissant et une mise \u00e0 fruit rapide.<\/p>\n","protected":false},"excerpt":{"rendered":"<p>Pommier Melrose \u2013 Vari\u00e9t\u00e9 am\u00e9ricaine rustique, parfum\u00e9e et excellente en conservation<\/p>\n<p>Le pommier Melrose est une vari\u00e9t\u00e9 vigoureuse et productive, issue d\u2019un croisement Jonathan \u00d7 Red Delicious. Ses fruits rouges stri\u00e9s, \u00e0 la chair ferme, croquante et tr\u00e8s parfum\u00e9e, sont excellents \u00e0 croquer mais aussi parfaits pour la p\u00e2tisserie et les jus. C\u2019est une pomme qui se conserve tr\u00e8s bien, gagnant m\u00eame en ar\u00f4mes apr\u00e8s stockage.<\/p>\n<p>Rustique, peu sensible aux maladies et tr\u00e8s fiable en climat contrast\u00e9, le Melrose s\u2019adapte particuli\u00e8rement bien aux sols vivants et aux vergers diversifi\u00e9s. Gr\u00e2ce \u00e0 nos porte-greffes s\u00e9lectionn\u00e9s, les scions d\u00e9veloppent une reprise vigoureuse, un syst\u00e8me racinaire puissant et une mise \u00e0 fruit rapide.<\/p>\n","protected":false},"featured_media":0,"template":"","meta":{"site-sidebar-layout":"default","site-content-layout":"default","ast-global-header-display":"","ast-banner-title-visibility":"","ast-main-header-display":"","ast-hfb-above-header-display":"","ast-hfb-below-header-display":"","ast-hfb-mobile-header-display":"","site-post-title":"","ast-breadcrumbs-content":"","ast-featured-img":"","footer-sml-layout":"","theme-transparent-header-meta":"default","adv-header-id-meta":"","stick-header-meta":"","header-above-stick-meta":"","header-main-stick-meta":"","header-below-stick-meta":""},"product_brand":[],"product_cat":[54],"product_tag":[],"class_list":{"0":"post-3010","1":"product","2":"type-product","3":"status-publish","5":"product_cat-pommier","6":"desktop-align-left","7":"tablet-align-left","8":"mobile-align-left","10":"first","11":"instock","12":"featured","13":"taxable","14":"shipping-taxable","15":"purchasable","16":"product-type-variable"},"jetpack_sharing_enabled":true,"_links":{"self":[{"href":"https:\/\/pepinierepierreetlili.fr\/index.php\/wp-json\/wp\/v2\/product\/3010","targetHints":{"allow":["GET"]}}],"collection":[{"href":"https:\/\/pepinierepierreetlili.fr\/index.php\/wp-json\/wp\/v2\/product"}],"about":[{"href":"https:\/\/pepinierepierreetlili.fr\/index.php\/wp-json\/wp\/v2\/types\/product"}],"wp:attachment":[{"href":"https:\/\/pepinierepierreetlili.fr\/index.php\/wp-json\/wp\/v2\/media?parent=3010"}],"wp:term":[{"taxonomy":"product_brand","embeddable":true,"href":"https:\/\/pepinierepierreetlili.fr\/index.php\/wp-json\/wp\/v2\/product_brand?post=3010"},{"taxonomy":"product_cat","embeddable":true,"href":"https:\/\/pepinierepierreetlili.fr\/index.php\/wp-json\/wp\/v2\/product_cat?post=3010"},{"taxonomy":"product_tag","embeddable":true,"href":"https:\/\/pepinierepierreetlili.fr\/index.php\/wp-json\/wp\/v2\/product_tag?post=3010"}],"curies":[{"name":"wp","href":"https:\/\/api.w.org\/{rel}","templated":true}]}}