{"id":3005,"date":"2025-10-04T16:51:15","date_gmt":"2025-10-04T14:51:15","guid":{"rendered":"https:\/\/www.pepinierepierreetlili.fr\/?post_type=product&#038;p=3005"},"modified":"2025-12-15T16:44:39","modified_gmt":"2025-12-15T15:44:39","slug":"pommier-transparente-blanche","status":"publish","type":"product","link":"https:\/\/pepinierepierreetlili.fr\/index.php\/produit\/pommier-transparente-blanche\/","title":{"rendered":"Pommier TRANSPARENTE BLANCHE"},"content":{"rendered":"<p>Pommier Transparente Blanche \u2013 Vari\u00e9t\u00e9 tr\u00e8s pr\u00e9coce, juteuse et id\u00e9ale en compote<\/p>\n<p>Le pommier Transparente Blanche est une vari\u00e9t\u00e9 ancienne et tr\u00e8s pr\u00e9coce, r\u00e9put\u00e9e pour m\u00fbrir d\u00e8s l\u2019\u00e9t\u00e9. Ses fruits jaune p\u00e2le, presque translucides, offrent une chair tendre, juteuse et d\u00e9licatement acidul\u00e9e, parfaite pour les compotes, les pur\u00e9es de pommes, les tartes rapides et la d\u00e9gustation fra\u00eeche.<\/p>\n<p>Arbre vigoureux, productif et peu exigeant, la Transparente Blanche s\u2019adapte tr\u00e8s bien aux sols vivants et aux climats contrast\u00e9s. C\u2019est une vari\u00e9t\u00e9 id\u00e9ale pour les familles, les \u00e9coles, ou ceux qui souhaitent obtenir des pommes t\u00f4t dans la saison. Greff\u00e9s sur nos porte-greffes s\u00e9lectionn\u00e9s, les scions garantissent une reprise facile et une mise \u00e0 fruit rapide.<\/p>\n","protected":false},"excerpt":{"rendered":"<p>Pommier Transparente Blanche \u2013 Vari\u00e9t\u00e9 tr\u00e8s pr\u00e9coce, juteuse et id\u00e9ale en compote<\/p>\n<p>Le pommier Transparente Blanche est une vari\u00e9t\u00e9 ancienne et tr\u00e8s pr\u00e9coce, r\u00e9put\u00e9e pour m\u00fbrir d\u00e8s l\u2019\u00e9t\u00e9. Ses fruits jaune p\u00e2le, presque translucides, offrent une chair tendre, juteuse et d\u00e9licatement acidul\u00e9e, parfaite pour les compotes, les pur\u00e9es de pommes, les tartes rapides et la d\u00e9gustation fra\u00eeche.<\/p>\n<p>Arbre vigoureux, productif et peu exigeant, la Transparente Blanche s\u2019adapte tr\u00e8s bien aux sols vivants et aux climats contrast\u00e9s. C\u2019est une vari\u00e9t\u00e9 id\u00e9ale pour les familles, les \u00e9coles, ou ceux qui souhaitent obtenir des pommes t\u00f4t dans la saison. Greff\u00e9s sur nos porte-greffes s\u00e9lectionn\u00e9s, les scions garantissent une reprise facile et une mise \u00e0 fruit rapide.<\/p>\n","protected":false},"featured_media":0,"template":"","meta":{"site-sidebar-layout":"default","site-content-layout":"default","ast-global-header-display":"","ast-banner-title-visibility":"","ast-main-header-display":"","ast-hfb-above-header-display":"","ast-hfb-below-header-display":"","ast-hfb-mobile-header-display":"","site-post-title":"","ast-breadcrumbs-content":"","ast-featured-img":"","footer-sml-layout":"","theme-transparent-header-meta":"default","adv-header-id-meta":"","stick-header-meta":"","header-above-stick-meta":"","header-main-stick-meta":"","header-below-stick-meta":""},"product_brand":[],"product_cat":[54],"product_tag":[],"class_list":{"0":"post-3005","1":"product","2":"type-product","3":"status-publish","5":"product_cat-pommier","6":"desktop-align-left","7":"tablet-align-left","8":"mobile-align-left","10":"first","11":"outofstock","12":"featured","13":"taxable","14":"shipping-taxable","15":"purchasable","16":"product-type-variable"},"jetpack_sharing_enabled":true,"_links":{"self":[{"href":"https:\/\/pepinierepierreetlili.fr\/index.php\/wp-json\/wp\/v2\/product\/3005","targetHints":{"allow":["GET"]}}],"collection":[{"href":"https:\/\/pepinierepierreetlili.fr\/index.php\/wp-json\/wp\/v2\/product"}],"about":[{"href":"https:\/\/pepinierepierreetlili.fr\/index.php\/wp-json\/wp\/v2\/types\/product"}],"wp:attachment":[{"href":"https:\/\/pepinierepierreetlili.fr\/index.php\/wp-json\/wp\/v2\/media?parent=3005"}],"wp:term":[{"taxonomy":"product_brand","embeddable":true,"href":"https:\/\/pepinierepierreetlili.fr\/index.php\/wp-json\/wp\/v2\/product_brand?post=3005"},{"taxonomy":"product_cat","embeddable":true,"href":"https:\/\/pepinierepierreetlili.fr\/index.php\/wp-json\/wp\/v2\/product_cat?post=3005"},{"taxonomy":"product_tag","embeddable":true,"href":"https:\/\/pepinierepierreetlili.fr\/index.php\/wp-json\/wp\/v2\/product_tag?post=3005"}],"curies":[{"name":"wp","href":"https:\/\/api.w.org\/{rel}","templated":true}]}}