{"id":2985,"date":"2025-10-04T16:49:42","date_gmt":"2025-10-04T14:49:42","guid":{"rendered":"https:\/\/www.pepinierepierreetlili.fr\/?post_type=product&#038;p=2985"},"modified":"2025-12-26T10:13:54","modified_gmt":"2025-12-26T09:13:54","slug":"pommier-coeur-gros-pret-de-beurre-brune","status":"publish","type":"product","link":"https:\/\/pepinierepierreetlili.fr\/index.php\/produit\/pommier-coeur-gros-pret-de-beurre-brune\/","title":{"rendered":"Pommier COEUR GROS PRET DE BEURRE BRUNE"},"content":{"rendered":"<p>Pommier C\u0153ur Gros Pr\u00eat de Beurre Brune \u2013 Vari\u00e9t\u00e9 ancienne rare, fondante et parfum\u00e9e<\/p>\n<p>Le pommier C\u0153ur Gros Pr\u00eat de Beurre Brune est une vari\u00e9t\u00e9 ancienne et tr\u00e8s rare, appr\u00e9ci\u00e9e pour ses fruits brun-roux, reconnaissables \u00e0 leur forme l\u00e9g\u00e8rement cordiforme. Sa chair fine, fondante comme du beurre, sucr\u00e9e et d\u00e9licatement parfum\u00e9e, en fait une pomme de d\u00e9gustation exceptionnelle, parfaite aussi pour les desserts traditionnels.<\/p>\n<p>Rustique, vigoureux et fiable, ce pommier s\u2019adapte tr\u00e8s bien aux sols vivants et aux vergers naturels. Il offre une production r\u00e9guli\u00e8re et se montre peu sensible aux maladies lorsqu\u2019il est conduit en agro\u00e9cologie. Greff\u00e9s sur porte-greffes s\u00e9lectionn\u00e9s pour le climat du Sud, nos scions garantissent une reprise vigoureuse, une croissance saine et une mise \u00e0 fruit harmonieuse.<\/p>\n","protected":false},"excerpt":{"rendered":"<p>Pommier C\u0153ur Gros Pr\u00eat de Beurre Brune \u2013 Vari\u00e9t\u00e9 ancienne rare, fondante et parfum\u00e9e<\/p>\n<p>Le pommier C\u0153ur Gros Pr\u00eat de Beurre Brune est une vari\u00e9t\u00e9 ancienne et tr\u00e8s rare, appr\u00e9ci\u00e9e pour ses fruits brun-roux, reconnaissables \u00e0 leur forme l\u00e9g\u00e8rement cordiforme. Sa chair fine, fondante comme du beurre, sucr\u00e9e et d\u00e9licatement parfum\u00e9e, en fait une pomme de d\u00e9gustation exceptionnelle, parfaite aussi pour les desserts traditionnels.<\/p>\n<p>Rustique, vigoureux et fiable, ce pommier s\u2019adapte tr\u00e8s bien aux sols vivants et aux vergers naturels. Il offre une production r\u00e9guli\u00e8re et se montre peu sensible aux maladies lorsqu\u2019il est conduit en agro\u00e9cologie. Greff\u00e9s sur porte-greffes s\u00e9lectionn\u00e9s pour le climat du Sud, nos scions garantissent une reprise vigoureuse, une croissance saine et une mise \u00e0 fruit harmonieuse.<\/p>\n","protected":false},"featured_media":0,"template":"","meta":{"site-sidebar-layout":"default","site-content-layout":"default","ast-global-header-display":"","ast-banner-title-visibility":"","ast-main-header-display":"","ast-hfb-above-header-display":"","ast-hfb-below-header-display":"","ast-hfb-mobile-header-display":"","site-post-title":"","ast-breadcrumbs-content":"","ast-featured-img":"","footer-sml-layout":"","theme-transparent-header-meta":"default","adv-header-id-meta":"","stick-header-meta":"","header-above-stick-meta":"","header-main-stick-meta":"","header-below-stick-meta":""},"product_brand":[],"product_cat":[54],"product_tag":[],"class_list":{"0":"post-2985","1":"product","2":"type-product","3":"status-publish","5":"product_cat-pommier","6":"desktop-align-left","7":"tablet-align-left","8":"mobile-align-left","10":"first","11":"outofstock","12":"featured","13":"taxable","14":"shipping-taxable","15":"purchasable","16":"product-type-variable"},"jetpack_sharing_enabled":true,"_links":{"self":[{"href":"https:\/\/pepinierepierreetlili.fr\/index.php\/wp-json\/wp\/v2\/product\/2985","targetHints":{"allow":["GET"]}}],"collection":[{"href":"https:\/\/pepinierepierreetlili.fr\/index.php\/wp-json\/wp\/v2\/product"}],"about":[{"href":"https:\/\/pepinierepierreetlili.fr\/index.php\/wp-json\/wp\/v2\/types\/product"}],"wp:attachment":[{"href":"https:\/\/pepinierepierreetlili.fr\/index.php\/wp-json\/wp\/v2\/media?parent=2985"}],"wp:term":[{"taxonomy":"product_brand","embeddable":true,"href":"https:\/\/pepinierepierreetlili.fr\/index.php\/wp-json\/wp\/v2\/product_brand?post=2985"},{"taxonomy":"product_cat","embeddable":true,"href":"https:\/\/pepinierepierreetlili.fr\/index.php\/wp-json\/wp\/v2\/product_cat?post=2985"},{"taxonomy":"product_tag","embeddable":true,"href":"https:\/\/pepinierepierreetlili.fr\/index.php\/wp-json\/wp\/v2\/product_tag?post=2985"}],"curies":[{"name":"wp","href":"https:\/\/api.w.org\/{rel}","templated":true}]}}