{"id":2980,"date":"2025-10-04T16:49:11","date_gmt":"2025-10-04T14:49:11","guid":{"rendered":"https:\/\/www.pepinierepierreetlili.fr\/?post_type=product&#038;p=2980"},"modified":"2025-12-15T16:44:39","modified_gmt":"2025-12-15T15:44:39","slug":"pommier-precoce-dete","status":"publish","type":"product","link":"https:\/\/pepinierepierreetlili.fr\/index.php\/produit\/pommier-precoce-dete\/","title":{"rendered":"Pommier PRECOCE D&rsquo;ETE"},"content":{"rendered":"<p>Pommier Pr\u00e9cose d\u2019\u00c9t\u00e9 \u2013 Vari\u00e9t\u00e9 tr\u00e8s pr\u00e9coce, douce et parfaite pour les fruits d\u2019\u00e9t\u00e9<\/p>\n<p>Le pommier Pr\u00e9cose d\u2019\u00c9t\u00e9 est une vari\u00e9t\u00e9 ancienne extr\u00eamement pr\u00e9coce, donnant d\u00e8s la fin juillet des pommes jaune p\u00e2le, parfois ros\u00e9es au soleil. Sa chair tendre, douce, juteuse et l\u00e9g\u00e8rement acidul\u00e9e, en fait un fruit parfait pour la d\u00e9gustation fra\u00eeche, les compotes rapides et les desserts estivaux.<\/p>\n<p>Arbre vigoureux et productif, il s\u2019adapte tr\u00e8s bien aux sols vivants et convient aussi bien aux jardins familiaux qu\u2019aux vergers diversifi\u00e9s. Sa mise \u00e0 fruit est rapide, et sa rusticit\u00e9 en fait une vari\u00e9t\u00e9 fiable m\u00eame en climat chaud. Greff\u00e9s sur nos porte-greffes s\u00e9lectionn\u00e9s, les scions assurent une reprise facile, une croissance r\u00e9guli\u00e8re et une production g\u00e9n\u00e9reuse d\u00e8s les premi\u00e8res ann\u00e9es.<\/p>\n","protected":false},"excerpt":{"rendered":"<p>Pommier Pr\u00e9cose d\u2019\u00c9t\u00e9 \u2013 Vari\u00e9t\u00e9 tr\u00e8s pr\u00e9coce, douce et parfaite pour les fruits d\u2019\u00e9t\u00e9<\/p>\n<p>Le pommier Pr\u00e9cose d\u2019\u00c9t\u00e9 est une vari\u00e9t\u00e9 ancienne extr\u00eamement pr\u00e9coce, donnant d\u00e8s la fin juillet des pommes jaune p\u00e2le, parfois ros\u00e9es au soleil. Sa chair tendre, douce, juteuse et l\u00e9g\u00e8rement acidul\u00e9e, en fait un fruit parfait pour la d\u00e9gustation fra\u00eeche, les compotes rapides et les desserts estivaux.<\/p>\n<p>Arbre vigoureux et productif, il s\u2019adapte tr\u00e8s bien aux sols vivants et convient aussi bien aux jardins familiaux qu\u2019aux vergers diversifi\u00e9s. Sa mise \u00e0 fruit est rapide, et sa rusticit\u00e9 en fait une vari\u00e9t\u00e9 fiable m\u00eame en climat chaud. Greff\u00e9s sur nos porte-greffes s\u00e9lectionn\u00e9s, les scions assurent une reprise facile, une croissance r\u00e9guli\u00e8re et une production g\u00e9n\u00e9reuse d\u00e8s les premi\u00e8res ann\u00e9es.<\/p>\n","protected":false},"featured_media":0,"template":"","meta":{"site-sidebar-layout":"default","site-content-layout":"default","ast-global-header-display":"","ast-banner-title-visibility":"","ast-main-header-display":"","ast-hfb-above-header-display":"","ast-hfb-below-header-display":"","ast-hfb-mobile-header-display":"","site-post-title":"","ast-breadcrumbs-content":"","ast-featured-img":"","footer-sml-layout":"","theme-transparent-header-meta":"default","adv-header-id-meta":"","stick-header-meta":"","header-above-stick-meta":"","header-main-stick-meta":"","header-below-stick-meta":""},"product_brand":[],"product_cat":[54],"product_tag":[],"class_list":{"0":"post-2980","1":"product","2":"type-product","3":"status-publish","5":"product_cat-pommier","6":"desktop-align-left","7":"tablet-align-left","8":"mobile-align-left","10":"first","11":"outofstock","12":"featured","13":"taxable","14":"shipping-taxable","15":"purchasable","16":"product-type-variable"},"jetpack_sharing_enabled":true,"_links":{"self":[{"href":"https:\/\/pepinierepierreetlili.fr\/index.php\/wp-json\/wp\/v2\/product\/2980","targetHints":{"allow":["GET"]}}],"collection":[{"href":"https:\/\/pepinierepierreetlili.fr\/index.php\/wp-json\/wp\/v2\/product"}],"about":[{"href":"https:\/\/pepinierepierreetlili.fr\/index.php\/wp-json\/wp\/v2\/types\/product"}],"wp:attachment":[{"href":"https:\/\/pepinierepierreetlili.fr\/index.php\/wp-json\/wp\/v2\/media?parent=2980"}],"wp:term":[{"taxonomy":"product_brand","embeddable":true,"href":"https:\/\/pepinierepierreetlili.fr\/index.php\/wp-json\/wp\/v2\/product_brand?post=2980"},{"taxonomy":"product_cat","embeddable":true,"href":"https:\/\/pepinierepierreetlili.fr\/index.php\/wp-json\/wp\/v2\/product_cat?post=2980"},{"taxonomy":"product_tag","embeddable":true,"href":"https:\/\/pepinierepierreetlili.fr\/index.php\/wp-json\/wp\/v2\/product_tag?post=2980"}],"curies":[{"name":"wp","href":"https:\/\/api.w.org\/{rel}","templated":true}]}}