{"id":2975,"date":"2025-10-04T16:48:37","date_gmt":"2025-10-04T14:48:37","guid":{"rendered":"https:\/\/www.pepinierepierreetlili.fr\/?post_type=product&#038;p=2975"},"modified":"2025-12-15T16:44:39","modified_gmt":"2025-12-15T15:44:39","slug":"pommier-karneval","status":"publish","type":"product","link":"https:\/\/pepinierepierreetlili.fr\/index.php\/produit\/pommier-karneval\/","title":{"rendered":"Pommier KARNEVAL"},"content":{"rendered":"<p>Pommier Karneval \u2013 Vari\u00e9t\u00e9 moderne, tr\u00e8s color\u00e9e, croquante et sucr\u00e9e<\/p>\n<p>Le pommier Karneval est une vari\u00e9t\u00e9 r\u00e9cente et hautement color\u00e9e, reconnaissable \u00e0 ses fruits bicolores jaune et rouge vif. Sa chair croquante, douce, sucr\u00e9e et juteuse, en fait une excellente pomme de table, tr\u00e8s appr\u00e9ci\u00e9e des enfants comme des adultes. Elle convient aussi parfaitement aux jus frais.<\/p>\n<p>Arbre vigoureux, sain et productif, le Karneval montre une bonne r\u00e9sistance naturelle et s\u2019adapte tr\u00e8s bien aux sols vivants. Sa mise \u00e0 fruit est rapide et sa production r\u00e9guli\u00e8re en fait une vari\u00e9t\u00e9 moderne id\u00e9ale pour les jardins familiaux et les vergers diversifi\u00e9s. Greff\u00e9s sur des porte-greffes adapt\u00e9s, nos scions garantissent une reprise s\u00fbre et un d\u00e9veloppement harmonieux m\u00eame en climat sec et chaud.<\/p>\n","protected":false},"excerpt":{"rendered":"<p>Pommier Karneval \u2013 Vari\u00e9t\u00e9 moderne, tr\u00e8s color\u00e9e, croquante et sucr\u00e9e<\/p>\n<p>Le pommier Karneval est une vari\u00e9t\u00e9 r\u00e9cente et hautement color\u00e9e, reconnaissable \u00e0 ses fruits bicolores jaune et rouge vif. Sa chair croquante, douce, sucr\u00e9e et juteuse, en fait une excellente pomme de table, tr\u00e8s appr\u00e9ci\u00e9e des enfants comme des adultes. Elle convient aussi parfaitement aux jus frais.<\/p>\n<p>Arbre vigoureux, sain et productif, le Karneval montre une bonne r\u00e9sistance naturelle et s\u2019adapte tr\u00e8s bien aux sols vivants. Sa mise \u00e0 fruit est rapide et sa production r\u00e9guli\u00e8re en fait une vari\u00e9t\u00e9 moderne id\u00e9ale pour les jardins familiaux et les vergers diversifi\u00e9s. Greff\u00e9s sur des porte-greffes adapt\u00e9s, nos scions garantissent une reprise s\u00fbre et un d\u00e9veloppement harmonieux m\u00eame en climat sec et chaud.<\/p>\n","protected":false},"featured_media":0,"template":"","meta":{"site-sidebar-layout":"default","site-content-layout":"default","ast-global-header-display":"","ast-banner-title-visibility":"","ast-main-header-display":"","ast-hfb-above-header-display":"","ast-hfb-below-header-display":"","ast-hfb-mobile-header-display":"","site-post-title":"","ast-breadcrumbs-content":"","ast-featured-img":"","footer-sml-layout":"","theme-transparent-header-meta":"default","adv-header-id-meta":"","stick-header-meta":"","header-above-stick-meta":"","header-main-stick-meta":"","header-below-stick-meta":""},"product_brand":[],"product_cat":[54],"product_tag":[],"class_list":{"0":"post-2975","1":"product","2":"type-product","3":"status-publish","5":"product_cat-pommier","6":"desktop-align-left","7":"tablet-align-left","8":"mobile-align-left","10":"first","11":"outofstock","12":"featured","13":"taxable","14":"shipping-taxable","15":"purchasable","16":"product-type-variable"},"jetpack_sharing_enabled":true,"_links":{"self":[{"href":"https:\/\/pepinierepierreetlili.fr\/index.php\/wp-json\/wp\/v2\/product\/2975","targetHints":{"allow":["GET"]}}],"collection":[{"href":"https:\/\/pepinierepierreetlili.fr\/index.php\/wp-json\/wp\/v2\/product"}],"about":[{"href":"https:\/\/pepinierepierreetlili.fr\/index.php\/wp-json\/wp\/v2\/types\/product"}],"wp:attachment":[{"href":"https:\/\/pepinierepierreetlili.fr\/index.php\/wp-json\/wp\/v2\/media?parent=2975"}],"wp:term":[{"taxonomy":"product_brand","embeddable":true,"href":"https:\/\/pepinierepierreetlili.fr\/index.php\/wp-json\/wp\/v2\/product_brand?post=2975"},{"taxonomy":"product_cat","embeddable":true,"href":"https:\/\/pepinierepierreetlili.fr\/index.php\/wp-json\/wp\/v2\/product_cat?post=2975"},{"taxonomy":"product_tag","embeddable":true,"href":"https:\/\/pepinierepierreetlili.fr\/index.php\/wp-json\/wp\/v2\/product_tag?post=2975"}],"curies":[{"name":"wp","href":"https:\/\/api.w.org\/{rel}","templated":true}]}}