{"id":2970,"date":"2025-10-04T16:47:45","date_gmt":"2025-10-04T14:47:45","guid":{"rendered":"https:\/\/www.pepinierepierreetlili.fr\/?post_type=product&#038;p=2970"},"modified":"2025-12-15T16:44:39","modified_gmt":"2025-12-15T15:44:39","slug":"pommier-reinette-mailhar","status":"publish","type":"product","link":"https:\/\/pepinierepierreetlili.fr\/index.php\/produit\/pommier-reinette-mailhar\/","title":{"rendered":"Pommier REINETTE MAILHAR"},"content":{"rendered":"<p>Pommier Reinette Mailhar \u2013 Vari\u00e9t\u00e9 ancienne rare, parfum\u00e9e et tr\u00e8s rustique<\/p>\n<p>Le pommier Reinette Mailhar est une vari\u00e9t\u00e9 ancienne confidentielle, recherch\u00e9e pour ses fruits jaune-bronze \u00e0 la chair fine, sucr\u00e9e, parfum\u00e9e et l\u00e9g\u00e8rement acidul\u00e9e. C\u2019est une excellente pomme de d\u00e9gustation, mais aussi une tr\u00e8s bonne vari\u00e9t\u00e9 pour les compotes et les desserts gr\u00e2ce \u00e0 sa texture fondante.<\/p>\n<p>Arbre naturellement rustique, vigoureux et fiable, la Reinette Mailhar s\u2019adapte tr\u00e8s bien aux sols vivants et aux vergers naturels. Elle produit r\u00e9guli\u00e8rement, m\u00eame en conditions difficiles, et montre une belle r\u00e9sistance aux maladies. Greff\u00e9s sur porte-greffes adapt\u00e9s \u00e0 ton terroir, nos scions assurent une reprise vigoureuse, une croissance harmonieuse et une mise \u00e0 fruit stable.<\/p>\n","protected":false},"excerpt":{"rendered":"<p>Pommier Reinette Mailhar \u2013 Vari\u00e9t\u00e9 ancienne rare, parfum\u00e9e et tr\u00e8s rustique<\/p>\n<p>Le pommier Reinette Mailhar est une vari\u00e9t\u00e9 ancienne confidentielle, recherch\u00e9e pour ses fruits jaune-bronze \u00e0 la chair fine, sucr\u00e9e, parfum\u00e9e et l\u00e9g\u00e8rement acidul\u00e9e. C\u2019est une excellente pomme de d\u00e9gustation, mais aussi une tr\u00e8s bonne vari\u00e9t\u00e9 pour les compotes et les desserts gr\u00e2ce \u00e0 sa texture fondante.<\/p>\n<p>Arbre naturellement rustique, vigoureux et fiable, la Reinette Mailhar s\u2019adapte tr\u00e8s bien aux sols vivants et aux vergers naturels. Elle produit r\u00e9guli\u00e8rement, m\u00eame en conditions difficiles, et montre une belle r\u00e9sistance aux maladies. Greff\u00e9s sur porte-greffes adapt\u00e9s \u00e0 ton terroir, nos scions assurent une reprise vigoureuse, une croissance harmonieuse et une mise \u00e0 fruit stable.<\/p>\n","protected":false},"featured_media":0,"template":"","meta":{"site-sidebar-layout":"default","site-content-layout":"default","ast-global-header-display":"","ast-banner-title-visibility":"","ast-main-header-display":"","ast-hfb-above-header-display":"","ast-hfb-below-header-display":"","ast-hfb-mobile-header-display":"","site-post-title":"","ast-breadcrumbs-content":"","ast-featured-img":"","footer-sml-layout":"","theme-transparent-header-meta":"default","adv-header-id-meta":"","stick-header-meta":"","header-above-stick-meta":"","header-main-stick-meta":"","header-below-stick-meta":""},"product_brand":[],"product_cat":[54],"product_tag":[],"class_list":{"0":"post-2970","1":"product","2":"type-product","3":"status-publish","5":"product_cat-pommier","6":"desktop-align-left","7":"tablet-align-left","8":"mobile-align-left","10":"first","11":"outofstock","12":"featured","13":"taxable","14":"shipping-taxable","15":"purchasable","16":"product-type-variable"},"jetpack_sharing_enabled":true,"_links":{"self":[{"href":"https:\/\/pepinierepierreetlili.fr\/index.php\/wp-json\/wp\/v2\/product\/2970","targetHints":{"allow":["GET"]}}],"collection":[{"href":"https:\/\/pepinierepierreetlili.fr\/index.php\/wp-json\/wp\/v2\/product"}],"about":[{"href":"https:\/\/pepinierepierreetlili.fr\/index.php\/wp-json\/wp\/v2\/types\/product"}],"wp:attachment":[{"href":"https:\/\/pepinierepierreetlili.fr\/index.php\/wp-json\/wp\/v2\/media?parent=2970"}],"wp:term":[{"taxonomy":"product_brand","embeddable":true,"href":"https:\/\/pepinierepierreetlili.fr\/index.php\/wp-json\/wp\/v2\/product_brand?post=2970"},{"taxonomy":"product_cat","embeddable":true,"href":"https:\/\/pepinierepierreetlili.fr\/index.php\/wp-json\/wp\/v2\/product_cat?post=2970"},{"taxonomy":"product_tag","embeddable":true,"href":"https:\/\/pepinierepierreetlili.fr\/index.php\/wp-json\/wp\/v2\/product_tag?post=2970"}],"curies":[{"name":"wp","href":"https:\/\/api.w.org\/{rel}","templated":true}]}}