{"id":2965,"date":"2025-10-04T16:47:05","date_gmt":"2025-10-04T14:47:05","guid":{"rendered":"https:\/\/www.pepinierepierreetlili.fr\/?post_type=product&#038;p=2965"},"modified":"2025-12-15T16:44:39","modified_gmt":"2025-12-15T15:44:39","slug":"pommier-rambour-dhiver","status":"publish","type":"product","link":"https:\/\/pepinierepierreetlili.fr\/index.php\/produit\/pommier-rambour-dhiver\/","title":{"rendered":"Pommier RAMBOUR D&rsquo;HIVER"},"content":{"rendered":"<p>Pommier Rambour d\u2019Hiver \u2013 Vari\u00e9t\u00e9 ancienne, grosse pomme, excellente en cuisson et en conservation<\/p>\n<p>Le pommier Rambour d\u2019Hiver est une vari\u00e9t\u00e9 ancienne et vigoureuse, connue pour ses gros fruits jaune-vert stri\u00e9s de rouge, \u00e0 la chair ferme, sucr\u00e9e, parfum\u00e9e et l\u00e9g\u00e8rement acidul\u00e9e. C\u2019est une excellente pomme pour la cuisine : tartes, compotes, jus, p\u00e2tisserie\u2026 Elle se conserve tr\u00e8s longtemps, gagnant en douceur au fil de l\u2019hiver.<\/p>\n<p>Arbre robuste, productif et peu sensible aux maladies, le Rambour d\u2019Hiver s\u2019adapte parfaitement aux sols vivants et aux vergers naturels. Il offre une production r\u00e9guli\u00e8re m\u00eame en climat chaud et sec. Greff\u00e9s sur des porte-greffes adapt\u00e9s \u00e0 ton terroir, nos scions assurent une reprise vigoureuse et une mise \u00e0 fruit fiable.<\/p>\n","protected":false},"excerpt":{"rendered":"<p>Pommier Rambour d\u2019Hiver \u2013 Vari\u00e9t\u00e9 ancienne, grosse pomme, excellente en cuisson et en conservation<\/p>\n<p>Le pommier Rambour d\u2019Hiver est une vari\u00e9t\u00e9 ancienne et vigoureuse, connue pour ses gros fruits jaune-vert stri\u00e9s de rouge, \u00e0 la chair ferme, sucr\u00e9e, parfum\u00e9e et l\u00e9g\u00e8rement acidul\u00e9e. C\u2019est une excellente pomme pour la cuisine : tartes, compotes, jus, p\u00e2tisserie\u2026 Elle se conserve tr\u00e8s longtemps, gagnant en douceur au fil de l\u2019hiver.<\/p>\n<p>Arbre robuste, productif et peu sensible aux maladies, le Rambour d\u2019Hiver s\u2019adapte parfaitement aux sols vivants et aux vergers naturels. Il offre une production r\u00e9guli\u00e8re m\u00eame en climat chaud et sec. Greff\u00e9s sur des porte-greffes adapt\u00e9s \u00e0 ton terroir, nos scions assurent une reprise vigoureuse et une mise \u00e0 fruit fiable.<\/p>\n","protected":false},"featured_media":0,"template":"","meta":{"site-sidebar-layout":"default","site-content-layout":"default","ast-global-header-display":"","ast-banner-title-visibility":"","ast-main-header-display":"","ast-hfb-above-header-display":"","ast-hfb-below-header-display":"","ast-hfb-mobile-header-display":"","site-post-title":"","ast-breadcrumbs-content":"","ast-featured-img":"","footer-sml-layout":"","theme-transparent-header-meta":"default","adv-header-id-meta":"","stick-header-meta":"","header-above-stick-meta":"","header-main-stick-meta":"","header-below-stick-meta":""},"product_brand":[],"product_cat":[54],"product_tag":[],"class_list":{"0":"post-2965","1":"product","2":"type-product","3":"status-publish","5":"product_cat-pommier","6":"desktop-align-left","7":"tablet-align-left","8":"mobile-align-left","10":"first","11":"outofstock","12":"featured","13":"taxable","14":"shipping-taxable","15":"purchasable","16":"product-type-variable"},"jetpack_sharing_enabled":true,"_links":{"self":[{"href":"https:\/\/pepinierepierreetlili.fr\/index.php\/wp-json\/wp\/v2\/product\/2965","targetHints":{"allow":["GET"]}}],"collection":[{"href":"https:\/\/pepinierepierreetlili.fr\/index.php\/wp-json\/wp\/v2\/product"}],"about":[{"href":"https:\/\/pepinierepierreetlili.fr\/index.php\/wp-json\/wp\/v2\/types\/product"}],"wp:attachment":[{"href":"https:\/\/pepinierepierreetlili.fr\/index.php\/wp-json\/wp\/v2\/media?parent=2965"}],"wp:term":[{"taxonomy":"product_brand","embeddable":true,"href":"https:\/\/pepinierepierreetlili.fr\/index.php\/wp-json\/wp\/v2\/product_brand?post=2965"},{"taxonomy":"product_cat","embeddable":true,"href":"https:\/\/pepinierepierreetlili.fr\/index.php\/wp-json\/wp\/v2\/product_cat?post=2965"},{"taxonomy":"product_tag","embeddable":true,"href":"https:\/\/pepinierepierreetlili.fr\/index.php\/wp-json\/wp\/v2\/product_tag?post=2965"}],"curies":[{"name":"wp","href":"https:\/\/api.w.org\/{rel}","templated":true}]}}