{"id":2960,"date":"2025-10-04T16:46:20","date_gmt":"2025-10-04T14:46:20","guid":{"rendered":"https:\/\/www.pepinierepierreetlili.fr\/?post_type=product&#038;p=2960"},"modified":"2025-12-15T16:44:39","modified_gmt":"2025-12-15T15:44:39","slug":"pommier-reinette-rouge-etoile","status":"publish","type":"product","link":"https:\/\/pepinierepierreetlili.fr\/index.php\/produit\/pommier-reinette-rouge-etoile\/","title":{"rendered":"Pommier REINETTE ROUGE ETOILE"},"content":{"rendered":"<p>Pommier Reinette Rouge \u00c9toil\u00e9 \u2013 Vari\u00e9t\u00e9 ancienne rare, sucr\u00e9e, aromatique et magnifique visuellement<\/p>\n<p>La Reinette Rouge \u00c9toil\u00e9 est une vari\u00e9t\u00e9 ancienne remarquable, facilement reconnaissable \u00e0 sa peau rouge sombre, ponctu\u00e9e de petites \u00e9toiles claires qui lui donnent son nom. Sa chair fine, sucr\u00e9e, juteuse et d\u00e9licatement parfum\u00e9e, en fait une excellente pomme de d\u00e9gustation, appr\u00e9ci\u00e9e \u00e9galement en p\u00e2tisserie pour son \u00e9quilibre sucr\u00e9-acidul\u00e9.<\/p>\n<p>Arbre rustique, vigoureux et fiable, la Reinette Rouge \u00c9toil\u00e9 s\u2019adapte tr\u00e8s bien aux sols vivants et aux vergers naturels. Elle offre une production r\u00e9guli\u00e8re et une belle r\u00e9sistance aux maladies, m\u00eame en conditions s\u00e8ches. Greff\u00e9s sur porte-greffes adapt\u00e9s \u00e0 ton climat, nos scions assurent une reprise vigoureuse, une croissance saine et une mise \u00e0 fruit harmonieuse.<\/p>\n","protected":false},"excerpt":{"rendered":"<p>Pommier Reinette Rouge \u00c9toil\u00e9 \u2013 Vari\u00e9t\u00e9 ancienne rare, sucr\u00e9e, aromatique et magnifique visuellement<\/p>\n<p>La Reinette Rouge \u00c9toil\u00e9 est une vari\u00e9t\u00e9 ancienne remarquable, facilement reconnaissable \u00e0 sa peau rouge sombre, ponctu\u00e9e de petites \u00e9toiles claires qui lui donnent son nom. Sa chair fine, sucr\u00e9e, juteuse et d\u00e9licatement parfum\u00e9e, en fait une excellente pomme de d\u00e9gustation, appr\u00e9ci\u00e9e \u00e9galement en p\u00e2tisserie pour son \u00e9quilibre sucr\u00e9-acidul\u00e9.<\/p>\n<p>Arbre rustique, vigoureux et fiable, la Reinette Rouge \u00c9toil\u00e9 s\u2019adapte tr\u00e8s bien aux sols vivants et aux vergers naturels. Elle offre une production r\u00e9guli\u00e8re et une belle r\u00e9sistance aux maladies, m\u00eame en conditions s\u00e8ches. Greff\u00e9s sur porte-greffes adapt\u00e9s \u00e0 ton climat, nos scions assurent une reprise vigoureuse, une croissance saine et une mise \u00e0 fruit harmonieuse.<\/p>\n","protected":false},"featured_media":0,"template":"","meta":{"site-sidebar-layout":"default","site-content-layout":"default","ast-global-header-display":"","ast-banner-title-visibility":"","ast-main-header-display":"","ast-hfb-above-header-display":"","ast-hfb-below-header-display":"","ast-hfb-mobile-header-display":"","site-post-title":"","ast-breadcrumbs-content":"","ast-featured-img":"","footer-sml-layout":"","theme-transparent-header-meta":"default","adv-header-id-meta":"","stick-header-meta":"","header-above-stick-meta":"","header-main-stick-meta":"","header-below-stick-meta":""},"product_brand":[],"product_cat":[54],"product_tag":[],"class_list":{"0":"post-2960","1":"product","2":"type-product","3":"status-publish","5":"product_cat-pommier","6":"desktop-align-left","7":"tablet-align-left","8":"mobile-align-left","10":"first","11":"outofstock","12":"featured","13":"taxable","14":"shipping-taxable","15":"purchasable","16":"product-type-variable"},"jetpack_sharing_enabled":true,"_links":{"self":[{"href":"https:\/\/pepinierepierreetlili.fr\/index.php\/wp-json\/wp\/v2\/product\/2960","targetHints":{"allow":["GET"]}}],"collection":[{"href":"https:\/\/pepinierepierreetlili.fr\/index.php\/wp-json\/wp\/v2\/product"}],"about":[{"href":"https:\/\/pepinierepierreetlili.fr\/index.php\/wp-json\/wp\/v2\/types\/product"}],"wp:attachment":[{"href":"https:\/\/pepinierepierreetlili.fr\/index.php\/wp-json\/wp\/v2\/media?parent=2960"}],"wp:term":[{"taxonomy":"product_brand","embeddable":true,"href":"https:\/\/pepinierepierreetlili.fr\/index.php\/wp-json\/wp\/v2\/product_brand?post=2960"},{"taxonomy":"product_cat","embeddable":true,"href":"https:\/\/pepinierepierreetlili.fr\/index.php\/wp-json\/wp\/v2\/product_cat?post=2960"},{"taxonomy":"product_tag","embeddable":true,"href":"https:\/\/pepinierepierreetlili.fr\/index.php\/wp-json\/wp\/v2\/product_tag?post=2960"}],"curies":[{"name":"wp","href":"https:\/\/api.w.org\/{rel}","templated":true}]}}