{"id":2955,"date":"2025-10-04T16:45:32","date_gmt":"2025-10-04T14:45:32","guid":{"rendered":"https:\/\/www.pepinierepierreetlili.fr\/?post_type=product&#038;p=2955"},"modified":"2025-12-26T10:10:10","modified_gmt":"2025-12-26T09:10:10","slug":"pommier-astrakan-rouge","status":"publish","type":"product","link":"https:\/\/pepinierepierreetlili.fr\/index.php\/produit\/pommier-astrakan-rouge\/","title":{"rendered":"Pommier ASTRAKAN ROUGE"},"content":{"rendered":"<p>Pommier Astrakan Rouge \u2013 Vari\u00e9t\u00e9 ancienne pr\u00e9coce, juteuse et tr\u00e8s color\u00e9e<\/p>\n<p>Le pommier Astrakan Rouge est une vari\u00e9t\u00e9 ancienne et tr\u00e8s pr\u00e9coce, appr\u00e9ci\u00e9e pour ses fruits rouge vif, l\u00e9g\u00e8rement stri\u00e9s, \u00e0 la chair blanche, juteuse, douce et rafra\u00eechissante. C\u2019est une excellente pomme d\u2019\u00e9t\u00e9, id\u00e9ale \u00e0 croquer, parfaite pour les jus frais et les compotes l\u00e9g\u00e8res.<\/p>\n<p>Arbre vigoureux, rustique et productif, l\u2019Astrakan Rouge montre une tr\u00e8s bonne adaptation aux sols vivants et aux climats chauds. Sa mise \u00e0 fruit est rapide et sa production r\u00e9guli\u00e8re, m\u00eame en conditions s\u00e8ches. Greff\u00e9s sur des porte-greffes s\u00e9lectionn\u00e9s pour ton terroir, nos scions assurent une reprise vigoureuse, une croissance saine et une abondance de fruits d\u00e8s les premi\u00e8res ann\u00e9es.<\/p>\n","protected":false},"excerpt":{"rendered":"<p>Pommier Astrakan Rouge \u2013 Vari\u00e9t\u00e9 ancienne pr\u00e9coce, juteuse et tr\u00e8s color\u00e9e<\/p>\n<p>Le pommier Astrakan Rouge est une vari\u00e9t\u00e9 ancienne et tr\u00e8s pr\u00e9coce, appr\u00e9ci\u00e9e pour ses fruits rouge vif, l\u00e9g\u00e8rement stri\u00e9s, \u00e0 la chair blanche, juteuse, douce et rafra\u00eechissante. C\u2019est une excellente pomme d\u2019\u00e9t\u00e9, id\u00e9ale \u00e0 croquer, parfaite pour les jus frais et les compotes l\u00e9g\u00e8res.<\/p>\n<p>Arbre vigoureux, rustique et productif, l\u2019Astrakan Rouge montre une tr\u00e8s bonne adaptation aux sols vivants et aux climats chauds. Sa mise \u00e0 fruit est rapide et sa production r\u00e9guli\u00e8re, m\u00eame en conditions s\u00e8ches. Greff\u00e9s sur des porte-greffes s\u00e9lectionn\u00e9s pour ton terroir, nos scions assurent une reprise vigoureuse, une croissance saine et une abondance de fruits d\u00e8s les premi\u00e8res ann\u00e9es.<\/p>\n","protected":false},"featured_media":0,"template":"","meta":{"site-sidebar-layout":"default","site-content-layout":"default","ast-global-header-display":"","ast-banner-title-visibility":"","ast-main-header-display":"","ast-hfb-above-header-display":"","ast-hfb-below-header-display":"","ast-hfb-mobile-header-display":"","site-post-title":"","ast-breadcrumbs-content":"","ast-featured-img":"","footer-sml-layout":"","theme-transparent-header-meta":"default","adv-header-id-meta":"","stick-header-meta":"","header-above-stick-meta":"","header-main-stick-meta":"","header-below-stick-meta":""},"product_brand":[],"product_cat":[54],"product_tag":[],"class_list":{"0":"post-2955","1":"product","2":"type-product","3":"status-publish","5":"product_cat-pommier","6":"desktop-align-left","7":"tablet-align-left","8":"mobile-align-left","10":"first","11":"outofstock","12":"featured","13":"taxable","14":"shipping-taxable","15":"purchasable","16":"product-type-variable"},"jetpack_sharing_enabled":true,"_links":{"self":[{"href":"https:\/\/pepinierepierreetlili.fr\/index.php\/wp-json\/wp\/v2\/product\/2955","targetHints":{"allow":["GET"]}}],"collection":[{"href":"https:\/\/pepinierepierreetlili.fr\/index.php\/wp-json\/wp\/v2\/product"}],"about":[{"href":"https:\/\/pepinierepierreetlili.fr\/index.php\/wp-json\/wp\/v2\/types\/product"}],"wp:attachment":[{"href":"https:\/\/pepinierepierreetlili.fr\/index.php\/wp-json\/wp\/v2\/media?parent=2955"}],"wp:term":[{"taxonomy":"product_brand","embeddable":true,"href":"https:\/\/pepinierepierreetlili.fr\/index.php\/wp-json\/wp\/v2\/product_brand?post=2955"},{"taxonomy":"product_cat","embeddable":true,"href":"https:\/\/pepinierepierreetlili.fr\/index.php\/wp-json\/wp\/v2\/product_cat?post=2955"},{"taxonomy":"product_tag","embeddable":true,"href":"https:\/\/pepinierepierreetlili.fr\/index.php\/wp-json\/wp\/v2\/product_tag?post=2955"}],"curies":[{"name":"wp","href":"https:\/\/api.w.org\/{rel}","templated":true}]}}