{"id":2950,"date":"2025-10-04T16:45:06","date_gmt":"2025-10-04T14:45:06","guid":{"rendered":"https:\/\/www.pepinierepierreetlili.fr\/?post_type=product&#038;p=2950"},"modified":"2025-12-15T16:44:39","modified_gmt":"2025-12-15T15:44:39","slug":"pommier-gros-bois","status":"publish","type":"product","link":"https:\/\/pepinierepierreetlili.fr\/index.php\/produit\/pommier-gros-bois\/","title":{"rendered":"Pommier GROS BOIS"},"content":{"rendered":"<p>Pommier Gros Bois \u2013 Vari\u00e9t\u00e9 ancienne rustique, productive et excellente en cuisine<\/p>\n<p>Le pommier Gros Bois est une vari\u00e9t\u00e9 ancienne robuste, connue pour ses fruits de bon calibre, jaune-vert stri\u00e9s de rouge, \u00e0 la chair ferme, sucr\u00e9e, l\u00e9g\u00e8rement acidul\u00e9e et tr\u00e8s parfum\u00e9e. Id\u00e9ale en p\u00e2tisserie, en compote et en jus, c\u2019est aussi une bonne pomme de table gr\u00e2ce \u00e0 sa texture croquante et agr\u00e9able.<\/p>\n<p>Arbre vigoureux, tr\u00e8s rustique et naturellement productif, le Gros Bois s\u2019adapte parfaitement aux sols vivants et aux vergers conduits sans travail du sol. Sa r\u00e9gularit\u00e9 de production et sa r\u00e9sistance naturelle en font une vari\u00e9t\u00e9 fiable pour les jardins familiaux comme pour les vergers diversifi\u00e9s. Greff\u00e9s sur des porte-greffes adapt\u00e9s \u00e0 ton terroir, nos scions assurent une reprise vigoureuse, une croissance harmonieuse et une mise \u00e0 fruit rapide.<\/p>\n","protected":false},"excerpt":{"rendered":"<p>Pommier Gros Bois \u2013 Vari\u00e9t\u00e9 ancienne rustique, productive et excellente en cuisine<\/p>\n<p>Le pommier Gros Bois est une vari\u00e9t\u00e9 ancienne robuste, connue pour ses fruits de bon calibre, jaune-vert stri\u00e9s de rouge, \u00e0 la chair ferme, sucr\u00e9e, l\u00e9g\u00e8rement acidul\u00e9e et tr\u00e8s parfum\u00e9e. Id\u00e9ale en p\u00e2tisserie, en compote et en jus, c\u2019est aussi une bonne pomme de table gr\u00e2ce \u00e0 sa texture croquante et agr\u00e9able.<\/p>\n<p>Arbre vigoureux, tr\u00e8s rustique et naturellement productif, le Gros Bois s\u2019adapte parfaitement aux sols vivants et aux vergers conduits sans travail du sol. Sa r\u00e9gularit\u00e9 de production et sa r\u00e9sistance naturelle en font une vari\u00e9t\u00e9 fiable pour les jardins familiaux comme pour les vergers diversifi\u00e9s. Greff\u00e9s sur des porte-greffes adapt\u00e9s \u00e0 ton terroir, nos scions assurent une reprise vigoureuse, une croissance harmonieuse et une mise \u00e0 fruit rapide.<\/p>\n","protected":false},"featured_media":0,"template":"","meta":{"site-sidebar-layout":"default","site-content-layout":"default","ast-global-header-display":"","ast-banner-title-visibility":"","ast-main-header-display":"","ast-hfb-above-header-display":"","ast-hfb-below-header-display":"","ast-hfb-mobile-header-display":"","site-post-title":"","ast-breadcrumbs-content":"","ast-featured-img":"","footer-sml-layout":"","theme-transparent-header-meta":"default","adv-header-id-meta":"","stick-header-meta":"","header-above-stick-meta":"","header-main-stick-meta":"","header-below-stick-meta":""},"product_brand":[],"product_cat":[54],"product_tag":[],"class_list":{"0":"post-2950","1":"product","2":"type-product","3":"status-publish","5":"product_cat-pommier","6":"desktop-align-left","7":"tablet-align-left","8":"mobile-align-left","10":"first","11":"instock","12":"featured","13":"taxable","14":"shipping-taxable","15":"purchasable","16":"product-type-variable"},"jetpack_sharing_enabled":true,"_links":{"self":[{"href":"https:\/\/pepinierepierreetlili.fr\/index.php\/wp-json\/wp\/v2\/product\/2950","targetHints":{"allow":["GET"]}}],"collection":[{"href":"https:\/\/pepinierepierreetlili.fr\/index.php\/wp-json\/wp\/v2\/product"}],"about":[{"href":"https:\/\/pepinierepierreetlili.fr\/index.php\/wp-json\/wp\/v2\/types\/product"}],"wp:attachment":[{"href":"https:\/\/pepinierepierreetlili.fr\/index.php\/wp-json\/wp\/v2\/media?parent=2950"}],"wp:term":[{"taxonomy":"product_brand","embeddable":true,"href":"https:\/\/pepinierepierreetlili.fr\/index.php\/wp-json\/wp\/v2\/product_brand?post=2950"},{"taxonomy":"product_cat","embeddable":true,"href":"https:\/\/pepinierepierreetlili.fr\/index.php\/wp-json\/wp\/v2\/product_cat?post=2950"},{"taxonomy":"product_tag","embeddable":true,"href":"https:\/\/pepinierepierreetlili.fr\/index.php\/wp-json\/wp\/v2\/product_tag?post=2950"}],"curies":[{"name":"wp","href":"https:\/\/api.w.org\/{rel}","templated":true}]}}