{"id":2945,"date":"2025-10-04T16:44:14","date_gmt":"2025-10-04T14:44:14","guid":{"rendered":"https:\/\/www.pepinierepierreetlili.fr\/?post_type=product&#038;p=2945"},"modified":"2025-12-15T16:44:39","modified_gmt":"2025-12-15T15:44:39","slug":"pommier-kandil-sina-rouge","status":"publish","type":"product","link":"https:\/\/pepinierepierreetlili.fr\/index.php\/produit\/pommier-kandil-sina-rouge\/","title":{"rendered":"Pommier KANDIL SINA ROUGE"},"content":{"rendered":"<p>Pommier Kandil Sina Rouge \u2013 Vari\u00e9t\u00e9 tr\u00e8s aromatique, allong\u00e9e et d\u2019une beaut\u00e9 remarquable<\/p>\n<p>Le pommier Kandil Sina Rouge est une vari\u00e9t\u00e9 moderne et tr\u00e8s \u00e9l\u00e9gante, reconnaissable \u00e0 ses fruits allong\u00e9s, rouge profond, au parfum intense. Sa chair fine, croquante, juteuse et sucr\u00e9e, en fait une excellente pomme de table, tr\u00e8s appr\u00e9ci\u00e9e pour son aspect d\u00e9coratif autant que pour sa qualit\u00e9 gustative.<\/p>\n<p>Arbre vigoureux, tol\u00e9rant et productif, le Kandil Sina Rouge s\u2019adapte extr\u00eamement bien aux sols vivants et aux climats chauds. Il montre une bonne r\u00e9sistance naturelle, une mise \u00e0 fruit rapide et une r\u00e9gularit\u00e9 remarquable. Greff\u00e9s sur porte-greffes s\u00e9lectionn\u00e9s pour ton terroir, nos scions assurent une reprise s\u00fbre, une croissance harmonieuse et une production g\u00e9n\u00e9reuse d\u00e8s les premi\u00e8res ann\u00e9es.<\/p>\n","protected":false},"excerpt":{"rendered":"<p>Pommier Kandil Sina Rouge \u2013 Vari\u00e9t\u00e9 tr\u00e8s aromatique, allong\u00e9e et d\u2019une beaut\u00e9 remarquable<\/p>\n<p>Le pommier Kandil Sina Rouge est une vari\u00e9t\u00e9 moderne et tr\u00e8s \u00e9l\u00e9gante, reconnaissable \u00e0 ses fruits allong\u00e9s, rouge profond, au parfum intense. Sa chair fine, croquante, juteuse et sucr\u00e9e, en fait une excellente pomme de table, tr\u00e8s appr\u00e9ci\u00e9e pour son aspect d\u00e9coratif autant que pour sa qualit\u00e9 gustative.<\/p>\n<p>Arbre vigoureux, tol\u00e9rant et productif, le Kandil Sina Rouge s\u2019adapte extr\u00eamement bien aux sols vivants et aux climats chauds. Il montre une bonne r\u00e9sistance naturelle, une mise \u00e0 fruit rapide et une r\u00e9gularit\u00e9 remarquable. Greff\u00e9s sur porte-greffes s\u00e9lectionn\u00e9s pour ton terroir, nos scions assurent une reprise s\u00fbre, une croissance harmonieuse et une production g\u00e9n\u00e9reuse d\u00e8s les premi\u00e8res ann\u00e9es.<\/p>\n","protected":false},"featured_media":0,"template":"","meta":{"site-sidebar-layout":"default","site-content-layout":"default","ast-global-header-display":"","ast-banner-title-visibility":"","ast-main-header-display":"","ast-hfb-above-header-display":"","ast-hfb-below-header-display":"","ast-hfb-mobile-header-display":"","site-post-title":"","ast-breadcrumbs-content":"","ast-featured-img":"","footer-sml-layout":"","theme-transparent-header-meta":"default","adv-header-id-meta":"","stick-header-meta":"","header-above-stick-meta":"","header-main-stick-meta":"","header-below-stick-meta":""},"product_brand":[],"product_cat":[54],"product_tag":[],"class_list":{"0":"post-2945","1":"product","2":"type-product","3":"status-publish","5":"product_cat-pommier","6":"desktop-align-left","7":"tablet-align-left","8":"mobile-align-left","10":"first","11":"outofstock","12":"featured","13":"taxable","14":"shipping-taxable","15":"purchasable","16":"product-type-variable"},"jetpack_sharing_enabled":true,"_links":{"self":[{"href":"https:\/\/pepinierepierreetlili.fr\/index.php\/wp-json\/wp\/v2\/product\/2945","targetHints":{"allow":["GET"]}}],"collection":[{"href":"https:\/\/pepinierepierreetlili.fr\/index.php\/wp-json\/wp\/v2\/product"}],"about":[{"href":"https:\/\/pepinierepierreetlili.fr\/index.php\/wp-json\/wp\/v2\/types\/product"}],"wp:attachment":[{"href":"https:\/\/pepinierepierreetlili.fr\/index.php\/wp-json\/wp\/v2\/media?parent=2945"}],"wp:term":[{"taxonomy":"product_brand","embeddable":true,"href":"https:\/\/pepinierepierreetlili.fr\/index.php\/wp-json\/wp\/v2\/product_brand?post=2945"},{"taxonomy":"product_cat","embeddable":true,"href":"https:\/\/pepinierepierreetlili.fr\/index.php\/wp-json\/wp\/v2\/product_cat?post=2945"},{"taxonomy":"product_tag","embeddable":true,"href":"https:\/\/pepinierepierreetlili.fr\/index.php\/wp-json\/wp\/v2\/product_tag?post=2945"}],"curies":[{"name":"wp","href":"https:\/\/api.w.org\/{rel}","templated":true}]}}