{"id":2935,"date":"2025-10-04T16:43:18","date_gmt":"2025-10-04T14:43:18","guid":{"rendered":"https:\/\/www.pepinierepierreetlili.fr\/?post_type=product&#038;p=2935"},"modified":"2025-12-15T16:44:39","modified_gmt":"2025-12-15T15:44:39","slug":"pommier-reinette-de-france","status":"publish","type":"product","link":"https:\/\/pepinierepierreetlili.fr\/index.php\/produit\/pommier-reinette-de-france\/","title":{"rendered":"Pommier REINETTE DE FRANCE"},"content":{"rendered":"<p>Pommier Reinette de France \u2013 Vari\u00e9t\u00e9 ancienne noble, parfum\u00e9e et excellente en conservation<\/p>\n<p>La Reinette de France est une vari\u00e9t\u00e9 ancienne prestigieuse, appr\u00e9ci\u00e9e pour ses fruits jaune-bronze \u00e0 la chair fine, sucr\u00e9e, parfum\u00e9e et l\u00e9g\u00e8rement acidul\u00e9e. C\u2019est une pomme d\u2019une grande finesse aromatique, parfaite \u00e0 croquer mais \u00e9galement exceptionnelle en p\u00e2tisserie, en compote ou en cuisson douce. Elle poss\u00e8de en plus une excellente capacit\u00e9 de conservation, ce qui permet de la savourer tout l\u2019hiver.<\/p>\n<p>Arbre vigoureux, rustique et r\u00e9gulier, la Reinette de France s\u2019int\u00e8gre parfaitement dans les vergers en sols vivants, o\u00f9 elle r\u00e9v\u00e8le toute sa long\u00e9vit\u00e9 et sa richesse gustative. Peu sensible aux maladies lorsqu\u2019elle est cultiv\u00e9e en agro\u00e9cologie, elle offre une production stable et une mise \u00e0 fruit fiable. Greff\u00e9s sur porte-greffes adapt\u00e9s \u00e0 ton terroir, nos scions assurent une reprise vigoureuse, une croissance \u00e9quilibr\u00e9e et une fructification harmonieuse.<\/p>\n","protected":false},"excerpt":{"rendered":"<p>Pommier Reinette de France \u2013 Vari\u00e9t\u00e9 ancienne noble, parfum\u00e9e et excellente en conservation<\/p>\n<p>La Reinette de France est une vari\u00e9t\u00e9 ancienne prestigieuse, appr\u00e9ci\u00e9e pour ses fruits jaune-bronze \u00e0 la chair fine, sucr\u00e9e, parfum\u00e9e et l\u00e9g\u00e8rement acidul\u00e9e. C\u2019est une pomme d\u2019une grande finesse aromatique, parfaite \u00e0 croquer mais \u00e9galement exceptionnelle en p\u00e2tisserie, en compote ou en cuisson douce. Elle poss\u00e8de en plus une excellente capacit\u00e9 de conservation, ce qui permet de la savourer tout l\u2019hiver.<\/p>\n<p>Arbre vigoureux, rustique et r\u00e9gulier, la Reinette de France s\u2019int\u00e8gre parfaitement dans les vergers en sols vivants, o\u00f9 elle r\u00e9v\u00e8le toute sa long\u00e9vit\u00e9 et sa richesse gustative. Peu sensible aux maladies lorsqu\u2019elle est cultiv\u00e9e en agro\u00e9cologie, elle offre une production stable et une mise \u00e0 fruit fiable. Greff\u00e9s sur porte-greffes adapt\u00e9s \u00e0 ton terroir, nos scions assurent une reprise vigoureuse, une croissance \u00e9quilibr\u00e9e et une fructification harmonieuse.<\/p>\n","protected":false},"featured_media":0,"template":"","meta":{"site-sidebar-layout":"default","site-content-layout":"default","ast-global-header-display":"","ast-banner-title-visibility":"","ast-main-header-display":"","ast-hfb-above-header-display":"","ast-hfb-below-header-display":"","ast-hfb-mobile-header-display":"","site-post-title":"","ast-breadcrumbs-content":"","ast-featured-img":"","footer-sml-layout":"","theme-transparent-header-meta":"default","adv-header-id-meta":"","stick-header-meta":"","header-above-stick-meta":"","header-main-stick-meta":"","header-below-stick-meta":""},"product_brand":[],"product_cat":[54],"product_tag":[],"class_list":{"0":"post-2935","1":"product","2":"type-product","3":"status-publish","5":"product_cat-pommier","6":"desktop-align-left","7":"tablet-align-left","8":"mobile-align-left","10":"first","11":"outofstock","12":"featured","13":"taxable","14":"shipping-taxable","15":"purchasable","16":"product-type-variable"},"jetpack_sharing_enabled":true,"_links":{"self":[{"href":"https:\/\/pepinierepierreetlili.fr\/index.php\/wp-json\/wp\/v2\/product\/2935","targetHints":{"allow":["GET"]}}],"collection":[{"href":"https:\/\/pepinierepierreetlili.fr\/index.php\/wp-json\/wp\/v2\/product"}],"about":[{"href":"https:\/\/pepinierepierreetlili.fr\/index.php\/wp-json\/wp\/v2\/types\/product"}],"wp:attachment":[{"href":"https:\/\/pepinierepierreetlili.fr\/index.php\/wp-json\/wp\/v2\/media?parent=2935"}],"wp:term":[{"taxonomy":"product_brand","embeddable":true,"href":"https:\/\/pepinierepierreetlili.fr\/index.php\/wp-json\/wp\/v2\/product_brand?post=2935"},{"taxonomy":"product_cat","embeddable":true,"href":"https:\/\/pepinierepierreetlili.fr\/index.php\/wp-json\/wp\/v2\/product_cat?post=2935"},{"taxonomy":"product_tag","embeddable":true,"href":"https:\/\/pepinierepierreetlili.fr\/index.php\/wp-json\/wp\/v2\/product_tag?post=2935"}],"curies":[{"name":"wp","href":"https:\/\/api.w.org\/{rel}","templated":true}]}}