{"id":2930,"date":"2025-10-04T16:42:21","date_gmt":"2025-10-04T14:42:21","guid":{"rendered":"https:\/\/www.pepinierepierreetlili.fr\/?post_type=product&#038;p=2930"},"modified":"2025-12-15T16:44:39","modified_gmt":"2025-12-15T15:44:39","slug":"pommier-reinette-ananas-rouge","status":"publish","type":"product","link":"https:\/\/pepinierepierreetlili.fr\/index.php\/produit\/pommier-reinette-ananas-rouge\/","title":{"rendered":"Pommier REINETTE ANANAS ROUGE"},"content":{"rendered":"<p>Pommier Reinette Ananas Rouge \u2013 Vari\u00e9t\u00e9 ancienne aromatique, sucr\u00e9e et tr\u00e8s d\u00e9corative<\/p>\n<p>La Reinette Ananas Rouge est une vari\u00e9t\u00e9 ancienne rare, appr\u00e9ci\u00e9e pour ses fruits rouge-orang\u00e9 stri\u00e9s, \u00e0 la chair fine, sucr\u00e9e, juteuse et tr\u00e8s parfum\u00e9e, avec une note l\u00e9g\u00e8rement ananas\u00e9e qui fait tout son charme. Excellente \u00e0 croquer, elle se pr\u00eate aussi tr\u00e8s bien \u00e0 la p\u00e2tisserie, aux compotes et aux jus.<\/p>\n<p>Arbre vigoureux, rustique et fiable, la Reinette Ananas Rouge s\u2019adapte particuli\u00e8rement bien aux sols vivants et aux vergers naturels. Sa production est r\u00e9guli\u00e8re et sa r\u00e9sistance naturelle int\u00e9ressante, m\u00eame en conditions s\u00e8ches. Greff\u00e9s sur notre s\u00e9lection de porte-greffes adapt\u00e9s au climat du Sud, nos scions garantissent une reprise vigoureuse, une croissance saine et une mise \u00e0 fruit rapide.<\/p>\n","protected":false},"excerpt":{"rendered":"<p>Pommier Reinette Ananas Rouge \u2013 Vari\u00e9t\u00e9 ancienne aromatique, sucr\u00e9e et tr\u00e8s d\u00e9corative<\/p>\n<p>La Reinette Ananas Rouge est une vari\u00e9t\u00e9 ancienne rare, appr\u00e9ci\u00e9e pour ses fruits rouge-orang\u00e9 stri\u00e9s, \u00e0 la chair fine, sucr\u00e9e, juteuse et tr\u00e8s parfum\u00e9e, avec une note l\u00e9g\u00e8rement ananas\u00e9e qui fait tout son charme. Excellente \u00e0 croquer, elle se pr\u00eate aussi tr\u00e8s bien \u00e0 la p\u00e2tisserie, aux compotes et aux jus.<\/p>\n<p>Arbre vigoureux, rustique et fiable, la Reinette Ananas Rouge s\u2019adapte particuli\u00e8rement bien aux sols vivants et aux vergers naturels. Sa production est r\u00e9guli\u00e8re et sa r\u00e9sistance naturelle int\u00e9ressante, m\u00eame en conditions s\u00e8ches. Greff\u00e9s sur notre s\u00e9lection de porte-greffes adapt\u00e9s au climat du Sud, nos scions garantissent une reprise vigoureuse, une croissance saine et une mise \u00e0 fruit rapide.<\/p>\n","protected":false},"featured_media":0,"template":"","meta":{"site-sidebar-layout":"default","site-content-layout":"default","ast-global-header-display":"","ast-banner-title-visibility":"","ast-main-header-display":"","ast-hfb-above-header-display":"","ast-hfb-below-header-display":"","ast-hfb-mobile-header-display":"","site-post-title":"","ast-breadcrumbs-content":"","ast-featured-img":"","footer-sml-layout":"","theme-transparent-header-meta":"default","adv-header-id-meta":"","stick-header-meta":"","header-above-stick-meta":"","header-main-stick-meta":"","header-below-stick-meta":""},"product_brand":[],"product_cat":[54],"product_tag":[],"class_list":{"0":"post-2930","1":"product","2":"type-product","3":"status-publish","5":"product_cat-pommier","6":"desktop-align-left","7":"tablet-align-left","8":"mobile-align-left","10":"first","11":"outofstock","12":"featured","13":"taxable","14":"shipping-taxable","15":"purchasable","16":"product-type-variable"},"jetpack_sharing_enabled":true,"_links":{"self":[{"href":"https:\/\/pepinierepierreetlili.fr\/index.php\/wp-json\/wp\/v2\/product\/2930","targetHints":{"allow":["GET"]}}],"collection":[{"href":"https:\/\/pepinierepierreetlili.fr\/index.php\/wp-json\/wp\/v2\/product"}],"about":[{"href":"https:\/\/pepinierepierreetlili.fr\/index.php\/wp-json\/wp\/v2\/types\/product"}],"wp:attachment":[{"href":"https:\/\/pepinierepierreetlili.fr\/index.php\/wp-json\/wp\/v2\/media?parent=2930"}],"wp:term":[{"taxonomy":"product_brand","embeddable":true,"href":"https:\/\/pepinierepierreetlili.fr\/index.php\/wp-json\/wp\/v2\/product_brand?post=2930"},{"taxonomy":"product_cat","embeddable":true,"href":"https:\/\/pepinierepierreetlili.fr\/index.php\/wp-json\/wp\/v2\/product_cat?post=2930"},{"taxonomy":"product_tag","embeddable":true,"href":"https:\/\/pepinierepierreetlili.fr\/index.php\/wp-json\/wp\/v2\/product_tag?post=2930"}],"curies":[{"name":"wp","href":"https:\/\/api.w.org\/{rel}","templated":true}]}}