{"id":2925,"date":"2025-10-04T16:39:26","date_gmt":"2025-10-04T14:39:26","guid":{"rendered":"https:\/\/www.pepinierepierreetlili.fr\/?post_type=product&#038;p=2925"},"modified":"2025-12-26T10:11:55","modified_gmt":"2025-12-26T09:11:55","slug":"pommier-booskoop-rouge-406","status":"publish","type":"product","link":"https:\/\/pepinierepierreetlili.fr\/index.php\/produit\/pommier-booskoop-rouge-406\/","title":{"rendered":"Pommier BOOSKOOP Rouge 406"},"content":{"rendered":"<p>Pommier Boskoop Rouge 406 \u2013 Vari\u00e9t\u00e9 tr\u00e8s vigoureuse, acidul\u00e9e, parfaite pour la p\u00e2tisserie<\/p>\n<p>Le pommier Boskoop Rouge 406 est une s\u00e9lection du c\u00e9l\u00e8bre Boskoop, encore plus color\u00e9e et tout aussi aromatique. Ses gros fruits rouge-orang\u00e9, \u00e0 la chair ferme, acidul\u00e9e, parfum\u00e9e et puissante, en font une des meilleures pommes pour la p\u00e2tisserie, la compote, les tartes et les jus. C\u2019est une pomme de caract\u00e8re, qui d\u00e9veloppe toute sa richesse aromatique en cuisson.<\/p>\n<p>Arbre tr\u00e8s vigoureux, rustique et productif, le Boskoop Rouge 406 s\u2019adapte parfaitement aux sols vivants et aux vergers naturels. Il supporte bien les climats secs, montre une bonne tol\u00e9rance aux maladies et produit r\u00e9guli\u00e8rement de grosses pommes de tr\u00e8s belle qualit\u00e9. Greff\u00e9s sur porte-greffes adapt\u00e9s \u00e0 ton terroir, nos scions assurent une reprise vigoureuse, une croissance harmonieuse et une mise \u00e0 fruit fiable.<\/p>\n","protected":false},"excerpt":{"rendered":"<p>Pommier Boskoop Rouge 406 \u2013 Vari\u00e9t\u00e9 tr\u00e8s vigoureuse, acidul\u00e9e, parfaite pour la p\u00e2tisserie<\/p>\n<p>Le pommier Boskoop Rouge 406 est une s\u00e9lection du c\u00e9l\u00e8bre Boskoop, encore plus color\u00e9e et tout aussi aromatique. Ses gros fruits rouge-orang\u00e9, \u00e0 la chair ferme, acidul\u00e9e, parfum\u00e9e et puissante, en font une des meilleures pommes pour la p\u00e2tisserie, la compote, les tartes et les jus. C\u2019est une pomme de caract\u00e8re, qui d\u00e9veloppe toute sa richesse aromatique en cuisson.<\/p>\n<p>Arbre tr\u00e8s vigoureux, rustique et productif, le Boskoop Rouge 406 s\u2019adapte parfaitement aux sols vivants et aux vergers naturels. Il supporte bien les climats secs, montre une bonne tol\u00e9rance aux maladies et produit r\u00e9guli\u00e8rement de grosses pommes de tr\u00e8s belle qualit\u00e9. Greff\u00e9s sur porte-greffes adapt\u00e9s \u00e0 ton terroir, nos scions assurent une reprise vigoureuse, une croissance harmonieuse et une mise \u00e0 fruit fiable.<\/p>\n","protected":false},"featured_media":0,"template":"","meta":{"site-sidebar-layout":"default","site-content-layout":"default","ast-global-header-display":"","ast-banner-title-visibility":"","ast-main-header-display":"","ast-hfb-above-header-display":"","ast-hfb-below-header-display":"","ast-hfb-mobile-header-display":"","site-post-title":"","ast-breadcrumbs-content":"","ast-featured-img":"","footer-sml-layout":"","theme-transparent-header-meta":"default","adv-header-id-meta":"","stick-header-meta":"","header-above-stick-meta":"","header-main-stick-meta":"","header-below-stick-meta":""},"product_brand":[],"product_cat":[54],"product_tag":[],"class_list":{"0":"post-2925","1":"product","2":"type-product","3":"status-publish","5":"product_cat-pommier","6":"desktop-align-left","7":"tablet-align-left","8":"mobile-align-left","10":"first","11":"outofstock","12":"featured","13":"taxable","14":"shipping-taxable","15":"purchasable","16":"product-type-variable"},"jetpack_sharing_enabled":true,"_links":{"self":[{"href":"https:\/\/pepinierepierreetlili.fr\/index.php\/wp-json\/wp\/v2\/product\/2925","targetHints":{"allow":["GET"]}}],"collection":[{"href":"https:\/\/pepinierepierreetlili.fr\/index.php\/wp-json\/wp\/v2\/product"}],"about":[{"href":"https:\/\/pepinierepierreetlili.fr\/index.php\/wp-json\/wp\/v2\/types\/product"}],"wp:attachment":[{"href":"https:\/\/pepinierepierreetlili.fr\/index.php\/wp-json\/wp\/v2\/media?parent=2925"}],"wp:term":[{"taxonomy":"product_brand","embeddable":true,"href":"https:\/\/pepinierepierreetlili.fr\/index.php\/wp-json\/wp\/v2\/product_brand?post=2925"},{"taxonomy":"product_cat","embeddable":true,"href":"https:\/\/pepinierepierreetlili.fr\/index.php\/wp-json\/wp\/v2\/product_cat?post=2925"},{"taxonomy":"product_tag","embeddable":true,"href":"https:\/\/pepinierepierreetlili.fr\/index.php\/wp-json\/wp\/v2\/product_tag?post=2925"}],"curies":[{"name":"wp","href":"https:\/\/api.w.org\/{rel}","templated":true}]}}