{"id":285,"date":"2023-06-08T12:00:59","date_gmt":"2023-06-08T10:00:59","guid":{"rendered":"http:\/\/pepinierepierreetlili.fr\/?post_type=product&#038;p=285"},"modified":"2025-12-25T14:47:30","modified_gmt":"2025-12-25T13:47:30","slug":"plaqueminier-jiro","status":"publish","type":"product","link":"https:\/\/pepinierepierreetlili.fr\/index.php\/produit\/plaqueminier-jiro\/","title":{"rendered":"Plaqueminier JIRO"},"content":{"rendered":"<p>Plaqueminier Jiro<\/p>\n<p>Le plaqueminier \u2018Jiro\u2019 est une vari\u00e9t\u00e9 pr\u00e9coce et productive, appr\u00e9ci\u00e9e pour ses fruits sucr\u00e9s, fermes et faciles \u00e0 consommer. Cet arbre fruitier s\u2019adapte parfaitement aux vergers familiaux, jardins spacieux ou \u00e0 la culture en collection, alliant esth\u00e9tique, rendement et qualit\u00e9 gustative.<\/p>\n<p>Le plaqueminier Jiro produit des kakis fermes et l\u00e9g\u00e8rement aplatis, qui peuvent \u00eatre consomm\u00e9s frais, en desserts ou en cuisine. Les fruits se r\u00e9coltent en automne et se conservent plusieurs semaines, offrant une saveur douce et une texture agr\u00e9able m\u00eame avant pleine maturit\u00e9.<\/p>\n<p>Dans notre p\u00e9pini\u00e8re, le plaqueminier est cultiv\u00e9 sans travail du sol et selon des m\u00e9thodes biologiques, assurant des arbres robustes, r\u00e9sistants aux maladies et adapt\u00e9s \u00e0 diff\u00e9rents climats. Cette culture favorise un enracinement profond et une assimilation optimale des nutriments.<\/p>\n<p>\ud83c\udf31 Donn\u00e9es techniques<br \/>\nVigueur : mod\u00e9r\u00e9e \u00e0 vigoureuse<br \/>\nPort : \u00e9tal\u00e9 et arrondi<br \/>\nMise \u00e0 fruit : pr\u00e9coce, 2\u20113 ans apr\u00e8s plantation<br \/>\nProduction : r\u00e9guli\u00e8re et abondante<br \/>\nP\u00e9riode de floraison : printemps<br \/>\nPollinisation : autofertile mais pr\u00e9sence d\u2019autres plaqueminiers peut am\u00e9liorer la production<br \/>\nP\u00e9riode de r\u00e9colte : automne (fin octobre \u00e0 novembre selon r\u00e9gion)<br \/>\nUtilisation des fruits : consommation fra\u00eeche, desserts, cuisine<br \/>\nAdaptation climatique : bonne, pr\u00e9f\u00e8re climat temp\u00e9r\u00e9 doux<br \/>\nMode de culture : agriculture biologique, sans travail du sol<br \/>\nParticularit\u00e9 : fruit sucr\u00e9, ferme, se consomme avant ou apr\u00e8s pleine maturit\u00e9<\/p>\n","protected":false},"excerpt":{"rendered":"<p>Plaqueminier Jiro<\/p>\n<p>Le plaqueminier \u2018Jiro\u2019 est une vari\u00e9t\u00e9 pr\u00e9coce et productive, appr\u00e9ci\u00e9e pour ses fruits sucr\u00e9s, fermes et faciles \u00e0 consommer. Cet arbre fruitier s\u2019adapte parfaitement aux vergers familiaux, jardins spacieux ou \u00e0 la culture en collection, alliant esth\u00e9tique, rendement et qualit\u00e9 gustative.<\/p>\n<p>Le plaqueminier Jiro produit des kakis fermes et l\u00e9g\u00e8rement aplatis, qui peuvent \u00eatre consomm\u00e9s frais, en desserts ou en cuisine. Les fruits se r\u00e9coltent en automne et se conservent plusieurs semaines, offrant une saveur douce et une texture agr\u00e9able m\u00eame avant pleine maturit\u00e9.<\/p>\n<p>Dans notre p\u00e9pini\u00e8re, le plaqueminier est cultiv\u00e9 sans travail du sol et selon des m\u00e9thodes biologiques, assurant des arbres robustes, r\u00e9sistants aux maladies et adapt\u00e9s \u00e0 diff\u00e9rents climats. Cette culture favorise un enracinement profond et une assimilation optimale des nutriments.<\/p>\n<p>\ud83c\udf31 Donn\u00e9es techniques<br \/>\nVigueur : mod\u00e9r\u00e9e \u00e0 vigoureuse<br \/>\nPort : \u00e9tal\u00e9 et arrondi<br \/>\nMise \u00e0 fruit : pr\u00e9coce, 2\u20113 ans apr\u00e8s plantation<br \/>\nProduction : r\u00e9guli\u00e8re et abondante<br \/>\nP\u00e9riode de floraison : printemps<br \/>\nPollinisation : autofertile mais pr\u00e9sence d\u2019autres plaqueminiers peut am\u00e9liorer la production<br \/>\nP\u00e9riode de r\u00e9colte : automne (fin octobre \u00e0 novembre selon r\u00e9gion)<br \/>\nUtilisation des fruits : consommation fra\u00eeche, desserts, cuisine<br \/>\nAdaptation climatique : bonne, pr\u00e9f\u00e8re climat temp\u00e9r\u00e9 doux<br \/>\nMode de culture : agriculture biologique, sans travail du sol<br \/>\nParticularit\u00e9 : fruit sucr\u00e9, ferme, se consomme avant ou apr\u00e8s pleine maturit\u00e9<\/p>\n","protected":false},"featured_media":1676,"template":"","meta":{"site-sidebar-layout":"default","site-content-layout":"default","ast-global-header-display":"","ast-banner-title-visibility":"","ast-main-header-display":"","ast-hfb-above-header-display":"","ast-hfb-below-header-display":"","ast-hfb-mobile-header-display":"","site-post-title":"","ast-breadcrumbs-content":"","ast-featured-img":"","footer-sml-layout":"","theme-transparent-header-meta":"default","adv-header-id-meta":"","stick-header-meta":"","header-above-stick-meta":"","header-main-stick-meta":"","header-below-stick-meta":""},"product_brand":[],"product_cat":[56,93],"product_tag":[],"class_list":{"0":"post-285","1":"product","2":"type-product","3":"status-publish","4":"has-post-thumbnail","6":"product_cat-plaqueminier","7":"product_cat-scions-fruits-a-noyaux","8":"desktop-align-left","9":"tablet-align-left","10":"mobile-align-left","12":"first","13":"outofstock","14":"featured","15":"taxable","16":"shipping-taxable","17":"purchasable","18":"product-type-variable"},"jetpack_sharing_enabled":true,"_links":{"self":[{"href":"https:\/\/pepinierepierreetlili.fr\/index.php\/wp-json\/wp\/v2\/product\/285","targetHints":{"allow":["GET"]}}],"collection":[{"href":"https:\/\/pepinierepierreetlili.fr\/index.php\/wp-json\/wp\/v2\/product"}],"about":[{"href":"https:\/\/pepinierepierreetlili.fr\/index.php\/wp-json\/wp\/v2\/types\/product"}],"wp:featuredmedia":[{"embeddable":true,"href":"https:\/\/pepinierepierreetlili.fr\/index.php\/wp-json\/wp\/v2\/media\/1676"}],"wp:attachment":[{"href":"https:\/\/pepinierepierreetlili.fr\/index.php\/wp-json\/wp\/v2\/media?parent=285"}],"wp:term":[{"taxonomy":"product_brand","embeddable":true,"href":"https:\/\/pepinierepierreetlili.fr\/index.php\/wp-json\/wp\/v2\/product_brand?post=285"},{"taxonomy":"product_cat","embeddable":true,"href":"https:\/\/pepinierepierreetlili.fr\/index.php\/wp-json\/wp\/v2\/product_cat?post=285"},{"taxonomy":"product_tag","embeddable":true,"href":"https:\/\/pepinierepierreetlili.fr\/index.php\/wp-json\/wp\/v2\/product_tag?post=285"}],"curies":[{"name":"wp","href":"https:\/\/api.w.org\/{rel}","templated":true}]}}