{"id":266,"date":"2023-06-08T11:32:20","date_gmt":"2023-06-08T09:32:20","guid":{"rendered":"http:\/\/pepinierepierreetlili.fr\/?post_type=product&#038;p=266"},"modified":"2025-12-23T13:50:48","modified_gmt":"2025-12-23T12:50:48","slug":"figuier-goutte-dor","status":"publish","type":"product","link":"https:\/\/pepinierepierreetlili.fr\/index.php\/produit\/figuier-goutte-dor\/","title":{"rendered":"Figuier NOIRE DE CAROMB"},"content":{"rendered":"<p><span style=\"font-size: large;\"><span style=\"font-family: GeosansLight, sans-serif;\">Le figuier Noire de Caromb est un arbre qui vous donnera des gros fruits savoureux, juteux et sucr\u00e9s.<\/span><\/span><\/p>\n<p><span style=\"font-size: large;\"><span style=\"font-family: GeosansLight, sans-serif;\">Violet Bleu \u00e0 l\u2019ext\u00e9rieur, un beau rouge vous attends \u00e0 l\u2019int\u00e9rieur\u00a0!<\/span><\/span><\/p>\n<p><span style=\"font-size: large;\"><span style=\"font-family: GeosansLight, sans-serif;\">Vous pourrez vous r\u00e9galer deux fois (d\u00e9but juillet et fin ao\u00fbt d\u00e9but septembre) car c\u2019est un arbre bif\u00e8re.<\/span><\/span><\/p>\n<p><span style=\"font-size: large;\"><span style=\"font-family: GeosansLight, sans-serif;\">Il perdra la totalit\u00e9 de ses feuilles en automne (arbre caduc)<\/span><\/span><\/p>\n<p><span style=\"font-size: large;\"><span style=\"font-family: GeosansLight, sans-serif;\">Plantez le dans un lieu ensoleill\u00e9 et si possible \u00e0 l\u2019abri du vent, il saura vous remercier\u00a0!<\/span><\/span><\/p>\n<p align=\"left\"><span style=\"color: #800080;\"><span style=\"font-family: GeosansLight, sans-serif;\"><span style=\"font-size: large;\"><b>Agriculture Biologique AB, <\/b><\/span><\/span><\/span><span style=\"color: #800080;\"><span style=\"font-family: GeosansLight, sans-serif;\"><span style=\"font-size: large;\"><b>Agriculture de <\/b><\/span><\/span><\/span><span style=\"color: #800080;\"><span style=\"font-family: GeosansLight, sans-serif;\"><span style=\"font-size: large;\"><b>Conservation des sols, Sol vivant, Permac<\/b><\/span><\/span><\/span><span style=\"color: #800080;\"><span style=\"font-family: GeosansLight, sans-serif;\"><span style=\"font-size: large;\"><b>ulture. <\/b><\/span><\/span><\/span><span style=\"color: #000000;\"><span style=\"font-family: GeosansLight, sans-serif;\"><span style=\"font-size: small;\"><i>(voir fiche explicative \u00ab\u00a0c\u2019est quoi l\u2019agriculture de conservation des sols\u00a0\u00bb)<\/i><\/span><\/span><\/span><\/p>\n<p align=\"left\"><span style=\"font-family: GeosansLight, sans-serif;\"><span style=\"font-size: large;\">Vendu Racine \u00e0 nues <span style=\"font-size: small;\"><i>(voir fiche explicative \u00ab\u00a0pourquoi les racines nues?)<\/i><\/span><\/span><\/span><\/p>\n<p align=\"left\"><span style=\"font-family: GeosansLight, sans-serif;\"><b>Livraison<\/b> possible dans toute la France <\/span><\/p>\n<p align=\"left\"><span style=\"font-family: GeosansLight, sans-serif;\"><span style=\"font-size: large;\"><span style=\"font-family: GeosansLight, serif;\"><span style=\"font-size: medium;\"><i>Pierre, Lili et Paolo vous remercie<\/i><\/span><\/span><span style=\"font-family: GeosansLight, serif;\"><span style=\"font-size: medium;\"><i>nt<\/i><\/span><\/span><span style=\"font-family: GeosansLight, serif;\"><span style=\"font-size: medium;\"><i>\u00a0!<\/i><\/span><\/span><\/span><\/span><\/p>\n<p>&nbsp;<\/p>\n","protected":false},"excerpt":{"rendered":"<p><span style=\"font-size: large;\"><span style=\"font-family: GeosansLight, sans-serif;\">Rustique\u00a0: -15\u00b0<\/span><\/span><\/p>\n<p><span style=\"font-size: large;\"><span style=\"font-family: GeosansLight, sans-serif;\">Gros fruits juteux et sucr\u00e9s<\/span><\/span><\/p>\n<p><span style=\"font-size: large;\"><span style=\"font-family: GeosansLight, sans-serif;\">Bif\u00e8re<\/span><\/span><\/p>\n<p><span style=\"font-size: large;\"><span style=\"font-family: GeosansLight, sans-serif;\">Caduc<\/span><\/span><\/p>\n<p><span style=\"font-size: large;\"><span style=\"font-family: GeosansLight, sans-serif;\">Exposition ensoleill\u00e9e et \u00e0 l&rsquo;abri du vent<\/span><\/span><\/p>\n<p align=\"left\"><span style=\"color: #800080;\"><span style=\"font-family: GeosansLight, sans-serif;\"><span style=\"font-size: large;\"><b>Agriculture Biologique AB, <\/b><\/span><\/span><\/span><span style=\"color: #800080;\"><span style=\"font-family: GeosansLight, sans-serif;\"><span style=\"font-size: large;\"><b>Agriculture de <\/b><\/span><\/span><\/span><span style=\"color: #800080;\"><span style=\"font-family: GeosansLight, sans-serif;\"><span style=\"font-size: large;\"><b>Conservation des sols, Sol vivant, Permac<\/b><\/span><\/span><\/span><span style=\"color: #800080;\"><span style=\"font-family: GeosansLight, sans-serif;\"><span style=\"font-size: large;\"><b>ulture. <\/b><\/span><\/span><\/span><span style=\"color: #000000;\"><span style=\"font-family: GeosansLight, sans-serif;\"><span style=\"font-size: small;\"><i>(voir fiche explicative \u00ab\u00a0c\u2019est quoi l\u2019agriculture de conservation des sols\u00a0\u00bb)<\/i><\/span><\/span><\/span><\/p>\n<p align=\"left\"><span style=\"font-family: GeosansLight, sans-serif;\"><span style=\"font-size: large;\">Vendu Racine \u00e0 nues <span style=\"font-size: small;\"><i>(voir fiche explicative \u00ab\u00a0pourquoi les racines nues?)<\/i><\/span><\/span><\/span><\/p>\n<p>&nbsp;<\/p>\n","protected":false},"featured_media":1688,"template":"","meta":{"site-sidebar-layout":"default","site-content-layout":"default","ast-global-header-display":"","ast-banner-title-visibility":"","ast-main-header-display":"","ast-hfb-above-header-display":"","ast-hfb-below-header-display":"","ast-hfb-mobile-header-display":"","site-post-title":"","ast-breadcrumbs-content":"","ast-featured-img":"","footer-sml-layout":"","theme-transparent-header-meta":"default","adv-header-id-meta":"","stick-header-meta":"","header-above-stick-meta":"","header-main-stick-meta":"","header-below-stick-meta":""},"product_brand":[],"product_cat":[96,50],"product_tag":[],"class_list":{"0":"post-266","1":"product","2":"type-product","3":"status-publish","4":"has-post-thumbnail","6":"product_cat-bifere","7":"product_cat-figuier","8":"desktop-align-left","9":"tablet-align-left","10":"mobile-align-left","12":"first","13":"outofstock","14":"featured","15":"taxable","16":"shipping-taxable","17":"purchasable","18":"product-type-simple"},"jetpack_sharing_enabled":true,"_links":{"self":[{"href":"https:\/\/pepinierepierreetlili.fr\/index.php\/wp-json\/wp\/v2\/product\/266","targetHints":{"allow":["GET"]}}],"collection":[{"href":"https:\/\/pepinierepierreetlili.fr\/index.php\/wp-json\/wp\/v2\/product"}],"about":[{"href":"https:\/\/pepinierepierreetlili.fr\/index.php\/wp-json\/wp\/v2\/types\/product"}],"wp:featuredmedia":[{"embeddable":true,"href":"https:\/\/pepinierepierreetlili.fr\/index.php\/wp-json\/wp\/v2\/media\/1688"}],"wp:attachment":[{"href":"https:\/\/pepinierepierreetlili.fr\/index.php\/wp-json\/wp\/v2\/media?parent=266"}],"wp:term":[{"taxonomy":"product_brand","embeddable":true,"href":"https:\/\/pepinierepierreetlili.fr\/index.php\/wp-json\/wp\/v2\/product_brand?post=266"},{"taxonomy":"product_cat","embeddable":true,"href":"https:\/\/pepinierepierreetlili.fr\/index.php\/wp-json\/wp\/v2\/product_cat?post=266"},{"taxonomy":"product_tag","embeddable":true,"href":"https:\/\/pepinierepierreetlili.fr\/index.php\/wp-json\/wp\/v2\/product_tag?post=266"}],"curies":[{"name":"wp","href":"https:\/\/api.w.org\/{rel}","templated":true}]}}