{"id":243,"date":"2023-06-08T11:02:40","date_gmt":"2023-06-08T09:02:40","guid":{"rendered":"http:\/\/pepinierepierreetlili.fr\/?post_type=product&#038;p=243"},"modified":"2025-12-25T15:36:38","modified_gmt":"2025-12-25T14:36:38","slug":"poirier-dautomne-louise-bonne","status":"publish","type":"product","link":"https:\/\/pepinierepierreetlili.fr\/index.php\/produit\/poirier-dautomne-louise-bonne\/","title":{"rendered":"Poirier d&rsquo;Automne LOUISE BONNE"},"content":{"rendered":"<h3><span style=\"color: #ec6fb7;\"><span style=\"font-family: GeosansLight, sans-serif;\"><span style=\"font-size: xx-large;\"><b>Poirier d\u2019Automne Louise Bonne<\/b><\/span><\/span><\/span><\/h3>\n<p>&nbsp;<\/p>\n<p align=\"left\"><span style=\"color: #666666;\"><span style=\"font-family: GeosansLight, sans-serif;\"><span style=\"font-size: large;\">Cette poire f\u00fbt obtenue d&rsquo;un semis de hasard r\u00e9alis\u00e9 par M. Longueval d&rsquo;Avranches vers 1770. Longueval lui attribuera le nom de Bonne-Louise, d&rsquo;apr\u00e8s celui de sa femme, Louise de Longueval.\u00a0<\/span><\/span><\/span><\/p>\n<p align=\"left\"><span style=\"color: #666666;\"><span style=\"font-family: GeosansLight, sans-serif;\"><span style=\"font-size: large;\">Ce poirier se pla\u00eet en altitude ou il produira des fruits encore plus savoureux, attention il est un peu sensible \u00e0 la tavelure et dans les zones humides les traitements seront difficiles \u00e0 \u00e9viter.<\/span><\/span><\/span><\/p>\n<p align=\"left\"><span style=\"color: #666666;\"><span style=\"font-family: GeosansLight, sans-serif;\"><span style=\"font-size: large;\">Les fruits iront du vert au rouge carmin en fonction de leur exposition au soleil, leur chair, blanche, tr\u00e8s juteuse est parfum\u00e9e, une excellente poire.<\/span><\/span><\/span><\/p>\n<p align=\"left\"><span style=\"color: #666666;\"><span style=\"font-family: GeosansLight, sans-serif;\"><span style=\"font-size: large;\">La floraison qui \u00e0 lieu vers mi-avril est autofertile, mais d&rsquo;autres poiriers de proximit\u00e9 qui fleurissent au m\u00eame moment le rendront plus productif. Vous r\u00e9colterez aux alentours de septembre<\/span><\/span><\/span><\/p>\n<p align=\"left\"><span style=\"font-size: large;\"><span style=\"color: #800080;\"><span style=\"font-family: GeosansLight, serif;\"><b>Arbre produit en Agriculture Biologique, labellis\u00e9 \u00ab\u00a0AB\u00a0\u00bb avec des strat\u00e9gies d&rsquo;Agriculture de Conservation des sols, sols vivants, permaculture<\/b><\/span><\/span><\/span><\/p>\n<p align=\"left\"><span style=\"font-size: large;\"><b> <\/b><span style=\"color: #000000;\"><span style=\"font-family: GeosansLight, serif;\"><i>(voir fiche explicative \u00ab <a href=\"https:\/\/www.pepinierepierreetlili.fr\/index.php\/msv-maraichage-sur-sol-vivant-psv-pepiniere-quest-ce-que-cest\/\">C\u2019est quoi l\u2019agriculture de conservation des sols ? \u2013 PEPINIERE PIERRE ET LILI<\/a>\u00bb)<\/i><\/span><\/span><\/span><\/p>\n<p align=\"left\"><span style=\"font-size: large;\"><span style=\"font-family: GeosansLight, serif;\">Vendu Racines nues <\/span><span style=\"font-family: GeosansLight, serif;\"><i>(voir fiche explicative \u00ab<a href=\"https:\/\/www.pepinierepierreetlili.fr\/index.php\/pourquoi-les-racines-nues\/\">pourquoi les racines nues ? \u2013 PEPINIERE PIERRE ET LILI<\/a><span style=\"color: #000000;\">\u00bb)<\/span><\/i><\/span><\/span><\/p>\n<p align=\"left\"><span style=\"font-family: GeosansLight, sans-serif;\"><b>Livraison<\/b> possible dans toute la France\u00a0<\/span><\/p>\n<p align=\"left\"><span style=\"font-family: GeosansLight, sans-serif;\"><span style=\"font-size: large;\"><span style=\"font-family: GeosansLight, serif;\"><span style=\"font-size: medium;\"><i>Pierre, Lili et Paolo vous remercie<\/i><\/span><\/span><span style=\"font-family: GeosansLight, serif;\"><span style=\"font-size: medium;\"><i>nt<\/i><\/span><\/span><span style=\"font-family: GeosansLight, serif;\"><span style=\"font-size: medium;\"><i>\u00a0!<\/i><\/span><\/span><\/span><\/span><\/p>\n<p>&nbsp;<\/p>\n","protected":false},"excerpt":{"rendered":"<p align=\"left\"><span style=\"color: #666666;\"><span style=\"font-family: GeosansLight, sans-serif;\"><span style=\"font-size: large;\">Vari\u00e9t\u00e9 ancienne Fran\u00e7aise 1780<\/span><\/span><\/span><\/p>\n<p align=\"left\"><span style=\"color: #666666;\"><span style=\"font-family: GeosansLight, sans-serif;\"><span style=\"font-size: large;\">Autofertile<\/span><\/span><\/span><\/p>\n<p align=\"left\"><span style=\"color: #666666;\"><span style=\"font-family: GeosansLight, sans-serif;\"><span style=\"font-size: large;\">Vigueur moyenne, vari\u00e9t\u00e9 productive<\/span><\/span><\/span><\/p>\n<p align=\"left\"><span style=\"color: #666666;\"><span style=\"font-family: GeosansLight, sans-serif;\"><span style=\"font-size: large;\">Chair blanche, fondante, juteuse, parfum\u00e9e<\/span><\/span><\/span><\/p>\n<p align=\"left\"><span style=\"color: #666666;\"><span style=\"font-family: GeosansLight, sans-serif;\"><span style=\"font-size: large;\">Attention, sensible \u00e0 la tavelure <\/span><\/span><\/span><\/p>\n<p align=\"left\"><span style=\"color: #666666;\"><span style=\"font-family: GeosansLight, sans-serif;\"><span style=\"font-size: large;\">Floraison vers mi-avril<\/span><\/span><\/span><\/p>\n<p align=\"left\"><span style=\"color: #666666;\"><span style=\"font-family: GeosansLight, sans-serif;\"><span style=\"font-size: large;\">R\u00e9colte vers Septembre<\/span><\/span><\/span><\/p>\n<p>&nbsp;<\/p>\n","protected":false},"featured_media":2190,"template":"","meta":{"site-sidebar-layout":"default","site-content-layout":"default","ast-global-header-display":"","ast-banner-title-visibility":"","ast-main-header-display":"","ast-hfb-above-header-display":"","ast-hfb-below-header-display":"","ast-hfb-mobile-header-display":"","site-post-title":"","ast-breadcrumbs-content":"","ast-featured-img":"","footer-sml-layout":"","theme-transparent-header-meta":"default","adv-header-id-meta":"","stick-header-meta":"","header-above-stick-meta":"","header-main-stick-meta":"","header-below-stick-meta":""},"product_brand":[],"product_cat":[58,55],"product_tag":[],"class_list":{"0":"post-243","1":"product","2":"type-product","3":"status-publish","4":"has-post-thumbnail","6":"product_cat-poire-dautomne","7":"product_cat-poirier","8":"desktop-align-left","9":"tablet-align-left","10":"mobile-align-left","12":"first","13":"outofstock","14":"featured","15":"taxable","16":"shipping-taxable","17":"purchasable","18":"product-type-variable"},"jetpack_sharing_enabled":true,"_links":{"self":[{"href":"https:\/\/pepinierepierreetlili.fr\/index.php\/wp-json\/wp\/v2\/product\/243","targetHints":{"allow":["GET"]}}],"collection":[{"href":"https:\/\/pepinierepierreetlili.fr\/index.php\/wp-json\/wp\/v2\/product"}],"about":[{"href":"https:\/\/pepinierepierreetlili.fr\/index.php\/wp-json\/wp\/v2\/types\/product"}],"wp:featuredmedia":[{"embeddable":true,"href":"https:\/\/pepinierepierreetlili.fr\/index.php\/wp-json\/wp\/v2\/media\/2190"}],"wp:attachment":[{"href":"https:\/\/pepinierepierreetlili.fr\/index.php\/wp-json\/wp\/v2\/media?parent=243"}],"wp:term":[{"taxonomy":"product_brand","embeddable":true,"href":"https:\/\/pepinierepierreetlili.fr\/index.php\/wp-json\/wp\/v2\/product_brand?post=243"},{"taxonomy":"product_cat","embeddable":true,"href":"https:\/\/pepinierepierreetlili.fr\/index.php\/wp-json\/wp\/v2\/product_cat?post=243"},{"taxonomy":"product_tag","embeddable":true,"href":"https:\/\/pepinierepierreetlili.fr\/index.php\/wp-json\/wp\/v2\/product_tag?post=243"}],"curies":[{"name":"wp","href":"https:\/\/api.w.org\/{rel}","templated":true}]}}