{"id":234,"date":"2023-06-08T10:40:55","date_gmt":"2023-06-08T08:40:55","guid":{"rendered":"http:\/\/pepinierepierreetlili.fr\/?post_type=product&#038;p=234"},"modified":"2025-12-26T10:27:27","modified_gmt":"2025-12-26T09:27:27","slug":"pommier-de-garde-court-pendu-gris","status":"publish","type":"product","link":"https:\/\/pepinierepierreetlili.fr\/index.php\/produit\/pommier-de-garde-court-pendu-gris\/","title":{"rendered":"Pommier de Garde COURT PENDU GRIS"},"content":{"rendered":"<h3 align=\"left\"><span style=\"color: #ec6fb7;\"><span style=\"font-family: GeosansLight, serif;\"><span style=\"font-size: xx-large;\"><b>Pommier <\/b><\/span><\/span><\/span><span style=\"color: #ec6fb7;\"><span style=\"font-family: GeosansLight, serif;\"><span style=\"font-size: xx-large;\"><b>de Garde Court Pendu Gris<\/b><\/span><\/span><\/span><\/h3>\n<p>&nbsp;<\/p>\n<p align=\"left\"><span style=\"color: #666666;\"><span style=\"font-family: GeosansLight, sans-serif;\"><span style=\"font-size: large;\">Son nom vient de Capendu, d\u00e9j\u00e0 fort r\u00e9put\u00e9e vers 1400 elle \u00e9tait cultiv\u00e9e dans plusieurs pays d&rsquo;Europe, pour sa saveur, sa tenue dans les transports et sa longue conservation.<\/span><\/span><\/span><\/p>\n<p align=\"left\"><span style=\"color: #666666;\"><span style=\"font-family: GeosansLight, sans-serif;\"><span style=\"font-size: large;\">C \u2018est un arbre particuli\u00e8rement r\u00e9sistant \u00e0 la tavelure, vigoureux et fertile.<\/span><\/span><\/span><\/p>\n<p align=\"left\"><span style=\"color: #666666;\"><span style=\"font-family: GeosansLight, sans-serif;\"><span style=\"font-size: large;\">Les pommes qu&rsquo;il produit sont jaunes \u00e0 grises, <\/span><\/span><\/span><span style=\"color: #666666;\"><span style=\"font-family: GeosansLight, sans-serif;\"><span style=\"font-size: large;\">leur chair particuli\u00e8rement fine est acidul\u00e9e, tr\u00e8s sucr\u00e9e, avec un parfum de cannelle l\u00e9g\u00e8rement anis\u00e9.<\/span><\/span><\/span><\/p>\n<p align=\"left\"><span style=\"color: #666666;\"><span style=\"font-family: GeosansLight, sans-serif;\"><span style=\"font-size: large;\">Sa floraison, vers mi-avril est autost\u00e9rile, vous aurez besoin d&rsquo;une autre vari\u00e9t\u00e9 de pommier qui fleurit en m\u00eame temps pour esp\u00e9rer r\u00e9colter.<\/span><\/span><\/span><\/p>\n<p align=\"left\"><span style=\"color: #666666;\"><span style=\"font-family: GeosansLight, sans-serif;\"><span style=\"font-size: large;\">Les fruits seront \u00e0 r\u00e9colter avant les premiers gels et du mois de d\u00e9cembre jusqu&rsquo;en juin vous pourrez vous en r\u00e9galer (a condition d&rsquo;avoir une cave pour les abriter)<\/span><\/span><\/span><\/p>\n<p align=\"left\"><span style=\"font-size: large;\"><span style=\"color: #800080;\"><span style=\"font-family: GeosansLight, serif;\"><b>Arbre produit en Agriculture Biologique, labellis\u00e9 \u00ab\u00a0AB\u00a0\u00bb avec des strat\u00e9gies d&rsquo;Agriculture de Conservation des sols, sols vivants, permaculture<\/b><\/span><\/span><\/span><\/p>\n<p align=\"left\"><span style=\"font-size: large;\"><b> <\/b><span style=\"color: #000000;\"><span style=\"font-family: GeosansLight, serif;\"><i>(voir fiche explicative \u00ab <a href=\"https:\/\/www.pepinierepierreetlili.fr\/index.php\/msv-maraichage-sur-sol-vivant-psv-pepiniere-quest-ce-que-cest\/\">C\u2019est quoi l\u2019agriculture de conservation des sols ? \u2013 PEPINIERE PIERRE ET LILI<\/a>\u00bb)<\/i><\/span><\/span><\/span><\/p>\n<p align=\"left\"><span style=\"font-size: large;\"><span style=\"font-family: GeosansLight, serif;\">Vendu Racines nues <\/span><span style=\"font-family: GeosansLight, serif;\"><i>(voir fiche explicative \u00ab<a href=\"https:\/\/www.pepinierepierreetlili.fr\/index.php\/pourquoi-les-racines-nues\/\">pourquoi les racines nues ? \u2013 PEPINIERE PIERRE ET LILI<\/a><span style=\"color: #000000;\">\u00bb)<\/span><\/i><\/span><\/span><\/p>\n<p align=\"left\"><span style=\"font-size: large;\"><span style=\"font-family: GeosansLight, serif;\"><b>Livraison<\/b><\/span><span style=\"font-family: GeosansLight, serif;\"> possible dans toute la France\u00a0<\/span><\/span><\/p>\n<p><span style=\"font-family: GeosansLight, serif;\"><span style=\"font-size: large;\"><i><span style=\"color: #000000;\">Pierre, Lili et Paolo vous remercient\u00a0!<\/span><\/i><\/span><\/span><\/p>\n<p>&nbsp;<\/p>\n<p>&nbsp;<\/p>\n","protected":false},"excerpt":{"rendered":"<p align=\"left\"><span style=\"color: #666666;\"><span style=\"font-family: GeosansLight, sans-serif;\"><span style=\"font-size: large;\">Vari\u00e9t\u00e9 ancienne Fran\u00e7aise 1400 <\/span><\/span><\/span><\/p>\n<p align=\"left\"><span style=\"color: #666666;\"><span style=\"font-family: GeosansLight, sans-serif;\"><span style=\"font-size: large;\">Autost\u00e9rile<\/span><\/span><\/span><\/p>\n<p align=\"left\"><span style=\"color: #666666;\"><span style=\"font-family: GeosansLight, sans-serif;\"><span style=\"font-size: large;\">Peau jaune \u00e0 grise, c<\/span><\/span><\/span><span style=\"color: #666666;\"><span style=\"font-family: GeosansLight, sans-serif;\"><span style=\"font-size: large;\">hair croquante, fine et sucr\u00e9e (cannel\u00e9e et anis\u00e9e) <\/span><\/span><\/span><\/p>\n<p align=\"left\"><span style=\"color: #666666;\"><span style=\"font-family: GeosansLight, sans-serif;\"><span style=\"font-size: large;\">Floraison vers mi-avril<\/span><\/span><\/span><\/p>\n<p align=\"left\"><span style=\"color: #666666;\"><span style=\"font-family: GeosansLight, sans-serif;\"><span style=\"font-size: large;\">R\u00e9colte avant les gels<\/span><\/span><\/span><\/p>\n<p align=\"left\"><span style=\"color: #666666;\"><span style=\"font-family: GeosansLight, sans-serif;\"><span style=\"font-size: large;\">Maturit\u00e9 d\u00e9cembre, conservation juin<\/span><\/span><\/span><\/p>\n<p>&nbsp;<\/p>\n<p>&nbsp;<\/p>\n<p>&nbsp;<\/p>\n<p>&nbsp;<\/p>\n<p>&nbsp;<\/p>\n<p>&nbsp;<\/p>\n<p>&nbsp;<\/p>\n<p>&nbsp;<\/p>\n","protected":false},"featured_media":1444,"template":"","meta":{"site-sidebar-layout":"default","site-content-layout":"default","ast-global-header-display":"","ast-banner-title-visibility":"","ast-main-header-display":"","ast-hfb-above-header-display":"","ast-hfb-below-header-display":"","ast-hfb-mobile-header-display":"","site-post-title":"","ast-breadcrumbs-content":"","ast-featured-img":"","footer-sml-layout":"","theme-transparent-header-meta":"default","adv-header-id-meta":"","stick-header-meta":"","header-above-stick-meta":"","header-main-stick-meta":"","header-below-stick-meta":""},"product_brand":[],"product_cat":[62,54],"product_tag":[],"class_list":{"0":"post-234","1":"product","2":"type-product","3":"status-publish","4":"has-post-thumbnail","6":"product_cat-pomme-de-garde","7":"product_cat-pommier","8":"desktop-align-left","9":"tablet-align-left","10":"mobile-align-left","12":"first","13":"instock","14":"featured","15":"taxable","16":"shipping-taxable","17":"purchasable","18":"product-type-variable"},"jetpack_sharing_enabled":true,"_links":{"self":[{"href":"https:\/\/pepinierepierreetlili.fr\/index.php\/wp-json\/wp\/v2\/product\/234","targetHints":{"allow":["GET"]}}],"collection":[{"href":"https:\/\/pepinierepierreetlili.fr\/index.php\/wp-json\/wp\/v2\/product"}],"about":[{"href":"https:\/\/pepinierepierreetlili.fr\/index.php\/wp-json\/wp\/v2\/types\/product"}],"wp:featuredmedia":[{"embeddable":true,"href":"https:\/\/pepinierepierreetlili.fr\/index.php\/wp-json\/wp\/v2\/media\/1444"}],"wp:attachment":[{"href":"https:\/\/pepinierepierreetlili.fr\/index.php\/wp-json\/wp\/v2\/media?parent=234"}],"wp:term":[{"taxonomy":"product_brand","embeddable":true,"href":"https:\/\/pepinierepierreetlili.fr\/index.php\/wp-json\/wp\/v2\/product_brand?post=234"},{"taxonomy":"product_cat","embeddable":true,"href":"https:\/\/pepinierepierreetlili.fr\/index.php\/wp-json\/wp\/v2\/product_cat?post=234"},{"taxonomy":"product_tag","embeddable":true,"href":"https:\/\/pepinierepierreetlili.fr\/index.php\/wp-json\/wp\/v2\/product_tag?post=234"}],"curies":[{"name":"wp","href":"https:\/\/api.w.org\/{rel}","templated":true}]}}