{"id":231,"date":"2023-06-08T10:37:51","date_gmt":"2023-06-08T08:37:51","guid":{"rendered":"http:\/\/pepinierepierreetlili.fr\/?post_type=product&#038;p=231"},"modified":"2025-12-28T20:05:44","modified_gmt":"2025-12-28T19:05:44","slug":"pommier-de-garde-reine-clochard","status":"publish","type":"product","link":"https:\/\/pepinierepierreetlili.fr\/index.php\/produit\/pommier-de-garde-reine-clochard\/","title":{"rendered":"Pommier de Garde REINETTE CLOCHARD"},"content":{"rendered":"<h3 align=\"left\"><span style=\"color: #ec6fb7;\"><span style=\"font-family: GeosansLight, serif;\"><span style=\"font-size: xx-large;\"><b>Pommier <\/b><\/span><\/span><\/span><span style=\"color: #ec6fb7;\"><span style=\"font-family: GeosansLight, serif;\"><span style=\"font-size: xx-large;\"><b>REINETTE CLOCHARD<\/b><\/span><\/span><\/span><\/h3>\n<p>&nbsp;<\/p>\n<p align=\"left\"><span style=\"font-family: GeosansLight, serif;\"><span style=\"font-size: medium;\">La reinette Clochard aussi appel\u00e9e Rochelle, clocharde, pomme clocharde ou reinette de Parthenay est une vari\u00e9t\u00e9 obtenue par l&rsquo;INRAE de Bordeaux en 1958. <\/span><\/span><\/p>\n<p align=\"left\"><span style=\"font-family: GeosansLight, serif;\"><span style=\"font-size: medium;\">C\u2019est une vari\u00e9t\u00e9 fertile, vigoureuse et avec une grande rusticit\u00e9 (-30\u00b0), c\u2019est aussi une vari\u00e9t\u00e9 avec une bonne r\u00e9sistance aux maladies, elle est notamment peu sensible \u00e0 la Tavelure.<\/span><\/span><\/p>\n<p align=\"left\"><span style=\"font-family: GeosansLight, serif;\"><span style=\"font-size: medium;\">Sa floraison est tardive, vers la mi avril, et si elle \u00e9vite g\u00e9n\u00e9ralement les gel\u00e9es printani\u00e8res elle est comme les autres pommiers autost\u00e9rile et aura besoin d&rsquo;une floraison d&rsquo;autre vari\u00e9t\u00e9 pour produire le moindre fruit.<\/span><\/span><\/p>\n<p align=\"left\"><span style=\"font-family: GeosansLight, serif;\"><span style=\"font-size: medium;\">Fruit de calibre petit \u00e0 moyen et d\u2019une couleur jaune parsem\u00e9e de t\u00e2ches brunes. <\/span><\/span><\/p>\n<p align=\"left\"><span style=\"font-family: GeosansLight, serif;\"><span style=\"font-size: medium;\">La chair de cette pomme est sucr\u00e9e, tr\u00e8s parfum\u00e9e, l\u00e9g\u00e8rement acide, juteuse et fine.<\/span><\/span><\/p>\n<p align=\"left\"><span style=\"font-family: GeosansLight, serif;\"><span style=\"font-size: medium;\">Vous r\u00e9colterez vers la fin octobre et vous pourrez consommer les fruits de novembre \u00e0 f\u00e9vrier si vous les stockez en cave<\/span><\/span><\/p>\n<p align=\"left\"><span style=\"font-family: GeosansLight, serif;\"><span style=\"font-size: medium;\">Attention c\u2019est une vari\u00e9t\u00e9 autost\u00e9rile il vous faudra donc la placer dans votre verger accompagn\u00e9e d\u2019autres vari\u00e9t\u00e9 comme La reine des Reinettes ou la Golden.<\/span><\/span><\/p>\n<p align=\"left\"><span style=\"font-size: large;\"><span style=\"color: #800080;\"><span style=\"font-family: GeosansLight, serif;\"><b>Arbre produit en Agriculture Biologique, labellis\u00e9 \u00ab\u00a0AB\u00a0\u00bb avec des strat\u00e9gies d&rsquo;Agriculture de Conservation des sols, sols vivants, permaculture<\/b><\/span><\/span><\/span><\/p>\n<p align=\"left\"><span style=\"font-size: large;\"><b> <\/b><span style=\"color: #000000;\"><span style=\"font-family: GeosansLight, serif;\"><i>(voir fiche explicative \u00ab <a href=\"https:\/\/www.pepinierepierreetlili.fr\/index.php\/msv-maraichage-sur-sol-vivant-psv-pepiniere-quest-ce-que-cest\/\">C\u2019est quoi l\u2019agriculture de conservation des sols ? \u2013 PEPINIERE PIERRE ET LILI<\/a>\u00bb)<\/i><\/span><\/span><\/span><\/p>\n<p align=\"left\"><span style=\"font-size: large;\"><span style=\"font-family: GeosansLight, serif;\">Vendu Racines nues <\/span><span style=\"font-family: GeosansLight, serif;\"><i>(voir fiche explicative \u00ab<a href=\"https:\/\/www.pepinierepierreetlili.fr\/index.php\/pourquoi-les-racines-nues\/\">pourquoi les racines nues ? \u2013 PEPINIERE PIERRE ET LILI<\/a><span style=\"color: #000000;\">\u00bb)<\/span><\/i><\/span><\/span><\/p>\n<p align=\"left\"><span style=\"font-size: large;\"><span style=\"font-family: GeosansLight, serif;\"><b>Livraison<\/b><\/span><span style=\"font-family: GeosansLight, serif;\"> possible dans toute la France\u00a0<\/span><\/span><\/p>\n<p><span style=\"font-family: GeosansLight, serif;\"><span style=\"font-size: large;\"><i><span style=\"color: #000000;\">Pierre, Lili et Paolo vous remercient\u00a0!<\/span><\/i><\/span><\/span><\/p>\n<p>&nbsp;<\/p>\n","protected":false},"excerpt":{"rendered":"<p align=\"left\"><span style=\"font-family: GeosansLight, serif;\"><span style=\"font-size: medium;\">Jeune vari\u00e9t\u00e9 ancienne INRAE de Bordeaux 1958<\/span><\/span><\/p>\n<p align=\"left\"><span style=\"font-family: GeosansLight, serif;\"><span style=\"font-size: medium;\">Autost\u00e9rile<\/span><\/span><\/p>\n<p align=\"left\"><span style=\"font-family: GeosansLight, serif;\"><span style=\"font-size: medium;\">Fertile, vigoureux, rustique<\/span><\/span><span style=\"font-family: GeosansLight, serif;\"><span style=\"font-size: medium;\"> (-30\u00b0), peu sensible \u00e0 la Tavelure<\/span><\/span><\/p>\n<p align=\"left\"><span style=\"font-family: GeosansLight, serif;\"><span style=\"font-size: medium;\">Peau jaune parsem\u00e9e de t\u00e2ches brunes, calibre petit \u00e0 moyen<\/span><\/span><\/p>\n<p align=\"left\"><span style=\"font-family: GeosansLight, serif;\"><span style=\"font-size: medium;\">Chair sucr\u00e9e, tr\u00e8s parfum\u00e9e, l\u00e9g\u00e8rement acide, juteuse et fine<\/span><\/span><\/p>\n<p align=\"left\"><span style=\"font-family: GeosansLight, serif;\"><span style=\"font-size: medium;\">Floraison vers Mi avril<\/span><\/span><\/p>\n<p align=\"left\"><span style=\"font-family: GeosansLight, serif;\"><span style=\"font-size: medium;\">R\u00e9colte avant le gel<\/span><\/span><\/p>\n<p align=\"left\"><span style=\"font-family: GeosansLight, serif;\"><span style=\"font-size: medium;\">Consommation de novembre \u00e0 f\u00e9vrier en cave<\/span><\/span><\/p>\n<p align=\"left\"><span style=\"font-family: GeosansLight, serif;\"><span style=\"font-size: medium;\">Autres noms Rochelle, clocharde, pomme clocharde ou reinette de Parthenay<\/span><\/span><\/p>\n<p>&nbsp;<\/p>\n<p>&nbsp;<\/p>\n<p>&nbsp;<\/p>\n<p>&nbsp;<\/p>\n<p>&nbsp;<\/p>\n<p>&nbsp;<\/p>\n<p>&nbsp;<\/p>\n<p>&nbsp;<\/p>\n<p>&nbsp;<\/p>\n","protected":false},"featured_media":1449,"template":"","meta":{"site-sidebar-layout":"default","site-content-layout":"default","ast-global-header-display":"","ast-banner-title-visibility":"","ast-main-header-display":"","ast-hfb-above-header-display":"","ast-hfb-below-header-display":"","ast-hfb-mobile-header-display":"","site-post-title":"","ast-breadcrumbs-content":"","ast-featured-img":"","footer-sml-layout":"","theme-transparent-header-meta":"default","adv-header-id-meta":"","stick-header-meta":"","header-above-stick-meta":"","header-main-stick-meta":"","header-below-stick-meta":""},"product_brand":[],"product_cat":[62,54],"product_tag":[],"class_list":{"0":"post-231","1":"product","2":"type-product","3":"status-publish","4":"has-post-thumbnail","6":"product_cat-pomme-de-garde","7":"product_cat-pommier","8":"desktop-align-left","9":"tablet-align-left","10":"mobile-align-left","12":"first","13":"outofstock","14":"featured","15":"taxable","16":"shipping-taxable","17":"purchasable","18":"product-type-variable"},"jetpack_sharing_enabled":true,"_links":{"self":[{"href":"https:\/\/pepinierepierreetlili.fr\/index.php\/wp-json\/wp\/v2\/product\/231","targetHints":{"allow":["GET"]}}],"collection":[{"href":"https:\/\/pepinierepierreetlili.fr\/index.php\/wp-json\/wp\/v2\/product"}],"about":[{"href":"https:\/\/pepinierepierreetlili.fr\/index.php\/wp-json\/wp\/v2\/types\/product"}],"wp:featuredmedia":[{"embeddable":true,"href":"https:\/\/pepinierepierreetlili.fr\/index.php\/wp-json\/wp\/v2\/media\/1449"}],"wp:attachment":[{"href":"https:\/\/pepinierepierreetlili.fr\/index.php\/wp-json\/wp\/v2\/media?parent=231"}],"wp:term":[{"taxonomy":"product_brand","embeddable":true,"href":"https:\/\/pepinierepierreetlili.fr\/index.php\/wp-json\/wp\/v2\/product_brand?post=231"},{"taxonomy":"product_cat","embeddable":true,"href":"https:\/\/pepinierepierreetlili.fr\/index.php\/wp-json\/wp\/v2\/product_cat?post=231"},{"taxonomy":"product_tag","embeddable":true,"href":"https:\/\/pepinierepierreetlili.fr\/index.php\/wp-json\/wp\/v2\/product_tag?post=231"}],"curies":[{"name":"wp","href":"https:\/\/api.w.org\/{rel}","templated":true}]}}