{"id":223,"date":"2023-06-08T10:29:59","date_gmt":"2023-06-08T08:29:59","guid":{"rendered":"http:\/\/pepinierepierreetlili.fr\/?post_type=product&#038;p=223"},"modified":"2025-12-31T13:05:58","modified_gmt":"2025-12-31T12:05:58","slug":"pommier-dete-gravenstein","status":"publish","type":"product","link":"https:\/\/pepinierepierreetlili.fr\/index.php\/produit\/pommier-dete-gravenstein\/","title":{"rendered":"Pommier d&rsquo;\u00e9t\u00e9 GRAVENSTEIN"},"content":{"rendered":"<h3><span style=\"color: #ec6fb7;\"><span style=\"font-family: GeosansLight, sans-serif;\"><span style=\"font-size: xx-large;\"><b>P<\/b><\/span><\/span><\/span><span style=\"color: #ec6fb7;\"><span style=\"font-family: GeosansLight, sans-serif;\"><span style=\"font-size: xx-large;\"><b>ommier <\/b><\/span><\/span><\/span><span style=\"color: #ec6fb7;\"><span style=\"font-family: GeosansLight, sans-serif;\"><span style=\"font-size: xx-large;\"><b>Gravenstein<\/b><\/span><\/span><\/span><\/h3>\n<p>&nbsp;<\/p>\n<p><span style=\"font-family: GeosansLight, sans-serif;\"><span style=\"font-size: large;\">Le Pommier Gravenstein est une vari\u00e9t\u00e9 qui aurait peut \u00eatre bien des origines danoise, o\u00f9 elle aurait \u00e9t\u00e9 cultiv\u00e9e vers 1670. Apr\u00e8s cela, on la retrouve au ch\u00e2teau de Gravenstein, en Allemagne, qui lui donnera son nom (vers 1760). Elle n&rsquo;arrive en France que vers 1840.<\/span><\/span><\/p>\n<p><span style=\"font-family: GeosansLight, sans-serif;\"><span style=\"font-size: large;\">Ce p<\/span><\/span><span style=\"font-family: GeosansLight, sans-serif;\"><span style=\"font-size: large;\">ommier <\/span><\/span><span style=\"font-family: GeosansLight, sans-serif;\"><span style=\"font-size: large;\">est<\/span><\/span><span style=\"font-family: GeosansLight, sans-serif;\"><span style=\"font-size: large;\"> vigoureux <\/span><\/span><span style=\"font-family: GeosansLight, sans-serif;\"><span style=\"font-size: large;\">et tr\u00e8s rustique. Il se<\/span><\/span><span style=\"font-family: GeosansLight, sans-serif;\"><span style=\"font-size: large;\"> pla\u00eet <\/span><\/span><span style=\"font-family: GeosansLight, sans-serif;\"><span style=\"font-size: large;\">d\u2019avantage<\/span><\/span><span style=\"font-family: GeosansLight, sans-serif;\"><span style=\"font-size: large;\"> dans le nord de la France <\/span><\/span><span style=\"font-family: GeosansLight, sans-serif;\"><span style=\"font-size: large;\">ou<\/span><\/span><span style=\"font-family: GeosansLight, sans-serif;\"><span style=\"font-size: large;\"> en <\/span><\/span><span style=\"font-family: GeosansLight, sans-serif;\"><span style=\"font-size: large;\">zone<\/span><\/span><span style=\"font-family: GeosansLight, sans-serif;\"><span style=\"font-size: large;\"> montagne<\/span><\/span><span style=\"font-family: GeosansLight, sans-serif;\"><span style=\"font-size: large;\">use ou il produit d\u2019avantage<\/span><\/span><span style=\"font-family: GeosansLight, sans-serif;\"><span style=\"font-size: large;\">. Il est r\u00e9sistant au chancre.<\/span><\/span><\/p>\n<p><span style=\"font-family: GeosansLight, sans-serif;\"><span style=\"font-size: large;\">La pomme est jaune et rouge et<\/span><\/span> <span style=\"font-family: GeosansLight, sans-serif;\"><span style=\"font-size: large;\">sa<\/span><\/span><span style=\"font-family: GeosansLight, sans-serif;\"><span style=\"font-size: large;\"> chair<\/span><\/span><span style=\"font-family: GeosansLight, sans-serif;\"><span style=\"font-size: large;\"> croquante est tr\u00e8s juteuse, <\/span><\/span><span style=\"font-family: GeosansLight, sans-serif;\"><span style=\"font-size: large;\">acidul\u00e9e, et dispose<\/span><\/span> <span style=\"font-family: GeosansLight, sans-serif;\"><span style=\"font-size: large;\">d\u2019<\/span><\/span><span style=\"font-family: GeosansLight, sans-serif;\"><span style=\"font-size: large;\">une saveur prononc\u00e9e <\/span><\/span><span style=\"font-family: GeosansLight, sans-serif;\"><span style=\"font-size: large;\">extr\u00eamement<\/span><\/span><span style=\"font-family: GeosansLight, sans-serif;\"><span style=\"font-size: large;\"> agr\u00e9able. <\/span><\/span><span style=\"font-family: GeosansLight, sans-serif;\"><span style=\"font-size: large;\">Un fruit de toute premi\u00e8re qualit\u00e9.<\/span><\/span><\/p>\n<p><span style=\"font-family: GeosansLight, sans-serif;\"><span style=\"font-size: large;\">Auto<\/span><\/span><span style=\"font-family: GeosansLight, sans-serif;\"><span style=\"font-size: large;\">st\u00e9rile<\/span><\/span><span style=\"font-family: GeosansLight, sans-serif;\"><span style=\"font-size: large;\">, sa floraison \u00e0 lieu aux alentours <\/span><\/span><span style=\"font-family: GeosansLight, sans-serif;\"><span style=\"font-size: large;\">d\u2019<\/span><\/span><span style=\"font-family: GeosansLight, sans-serif;\"><span style=\"font-size: large;\">avril il il faudra une autre vari\u00e9t\u00e9 de pommier qui fleurit au m\u00eame moment pour produire le moindre fruit.<\/span><\/span><\/p>\n<p><span style=\"font-family: GeosansLight, sans-serif;\"><span style=\"font-size: large;\">R\u00e9colte pr\u00e9coce aux alentours d<\/span><\/span><span style=\"font-family: GeosansLight, sans-serif;\"><span style=\"font-size: large;\">e <\/span><\/span><span style=\"font-family: GeosansLight, sans-serif;\"><span style=\"font-size: large;\">septembre<\/span><\/span><span style=\"font-family: GeosansLight, sans-serif;\"><span style=\"font-size: large;\">. <\/span><\/span><\/p>\n<p align=\"left\"><span style=\"font-size: large;\"><span style=\"color: #800080;\"><span style=\"font-family: GeosansLight, serif;\"><b>Arbre produit en Agriculture Biologique, labellis\u00e9 \u00ab\u00a0AB\u00a0\u00bb avec des strat\u00e9gies d&rsquo;Agriculture de Conservation des sols, sols vivants, permaculture<\/b><\/span><\/span><\/span><\/p>\n<p align=\"left\"><span style=\"font-size: large;\"><b> <\/b><span style=\"color: #000000;\"><span style=\"font-family: GeosansLight, serif;\"><i>(voir fiche explicative \u00ab <a href=\"https:\/\/www.pepinierepierreetlili.fr\/index.php\/msv-maraichage-sur-sol-vivant-psv-pepiniere-quest-ce-que-cest\/\">C\u2019est quoi l\u2019agriculture de conservation des sols ? \u2013 PEPINIERE PIERRE ET LILI<\/a>\u00bb)<\/i><\/span><\/span><\/span><\/p>\n<p align=\"left\"><span style=\"font-size: large;\"><span style=\"font-family: GeosansLight, serif;\">Vendu Racines nues <\/span><span style=\"font-family: GeosansLight, serif;\"><i>(voir fiche explicative \u00ab<a href=\"https:\/\/www.pepinierepierreetlili.fr\/index.php\/pourquoi-les-racines-nues\/\">pourquoi les racines nues ? \u2013 PEPINIERE PIERRE ET LILI<\/a><span style=\"color: #000000;\">\u00bb)<\/span><\/i><\/span><\/span><\/p>\n<p align=\"left\"><span style=\"font-family: GeosansLight, sans-serif;\"><b>Livraison<\/b> possible dans toute la France\u00a0<\/span><\/p>\n<p align=\"left\"><span style=\"font-family: GeosansLight, sans-serif;\"><span style=\"font-size: large;\"><span style=\"font-family: GeosansLight, serif;\"><span style=\"font-size: medium;\"><i>Pierre, Lili et Paolo vous remercie<\/i><\/span><\/span><span style=\"font-family: GeosansLight, serif;\"><span style=\"font-size: medium;\"><i>nt<\/i><\/span><\/span><span style=\"font-family: GeosansLight, serif;\"><span style=\"font-size: medium;\"><i>\u00a0!<\/i><\/span><\/span><\/span><\/span><\/p>\n<p>&nbsp;<\/p>\n","protected":false},"excerpt":{"rendered":"<p><span style=\"font-family: GeosansLight, sans-serif;\"><span style=\"font-size: large;\">Vari\u00e9t\u00e9 ancienne Allemagne 1670<\/span><\/span><\/p>\n<p><span style=\"font-family: GeosansLight, sans-serif;\"><span style=\"font-size: large;\">Autost\u00e9rile<\/span><\/span><\/p>\n<p><span style=\"font-family: GeosansLight, sans-serif;\"><span style=\"font-size: large;\">Pomme jaune et rouge, <\/span><\/span><span style=\"font-family: GeosansLight, sans-serif;\"><span style=\"font-size: large;\">chair<\/span><\/span><span style=\"font-family: GeosansLight, sans-serif;\"><span style=\"font-size: large;\"> croquante et tr\u00e8s juteuse<\/span><\/span><\/p>\n<p><span style=\"font-family: GeosansLight, sans-serif;\"><span style=\"font-size: large;\">Saveur prononc\u00e9e agr\u00e9able et acidul\u00e9e, <\/span><\/span><span style=\"font-family: GeosansLight, sans-serif;\"><span style=\"font-size: large;\">fruit de toute premi\u00e8re qualit\u00e9.<\/span><\/span><\/p>\n<p><span style=\"font-family: GeosansLight, sans-serif;\"><span style=\"font-size: large;\">Floraison vers <\/span><\/span><span style=\"font-family: GeosansLight, sans-serif;\"><span style=\"font-size: large;\">d\u2019<\/span><\/span><span style=\"font-family: GeosansLight, sans-serif;\"><span style=\"font-size: large;\">avril<\/span><\/span><\/p>\n<p><span style=\"font-family: GeosansLight, sans-serif;\"><span style=\"font-size: large;\">R\u00e9colte vers d<\/span><\/span><span style=\"font-family: GeosansLight, sans-serif;\"><span style=\"font-size: large;\">e <\/span><\/span><span style=\"font-family: GeosansLight, sans-serif;\"><span style=\"font-size: large;\">septembre<\/span><\/span><\/p>\n<p>&nbsp;<\/p>\n<p>&nbsp;<\/p>\n<p>&nbsp;<\/p>\n<p>&nbsp;<\/p>\n<p>&nbsp;<\/p>\n<p>&nbsp;<\/p>\n<p>&nbsp;<\/p>\n<p>&nbsp;<\/p>\n","protected":false},"featured_media":2148,"template":"","meta":{"site-sidebar-layout":"default","site-content-layout":"default","ast-global-header-display":"","ast-banner-title-visibility":"","ast-main-header-display":"","ast-hfb-above-header-display":"","ast-hfb-below-header-display":"","ast-hfb-mobile-header-display":"","site-post-title":"","ast-breadcrumbs-content":"","ast-featured-img":"","footer-sml-layout":"","theme-transparent-header-meta":"default","adv-header-id-meta":"","stick-header-meta":"","header-above-stick-meta":"","header-main-stick-meta":"","header-below-stick-meta":""},"product_brand":[],"product_cat":[60,54],"product_tag":[],"class_list":{"0":"post-223","1":"product","2":"type-product","3":"status-publish","4":"has-post-thumbnail","6":"product_cat-pomme-dete","7":"product_cat-pommier","8":"desktop-align-left","9":"tablet-align-left","10":"mobile-align-left","12":"first","13":"instock","14":"featured","15":"taxable","16":"shipping-taxable","17":"purchasable","18":"product-type-variable"},"jetpack_sharing_enabled":true,"_links":{"self":[{"href":"https:\/\/pepinierepierreetlili.fr\/index.php\/wp-json\/wp\/v2\/product\/223","targetHints":{"allow":["GET"]}}],"collection":[{"href":"https:\/\/pepinierepierreetlili.fr\/index.php\/wp-json\/wp\/v2\/product"}],"about":[{"href":"https:\/\/pepinierepierreetlili.fr\/index.php\/wp-json\/wp\/v2\/types\/product"}],"wp:featuredmedia":[{"embeddable":true,"href":"https:\/\/pepinierepierreetlili.fr\/index.php\/wp-json\/wp\/v2\/media\/2148"}],"wp:attachment":[{"href":"https:\/\/pepinierepierreetlili.fr\/index.php\/wp-json\/wp\/v2\/media?parent=223"}],"wp:term":[{"taxonomy":"product_brand","embeddable":true,"href":"https:\/\/pepinierepierreetlili.fr\/index.php\/wp-json\/wp\/v2\/product_brand?post=223"},{"taxonomy":"product_cat","embeddable":true,"href":"https:\/\/pepinierepierreetlili.fr\/index.php\/wp-json\/wp\/v2\/product_cat?post=223"},{"taxonomy":"product_tag","embeddable":true,"href":"https:\/\/pepinierepierreetlili.fr\/index.php\/wp-json\/wp\/v2\/product_tag?post=223"}],"curies":[{"name":"wp","href":"https:\/\/api.w.org\/{rel}","templated":true}]}}