{"id":217,"date":"2023-06-08T10:19:30","date_gmt":"2023-06-08T08:19:30","guid":{"rendered":"http:\/\/pepinierepierreetlili.fr\/?post_type=product&#038;p=217"},"modified":"2026-01-03T17:55:23","modified_gmt":"2026-01-03T16:55:23","slug":"pommier-dautomne-belle-de-boskoop","status":"publish","type":"product","link":"https:\/\/pepinierepierreetlili.fr\/index.php\/produit\/pommier-dautomne-belle-de-boskoop\/","title":{"rendered":"Pommier d&rsquo;Automne BELLE DE BOSKOOP"},"content":{"rendered":"<h3 align=\"left\"><span style=\"color: #ec6fb7;\"><span style=\"font-family: GeosansLight, serif;\"><span style=\"font-size: xx-large;\"><b>Pommier <\/b><\/span><\/span><\/span><span style=\"color: #ec6fb7;\"><span style=\"font-family: GeosansLight, serif;\"><span style=\"font-size: xx-large;\"><b>Belle <\/b><\/span><\/span><\/span><span style=\"color: #ec6fb7;\"><span style=\"font-family: GeosansLight, serif;\"><span style=\"font-size: xx-large;\"><b>de Boskoop<\/b><\/span><\/span><\/span><\/h3>\n<p>&nbsp;<\/p>\n<p align=\"left\"><span style=\"color: #000000;\"><span style=\"font-family: GeosansLight, serif;\"><span style=\"font-size: large;\">La Belle de Boskoop ou Belle de Boscoop est une <\/span><\/span><\/span><span style=\"color: #000000;\"><span style=\"font-family: GeosansLight, serif;\"><span style=\"font-size: large;\">vari\u00e9t\u00e9<\/span><\/span><\/span><span style=\"color: #000000;\"><span style=\"font-family: GeosansLight, serif;\"><span style=\"font-size: large;\"> de <\/span><\/span><\/span><span style=\"color: #000000;\"><span style=\"font-family: GeosansLight, serif;\"><span style=\"font-size: large;\">pomme<\/span><\/span><\/span><span style=\"color: #000000;\"><span style=\"font-family: GeosansLight, serif;\"><span style=\"font-size: large;\"> qui, comme son nom l&rsquo;indique, est originaire de <\/span><\/span><\/span><span style=\"color: #000000;\"><span style=\"font-family: GeosansLight, serif;\"><span style=\"font-size: large;\">Boskoop <\/span><\/span><\/span><span style=\"color: #000000;\"><span style=\"font-family: GeosansLight, serif;\"><span style=\"font-size: large;\">aux <\/span><\/span><\/span><span style=\"color: #000000;\"><span style=\"font-family: GeosansLight, serif;\"><span style=\"font-size: large;\">Pays bas<\/span><\/span><\/span><span style=\"color: #000000;\"><span style=\"font-family: GeosansLight, serif;\"><span style=\"font-size: large;\"> o\u00f9 elle <\/span><\/span><\/span><span style=\"color: #000000;\"><span style=\"font-family: GeosansLight, serif;\"><span style=\"font-size: large;\">germe<\/span><\/span><\/span><span style=\"color: #000000;\"><span style=\"font-family: GeosansLight, serif;\"><span style=\"font-size: large;\"> en <\/span><\/span><\/span><span style=\"color: #000000;\"><span style=\"font-family: GeosansLight, serif;\"><span style=\"font-size: large;\">1856 et y est reconnue pour ses nombreuses qualit\u00e9s<\/span><\/span><\/span><span style=\"color: #000000;\"><span style=\"font-family: GeosansLight, serif;\"><span style=\"font-size: large;\">. <\/span><\/span><\/span><\/p>\n<p align=\"left\"><span style=\"color: #000000;\"><span style=\"font-family: GeosansLight, serif;\"><span style=\"font-size: large;\">Cette pomme rustique <\/span><\/span><\/span><span style=\"color: #000000;\"><span style=\"font-family: GeosansLight, serif;\"><span style=\"font-size: large;\">est<\/span><\/span><\/span><span style=\"color: #000000;\"><span style=\"font-family: GeosansLight, serif;\"><span style=\"font-size: large;\"> ferme, acidul\u00e9e et parfum\u00e9e, <\/span><\/span><\/span><span style=\"color: #000000;\"><span style=\"font-family: GeosansLight, serif;\"><span style=\"font-size: large;\">sa peau vert gris<\/span><\/span><\/span><span style=\"color: #000000;\"><span style=\"font-family: GeosansLight, serif;\"><span style=\"font-size: large;\">\u00a0nuanc\u00e9e de rouge <\/span><\/span><\/span><span style=\"color: #000000;\"><span style=\"font-family: GeosansLight, serif;\"><span style=\"font-size: large;\">\u00e9volue sensiblement au fil des multiplications.<\/span><\/span><\/span><\/p>\n<p align=\"left\"><span style=\"color: #000000;\"><span style=\"font-family: GeosansLight, serif;\"><span style=\"font-size: large;\">Sa chair est ferme, finement acidul\u00e9e et <\/span><\/span><\/span><span style=\"color: #000000;\"><span style=\"font-family: GeosansLight, serif;\"><span style=\"font-size: large;\">sucr\u00e9e.<\/span><\/span><\/span><span style=\"color: #000000;\"><span style=\"font-family: GeosansLight, serif;\"><span style=\"font-size: large;\"> Elle est <\/span><\/span><\/span><span style=\"color: #000000;\"><span style=\"font-family: GeosansLight, serif;\"><span style=\"font-size: large;\">tr\u00e8s appr\u00e9ci\u00e9e pour sa saveur et \u00e9galement<\/span><\/span><\/span><span style=\"color: #000000;\"><span style=\"font-family: GeosansLight, serif;\"><span style=\"font-size: large;\"> recherch\u00e9e pour la cuisine <\/span><\/span><\/span><span style=\"color: #000000;\"><span style=\"font-family: GeosansLight, serif;\"><span style=\"font-size: large;\">car elle<\/span><\/span><\/span><span style=\"color: #000000;\"><span style=\"font-family: GeosansLight, serif;\"><span style=\"font-size: large;\"> se trouve \u00eatre le principal ingr\u00e9dient de la recette de la <\/span><\/span><\/span><span style=\"color: #000000;\"><span style=\"font-family: GeosansLight, serif;\"><span style=\"font-size: large;\">Rombosse (dessert belge a base de pommes). <\/span><\/span><\/span><span style=\"color: #000000;\"><span style=\"font-family: GeosansLight, serif;\"><span style=\"font-size: large;\">Elle contient deux fois plus de vitamine C qu\u2019une Golden.<\/span><\/span><\/span><\/p>\n<p align=\"left\"><span style=\"font-family: GeosansLight, serif;\"><span style=\"font-size: large;\">Autost\u00e9rile, La floraison \u00e0 lieu aux alentours d\u2019Avril, pour r\u00e9colter la moindre pomme il faudra donc une autre vari\u00e9t\u00e9 pour fleurir a proximit\u00e9 et au m\u00eame moment<\/span><\/span><\/p>\n<p align=\"left\"><span style=\"font-family: GeosansLight, serif;\"><span style=\"font-size: large;\">R\u00e9colte aux alentours d<\/span><\/span><span style=\"font-family: GeosansLight, serif;\"><span style=\"font-size: large;\">u mois de novembre<\/span><\/span><span style=\"font-family: GeosansLight, serif;\"><span style=\"font-size: large;\">, \u00e0<\/span><\/span><span style=\"font-family: GeosansLight, serif;\"><span style=\"font-size: large;\"> consommer et conserver en cave <\/span><\/span><span style=\"font-family: GeosansLight, serif;\"><span style=\"font-size: large;\">jusqu\u2019<\/span><\/span><span style=\"font-family: GeosansLight, serif;\"><span style=\"font-size: large;\">en<\/span><\/span> <span style=\"font-family: GeosansLight, serif;\"><span style=\"font-size: large;\">Mars<\/span><\/span><span style=\"font-family: GeosansLight, serif;\"><span style=\"font-size: large;\">.<\/span><\/span><\/p>\n<p align=\"left\"><span style=\"font-size: large;\"><span style=\"color: #800080;\"><span style=\"font-family: GeosansLight, serif;\"><b>Arbre produit en Agriculture Biologique, labellis\u00e9 \u00ab\u00a0AB\u00a0\u00bb avec des strat\u00e9gies d&rsquo;Agriculture de Conservation des sols, sols vivants, permaculture<\/b><\/span><\/span><\/span><\/p>\n<p align=\"left\"><span style=\"font-size: large;\"><b> <\/b><span style=\"color: #000000;\"><span style=\"font-family: GeosansLight, serif;\"><i>(voir fiche explicative \u00ab <a href=\"https:\/\/www.pepinierepierreetlili.fr\/index.php\/msv-maraichage-sur-sol-vivant-psv-pepiniere-quest-ce-que-cest\/\">C\u2019est quoi l\u2019agriculture de conservation des sols ? \u2013 PEPINIERE PIERRE ET LILI<\/a>\u00bb)<\/i><\/span><\/span><\/span><\/p>\n<p align=\"left\"><span style=\"font-size: large;\"><span style=\"font-family: GeosansLight, serif;\">Vendu Racines nues <\/span><span style=\"font-family: GeosansLight, serif;\"><i>(voir fiche explicative \u00ab<a href=\"https:\/\/www.pepinierepierreetlili.fr\/index.php\/pourquoi-les-racines-nues\/\">pourquoi les racines nues ? \u2013 PEPINIERE PIERRE ET LILI<\/a><span style=\"color: #000000;\">\u00bb)<\/span><\/i><\/span><\/span><\/p>\n<p align=\"left\"><span style=\"font-size: large;\"><span style=\"font-family: GeosansLight, serif;\"><b>Livraison<\/b><\/span><span style=\"font-family: GeosansLight, serif;\"> possible dans toute la France\u00a0<\/span><\/span><\/p>\n<p><span style=\"font-family: GeosansLight, serif;\"><span style=\"font-size: large;\"><i><span style=\"color: #000000;\">Pierre, Lili et Paolo vous remercient\u00a0!<\/span><\/i><\/span><\/span><\/p>\n","protected":false},"excerpt":{"rendered":"<p align=\"left\"><span style=\"color: #000000;\"><span style=\"font-family: GeosansLight, serif;\"><span style=\"font-size: large;\">V<\/span><\/span><\/span><span style=\"color: #000000;\"><span style=\"font-family: GeosansLight, serif;\"><span style=\"font-size: large;\">ari\u00e9t\u00e9 ancienne<\/span><\/span><\/span><span style=\"color: #000000;\"><span style=\"font-family: GeosansLight, serif;\"><span style=\"font-size: large;\">\u00a0<\/span><\/span><\/span><span style=\"color: #000000;\"><span style=\"font-family: GeosansLight, serif;\"><span style=\"font-size: large;\">Pays bas<\/span><\/span><\/span><span style=\"color: #000000;\"><span style=\"font-family: GeosansLight, serif;\"><span style=\"font-size: large;\">\u00a0<\/span><\/span><\/span><span style=\"color: #000000;\"><span style=\"font-family: GeosansLight, serif;\"><span style=\"font-size: large;\">1856 <\/span><\/span><\/span><\/p>\n<p align=\"left\"><span style=\"color: #000000;\"><span style=\"font-family: GeosansLight, serif;\"><span style=\"font-size: large;\">Autost\u00e9rile<\/span><\/span><\/span><\/p>\n<p align=\"left\"><span style=\"color: #000000;\"><span style=\"font-family: GeosansLight, serif;\"><span style=\"font-size: large;\">Pomme <\/span><\/span><\/span><span style=\"color: #000000;\"><span style=\"font-family: GeosansLight, serif;\"><span style=\"font-size: large;\">ferme,\u00a0 finement acidul\u00e9e, sucr\u00e9e et parfum\u00e9e<\/span><\/span><\/span><\/p>\n<p align=\"left\"><span style=\"color: #000000;\"><span style=\"font-family: GeosansLight, serif;\"><span style=\"font-size: large;\">Peau <\/span><\/span><\/span><span style=\"color: #000000;\"><span style=\"font-family: GeosansLight, serif;\"><span style=\"font-size: large;\">vert-gris nuanc\u00e9e de rouge <\/span><\/span><\/span><span style=\"color: #000000;\"><span style=\"font-family: GeosansLight, serif;\"><span style=\"font-size: large;\">\u00a0<\/span><\/span><\/span><\/p>\n<p align=\"left\"><span style=\"font-family: GeosansLight, serif;\"><span style=\"font-size: large;\">Floraison aux alentours d\u2019Avril<\/span><\/span><\/p>\n<p align=\"left\"><span style=\"font-family: GeosansLight, serif;\"><span style=\"font-size: large;\">R\u00e9colte aux alentours <\/span><\/span><span style=\"font-family: GeosansLight, serif;\"><span style=\"font-size: large;\">de novembre<\/span><\/span><span style=\"font-family: GeosansLight, serif;\"><span style=\"font-size: large;\">, \u00e0<\/span><\/span><span style=\"font-family: GeosansLight, serif;\"><span style=\"font-size: large;\">\u00a0consommer <\/span><\/span><span style=\"font-family: GeosansLight, serif;\"><span style=\"font-size: large;\">jusqu\u2019<\/span><\/span><span style=\"font-family: GeosansLight, serif;\"><span style=\"font-size: large;\">en<\/span><\/span> <span style=\"font-family: GeosansLight, serif;\"><span style=\"font-size: large;\">Mars<\/span><\/span><\/p>\n<p>&nbsp;<\/p>\n<p>&nbsp;<\/p>\n<p>&nbsp;<\/p>\n<p>&nbsp;<\/p>\n<p>&nbsp;<\/p>\n<p>&nbsp;<\/p>\n<p>&nbsp;<\/p>\n<p>&nbsp;<\/p>\n","protected":false},"featured_media":2199,"template":"","meta":{"site-sidebar-layout":"default","site-content-layout":"default","ast-global-header-display":"","ast-banner-title-visibility":"","ast-main-header-display":"","ast-hfb-above-header-display":"","ast-hfb-below-header-display":"","ast-hfb-mobile-header-display":"","site-post-title":"","ast-breadcrumbs-content":"","ast-featured-img":"","footer-sml-layout":"","theme-transparent-header-meta":"default","adv-header-id-meta":"","stick-header-meta":"","header-above-stick-meta":"","header-main-stick-meta":"","header-below-stick-meta":""},"product_brand":[],"product_cat":[61,54],"product_tag":[],"class_list":{"0":"post-217","1":"product","2":"type-product","3":"status-publish","4":"has-post-thumbnail","6":"product_cat-pomme-dautomne","7":"product_cat-pommier","8":"desktop-align-left","9":"tablet-align-left","10":"mobile-align-left","12":"first","13":"instock","14":"featured","15":"taxable","16":"shipping-taxable","17":"purchasable","18":"product-type-variable"},"jetpack_sharing_enabled":true,"_links":{"self":[{"href":"https:\/\/pepinierepierreetlili.fr\/index.php\/wp-json\/wp\/v2\/product\/217","targetHints":{"allow":["GET"]}}],"collection":[{"href":"https:\/\/pepinierepierreetlili.fr\/index.php\/wp-json\/wp\/v2\/product"}],"about":[{"href":"https:\/\/pepinierepierreetlili.fr\/index.php\/wp-json\/wp\/v2\/types\/product"}],"wp:featuredmedia":[{"embeddable":true,"href":"https:\/\/pepinierepierreetlili.fr\/index.php\/wp-json\/wp\/v2\/media\/2199"}],"wp:attachment":[{"href":"https:\/\/pepinierepierreetlili.fr\/index.php\/wp-json\/wp\/v2\/media?parent=217"}],"wp:term":[{"taxonomy":"product_brand","embeddable":true,"href":"https:\/\/pepinierepierreetlili.fr\/index.php\/wp-json\/wp\/v2\/product_brand?post=217"},{"taxonomy":"product_cat","embeddable":true,"href":"https:\/\/pepinierepierreetlili.fr\/index.php\/wp-json\/wp\/v2\/product_cat?post=217"},{"taxonomy":"product_tag","embeddable":true,"href":"https:\/\/pepinierepierreetlili.fr\/index.php\/wp-json\/wp\/v2\/product_tag?post=217"}],"curies":[{"name":"wp","href":"https:\/\/api.w.org\/{rel}","templated":true}]}}