{"id":192,"date":"2023-06-08T09:03:09","date_gmt":"2023-06-08T07:03:09","guid":{"rendered":"http:\/\/pepinierepierreetlili.fr\/?post_type=product&#038;p=192"},"modified":"2026-01-03T18:01:17","modified_gmt":"2026-01-03T17:01:17","slug":"cerisier-bigarreau-geant-d-heddelginger","status":"publish","type":"product","link":"https:\/\/pepinierepierreetlili.fr\/index.php\/produit\/cerisier-bigarreau-geant-d-heddelginger\/","title":{"rendered":"Cerisier BIGARREAU GEANT D&rsquo;HEDELFINGEN"},"content":{"rendered":"<h3><span style=\"color: #ec6fb7;\"><span style=\"font-family: GeosansLight, serif;\"><span style=\"font-size: xx-large;\"><b>C<\/b><\/span><\/span><\/span><span style=\"color: #ec6fb7;\"><span style=\"font-family: GeosansLight, serif;\"><span style=\"font-size: xx-large;\"><b>erisier <\/b><\/span><\/span><\/span><span style=\"color: #ec6fb7;\"><span style=\"font-family: GeosansLight, serif;\"><span style=\"font-size: xx-large;\"><b>Bigarreau G\u00e9ant d\u2019Hedelfingen<\/b><\/span><\/span><\/span><\/h3>\n<p>&nbsp;<\/p>\n<p><span style=\"font-family: GeosansLight, sans-serif;\"><span style=\"font-size: large;\"><span style=\"color: #595c62;\">Le G\u00e9ant d&rsquo;Hedelfingen est une vari\u00e9t\u00e9 ancienne <\/span><span style=\"color: #595c62;\">auto st\u00e9rile d\u00e9couverte \u00e0<\/span><span style=\"color: #595c62;\">\u00a0Hedelfingen en Allemagne dans les ann\u00e9es 1850. C<\/span><\/span><\/span><span style=\"font-family: GeosansLight, sans-serif;\"><span style=\"font-size: large;\"><span style=\"color: #595c62;\">e cerisier qui se pla\u00eet bien en zone de moyenne altitude a<\/span><\/span><\/span><span style=\"font-family: GeosansLight, sans-serif;\"><span style=\"font-size: large;\"><span style=\"color: #595c62;\"> une bonne vigueur. Il <\/span><span style=\"color: #595c62;\">est un excellent pollinisateur<\/span><span style=\"color: #595c62;\">, et<\/span><span style=\"color: #595c62;\">\u00a0<\/span><span style=\"color: #595c62;\">produira en abondance des cerises rouges bien brillantes, \u00e0 la chair ferme, juteuse et sucr\u00e9e.<\/span><\/span><\/span><\/p>\n<p><span style=\"font-family: GeosansLight, sans-serif;\"><span style=\"font-size: large;\"><span style=\"color: #595c62;\">Sa floraison tardive a lieu en Avril, et il vous r\u00e9galera de ses fruits \u00e0 partir de la mi-juillet (toutefois attention si les fruits ne sont pas m\u00fbrs ils seront un peu amers alors patience)<\/span><\/span><\/span><\/p>\n<p align=\"left\"><span style=\"color: #000000;\"><span style=\"font-family: GeosansLight, serif;\"><span style=\"font-size: small;\"><i><span style=\"color: #800080;\"><span style=\"font-size: large;\"><b>Arbre produit en Agriculture Biologique, labellis\u00e9 \u00ab\u00a0AB\u00a0\u00bb avec des strat\u00e9gies d&rsquo;Agriculture de Conservation des sols, sols vivants, permaculture<\/b><\/span><\/span><\/i><\/span><\/span><\/span><\/p>\n<p align=\"left\"><span style=\"font-size: large;\"><span style=\"color: #000000;\"><span style=\"font-family: GeosansLight, serif;\"><i>(voir fiche explicative \u00ab <a href=\"https:\/\/www.pepinierepierreetlili.fr\/index.php\/msv-maraichage-sur-sol-vivant-psv-pepiniere-quest-ce-que-cest\/\">C\u2019est quoi l\u2019agriculture de conservation des sols ? \u2013 PEPINIERE PIERRE ET LILI<\/a>\u00bb)<\/i><\/span><\/span><\/span><\/p>\n<p align=\"left\"><span style=\"font-size: large;\"><span style=\"font-family: GeosansLight, serif;\">Vendu Racines nues <\/span><span style=\"font-family: GeosansLight, serif;\"><i>(voir fiche explicative \u00ab<a href=\"https:\/\/www.pepinierepierreetlili.fr\/index.php\/pourquoi-les-racines-nues\/\">pourquoi les racines nues ? \u2013 PEPINIERE PIERRE ET LILI<\/a><span style=\"color: #000000;\">\u00bb)<\/span><\/i><\/span><\/span><\/p>\n<p align=\"left\"><span style=\"font-family: GeosansLight, serif;\"><b>Livraison<\/b><\/span><span style=\"font-family: GeosansLight, serif;\"> possible dans toute la France\u00a0<\/span><\/p>\n<p><span style=\"font-family: GeosansLight, serif;\"><span style=\"font-size: medium;\"><i>Pierre, Lili et Paolo vous remercient\u00a0!<\/i><\/span><\/span><\/p>\n<p>&nbsp;<\/p>\n<p>&nbsp;<\/p>\n<p>&nbsp;<\/p>\n<p>&nbsp;<\/p>\n","protected":false},"excerpt":{"rendered":"<p><span style=\"color: #595c62;\"><span style=\"font-family: GeosansLight, sans-serif;\"><span style=\"font-size: large;\">Vari\u00e9t\u00e9 Ancienne 1850<\/span><\/span><\/span><\/p>\n<p><span style=\"color: #595c62;\"><span style=\"font-family: GeosansLight, sans-serif;\"><span style=\"font-size: large;\">Autost\u00e9rile<\/span><\/span><\/span><\/p>\n<p><span style=\"color: #595c62;\"><span style=\"font-family: GeosansLight, sans-serif;\"><span style=\"font-size: large;\">Fruit rouge fonc\u00e9, c<\/span><\/span><\/span><span style=\"color: #595c62;\"><span style=\"font-family: GeosansLight, sans-serif;\"><span style=\"font-size: large;\">hair sucr\u00e9e et juteuse<\/span><\/span><\/span><\/p>\n<p><span style=\"color: #595c62;\"><span style=\"font-family: GeosansLight, sans-serif;\"><span style=\"font-size: large;\">Bonne production, t<\/span><\/span><\/span><span style=\"color: #595c62;\"><span style=\"font-family: GeosansLight, sans-serif;\"><span style=\"font-size: large;\">r\u00e8s bon pollinisateur<\/span><\/span><\/span><\/p>\n<p><span style=\"color: #595c62;\"><span style=\"font-family: GeosansLight, sans-serif;\"><span style=\"font-size: large;\">Floraison tardive avril<\/span><\/span><\/span><\/p>\n<p><span style=\"color: #595c62;\"><span style=\"font-family: GeosansLight, sans-serif;\"><span style=\"font-size: large;\">R\u00e9colte mi-juillet<\/span><\/span><\/span><\/p>\n<p>&nbsp;<\/p>\n<p>&nbsp;<\/p>\n<p>&nbsp;<\/p>\n<p>&nbsp;<\/p>\n","protected":false},"featured_media":1428,"template":"","meta":{"site-sidebar-layout":"default","site-content-layout":"default","ast-global-header-display":"","ast-banner-title-visibility":"","ast-main-header-display":"","ast-hfb-above-header-display":"","ast-hfb-below-header-display":"","ast-hfb-mobile-header-display":"","site-post-title":"","ast-breadcrumbs-content":"","ast-featured-img":"","footer-sml-layout":"","theme-transparent-header-meta":"default","adv-header-id-meta":"","stick-header-meta":"","header-above-stick-meta":"","header-main-stick-meta":"","header-below-stick-meta":""},"product_brand":[],"product_cat":[49],"product_tag":[],"class_list":{"0":"post-192","1":"product","2":"type-product","3":"status-publish","4":"has-post-thumbnail","6":"product_cat-cerisier","7":"desktop-align-left","8":"tablet-align-left","9":"mobile-align-left","11":"first","12":"instock","13":"featured","14":"taxable","15":"shipping-taxable","16":"purchasable","17":"product-type-variable"},"jetpack_sharing_enabled":true,"_links":{"self":[{"href":"https:\/\/pepinierepierreetlili.fr\/index.php\/wp-json\/wp\/v2\/product\/192","targetHints":{"allow":["GET"]}}],"collection":[{"href":"https:\/\/pepinierepierreetlili.fr\/index.php\/wp-json\/wp\/v2\/product"}],"about":[{"href":"https:\/\/pepinierepierreetlili.fr\/index.php\/wp-json\/wp\/v2\/types\/product"}],"wp:featuredmedia":[{"embeddable":true,"href":"https:\/\/pepinierepierreetlili.fr\/index.php\/wp-json\/wp\/v2\/media\/1428"}],"wp:attachment":[{"href":"https:\/\/pepinierepierreetlili.fr\/index.php\/wp-json\/wp\/v2\/media?parent=192"}],"wp:term":[{"taxonomy":"product_brand","embeddable":true,"href":"https:\/\/pepinierepierreetlili.fr\/index.php\/wp-json\/wp\/v2\/product_brand?post=192"},{"taxonomy":"product_cat","embeddable":true,"href":"https:\/\/pepinierepierreetlili.fr\/index.php\/wp-json\/wp\/v2\/product_cat?post=192"},{"taxonomy":"product_tag","embeddable":true,"href":"https:\/\/pepinierepierreetlili.fr\/index.php\/wp-json\/wp\/v2\/product_tag?post=192"}],"curies":[{"name":"wp","href":"https:\/\/api.w.org\/{rel}","templated":true}]}}