{"id":188,"date":"2023-06-07T16:55:39","date_gmt":"2023-06-07T14:55:39","guid":{"rendered":"http:\/\/pepinierepierreetlili.fr\/?post_type=product&#038;p=188"},"modified":"2026-02-24T11:13:21","modified_gmt":"2026-02-24T10:13:21","slug":"cerisier-bigarreau-reverchon","status":"publish","type":"product","link":"https:\/\/pepinierepierreetlili.fr\/index.php\/produit\/cerisier-bigarreau-reverchon\/","title":{"rendered":"Cerisier BIGARREAU REVERCHON"},"content":{"rendered":"<p>Vari\u00e9t\u00e9 ancienne tr\u00e8s productive \u2013 Gros fruits rouges \u2013 Production sur sol vivant<\/p>\n<p>Le cerisier Reverchon est une ancienne vari\u00e9t\u00e9 fran\u00e7aise r\u00e9put\u00e9e pour sa tr\u00e8s forte productivit\u00e9, ses gros fruits rouge vif, fermes et sucr\u00e9s, ainsi que pour sa robustesse naturelle. Tr\u00e8s utilis\u00e9 comme pollinisateur universel, il est aussi appr\u00e9ci\u00e9 comme vari\u00e9t\u00e9 de r\u00e9colte pour sa r\u00e9gularit\u00e9 et sa fiabilit\u00e9.<\/p>\n<p>\u00c0 la P\u00e9pini\u00e8re Pierre &#038; Lili, nos cerisiers sont cultiv\u00e9s sur sol vivant, sans travail du sol ni engrais de synth\u00e8se, pour des arbres autonomes, r\u00e9sistants \u00e0 la s\u00e9cheresse et durables.<\/p>\n<p>\ud83c\udf31 Donn\u00e9es techniques<br \/>\nVigueur : forte<br \/>\nFloraison : avril (mi-saison)<br \/>\nAutofertile : non<br \/>\nPollinisateurs : Burlat, Napol\u00e9on, C\u0153ur de Pigeon, Hedelfingen, Vignola<br \/>\nR\u00e9colte : mi-jUin<br \/>\nFruits : gros, rouge vif, fermes, sucr\u00e9s<br \/>\nRusticit\u00e9 : \u201320 \u00b0C<br \/>\nTol\u00e9rance s\u00e9cheresse : bonne une fois install\u00e9<\/p>\n","protected":false},"excerpt":{"rendered":"<p>Vari\u00e9t\u00e9 ancienne tr\u00e8s productive \u2013 Gros fruits rouges \u2013 Production sur sol vivant<\/p>\n<p>Le cerisier Reverchon est une ancienne vari\u00e9t\u00e9 fran\u00e7aise r\u00e9put\u00e9e pour sa tr\u00e8s forte productivit\u00e9, ses gros fruits rouge vif, fermes et sucr\u00e9s, ainsi que pour sa robustesse naturelle. Tr\u00e8s utilis\u00e9 comme pollinisateur universel, il est aussi appr\u00e9ci\u00e9 comme vari\u00e9t\u00e9 de r\u00e9colte pour sa r\u00e9gularit\u00e9 et sa fiabilit\u00e9.<\/p>\n<p>\u00c0 la P\u00e9pini\u00e8re Pierre &#038; Lili, nos cerisiers sont cultiv\u00e9s sur sol vivant, sans travail du sol ni engrais de synth\u00e8se, pour des arbres autonomes, r\u00e9sistants \u00e0 la s\u00e9cheresse et durables.<\/p>\n<p>\ud83c\udf31 Donn\u00e9es techniques<br \/>\nVigueur : forte<br \/>\nFloraison : avril (mi-saison)<br \/>\nAutofertile : non<br \/>\nPollinisateurs : Burlat, Napol\u00e9on, C\u0153ur de Pigeon, Hedelfingen, Vignola<br \/>\nR\u00e9colte : mi-jUin<br \/>\nFruits : gros, rouge vif, fermes, sucr\u00e9s<br \/>\nRusticit\u00e9 : \u201320 \u00b0C<br \/>\nTol\u00e9rance s\u00e9cheresse : bonne une fois install\u00e9<\/p>\n","protected":false},"featured_media":1674,"template":"","meta":{"site-sidebar-layout":"default","site-content-layout":"default","ast-global-header-display":"","ast-banner-title-visibility":"","ast-main-header-display":"","ast-hfb-above-header-display":"","ast-hfb-below-header-display":"","ast-hfb-mobile-header-display":"","site-post-title":"","ast-breadcrumbs-content":"","ast-featured-img":"","footer-sml-layout":"","theme-transparent-header-meta":"default","adv-header-id-meta":"","stick-header-meta":"","header-above-stick-meta":"","header-main-stick-meta":"","header-below-stick-meta":""},"product_brand":[],"product_cat":[49],"product_tag":[],"class_list":{"0":"post-188","1":"product","2":"type-product","3":"status-publish","4":"has-post-thumbnail","6":"product_cat-cerisier","7":"desktop-align-left","8":"tablet-align-left","9":"mobile-align-left","11":"first","12":"instock","13":"featured","14":"taxable","15":"shipping-taxable","16":"purchasable","17":"product-type-variable","18":"has-default-attributes"},"jetpack_sharing_enabled":true,"_links":{"self":[{"href":"https:\/\/pepinierepierreetlili.fr\/index.php\/wp-json\/wp\/v2\/product\/188","targetHints":{"allow":["GET"]}}],"collection":[{"href":"https:\/\/pepinierepierreetlili.fr\/index.php\/wp-json\/wp\/v2\/product"}],"about":[{"href":"https:\/\/pepinierepierreetlili.fr\/index.php\/wp-json\/wp\/v2\/types\/product"}],"wp:featuredmedia":[{"embeddable":true,"href":"https:\/\/pepinierepierreetlili.fr\/index.php\/wp-json\/wp\/v2\/media\/1674"}],"wp:attachment":[{"href":"https:\/\/pepinierepierreetlili.fr\/index.php\/wp-json\/wp\/v2\/media?parent=188"}],"wp:term":[{"taxonomy":"product_brand","embeddable":true,"href":"https:\/\/pepinierepierreetlili.fr\/index.php\/wp-json\/wp\/v2\/product_brand?post=188"},{"taxonomy":"product_cat","embeddable":true,"href":"https:\/\/pepinierepierreetlili.fr\/index.php\/wp-json\/wp\/v2\/product_cat?post=188"},{"taxonomy":"product_tag","embeddable":true,"href":"https:\/\/pepinierepierreetlili.fr\/index.php\/wp-json\/wp\/v2\/product_tag?post=188"}],"curies":[{"name":"wp","href":"https:\/\/api.w.org\/{rel}","templated":true}]}}