{"id":168,"date":"2023-06-07T16:26:29","date_gmt":"2023-06-07T14:26:29","guid":{"rendered":"http:\/\/pepinierepierreetlili.fr\/?post_type=product&#038;p=168"},"modified":"2025-12-15T17:21:52","modified_gmt":"2025-12-15T16:21:52","slug":"abricotier-peche-de-nancy","status":"publish","type":"product","link":"https:\/\/pepinierepierreetlili.fr\/index.php\/produit\/abricotier-peche-de-nancy\/","title":{"rendered":"Abricotier P\u00caCHE DE NANCY"},"content":{"rendered":"<h3 class=\"western\" align=\"left\"><span style=\"color: #ec6fb7;\"><span style=\"font-family: GeosansLight, serif;\"><span style=\"font-size: xx-large;\"><b>A<\/b><\/span><\/span><\/span><span style=\"color: #ec6fb7;\"><span style=\"font-family: GeosansLight, serif;\"><span style=\"font-size: xx-large;\"><b>bricotier <\/b><\/span><\/span><\/span><span style=\"color: #ec6fb7;\"><span style=\"font-family: GeosansLight, serif;\"><span style=\"font-size: xx-large;\"><b>P\u00eache de Nancy<\/b><\/span><\/span><\/span><\/h3>\n<p align=\"left\"><span style=\"font-family: GeosansLight, serif;\"><span style=\"font-size: large;\">Originaire (comme son nom le laisse comprendre) de Nancy ils aurait \u00e9t\u00e9 apport\u00e9 en 1709 par Stanislas (Roi de lorraine) en 1709 c&rsquo;est toutefois au 19\u00e9 si\u00e8cle que le pomologue Andr\u00e9 Leroy en fat une description comme vari\u00e9t\u00e9 sp\u00e9cifique dans son dictionnaire, bas\u00e9e sur une description datant de 1755 le d\u00e9crivant comme un fruit de bouche de Lorraine, de bon go\u00fbt et facile \u00e0 cultiver.<\/span><\/span><\/p>\n<p class=\"western\" align=\"left\"><span style=\"font-family: GeosansLight, serif;\"><span style=\"font-size: large;\">L\u2019Abricotier P\u00eache de Nancy est productif et rustique, sa floraison \u00e0 lieu vers la mi mars, et vous r\u00e9colterez ses fruits aux alentour de mi ao\u00fbt Ils sont savoureux, parfum\u00e9s, fermes, jaunes, et de gros calibre.<\/span><\/span><\/p>\n<p class=\"western\" align=\"left\"><span style=\"font-family: GeosansLight, serif;\"><span style=\"font-size: large;\">Il est autofertile mais si vous le mettez en compagnie d\u2019autres abricotiers comme des Bergeron ou des Rouge du Roussillon il sera plus r\u00e9gulier dans sa production.<\/span><\/span><\/p>\n<h3 class=\"western\" align=\"left\"><a name=\"cc-m-header-141157009302236\"><\/a><\/h3>\n<p align=\"left\"><span style=\"color: #800080;\"><span style=\"font-family: GeosansLight, serif;\"><span style=\"font-size: large;\"><b>Arbre produit en Agriculture Biologique, labellis\u00e9 \u201cAB\u201d avec des strat\u00e9gies d\u2019Agriculture de Conservation des sols, sols vivants, permaculture<\/b><\/span><\/span><\/span><\/p>\n<p align=\"left\"><span style=\"font-size: large;\"><span style=\"color: #000000;\"><span style=\"font-family: GeosansLight, serif;\"><i>(voir fiche explicative \u00ab <a href=\"https:\/\/www.pepinierepierreetlili.fr\/index.php\/msv-maraichage-sur-sol-vivant-psv-pepiniere-quest-ce-que-cest\/\">C\u2019est quoi l\u2019agriculture de conservation des sols ? \u2013 PEPINIERE PIERRE ET LILI<\/a>\u00bb)<\/i><\/span><\/span><\/span><\/p>\n<p align=\"left\"><span style=\"font-size: large;\"><span style=\"font-family: GeosansLight, serif;\">Vendu Racines nues <\/span><span style=\"font-family: GeosansLight, serif;\"><i>(voir fiche explicative \u00ab<a href=\"https:\/\/www.pepinierepierreetlili.fr\/index.php\/pourquoi-les-racines-nues\/\">pourquoi les racines nues ? \u2013 PEPINIERE PIERRE ET LILI<\/a><span style=\"color: #000000;\">\u00bb)<\/span><\/i><\/span><\/span><\/p>\n<p align=\"left\"><span style=\"font-family: GeosansLight, serif;\"><b>Livraison<\/b><\/span><span style=\"font-family: GeosansLight, serif;\"> possible dans toute la France <\/span><\/p>\n<p><span style=\"font-family: GeosansLight, serif;\"><span style=\"font-size: medium;\"><i>Pierre, Lili et Paolo vous remercient\u00a0!<\/i><\/span><\/span><\/p>\n<p>&nbsp;<\/p>\n","protected":false},"excerpt":{"rendered":"<p align=\"left\"><span style=\"font-family: GeosansLight, serif;\"><span style=\"font-size: large;\">Vari\u00e9t\u00e9 Ancienne Fran\u00e7aise 1709<\/span><\/span><\/p>\n<p align=\"left\"><span style=\"font-family: GeosansLight, serif;\"><span style=\"font-size: large;\">Autofertile<\/span><\/span><\/p>\n<p class=\"western\" align=\"left\"><span style=\"font-family: GeosansLight, serif;\"><span style=\"font-size: large;\">Fruit exquis, m<\/span><\/span><span style=\"font-family: GeosansLight, serif;\"><span style=\"font-size: large;\">ise \u00e0 fruits rapide, t<\/span><\/span><span style=\"font-family: GeosansLight, serif;\"><span style=\"font-size: large;\">r\u00e8s rustique<\/span><\/span><\/p>\n<p class=\"western\" align=\"left\"><span style=\"font-family: GeosansLight, serif;\"><span style=\"font-size: large;\">Floraison Mi mars\u00a0<\/span><\/span><\/p>\n<p class=\"western\" align=\"left\"><span style=\"font-family: GeosansLight, serif;\"><span style=\"font-size: large;\">R\u00e9colte Mi ao\u00fbt<\/span><\/span><\/p>\n<p>&nbsp;<\/p>\n","protected":false},"featured_media":1540,"template":"","meta":{"site-sidebar-layout":"default","site-content-layout":"default","ast-global-header-display":"","ast-banner-title-visibility":"","ast-main-header-display":"","ast-hfb-above-header-display":"","ast-hfb-below-header-display":"","ast-hfb-mobile-header-display":"","site-post-title":"","ast-breadcrumbs-content":"","ast-featured-img":"","footer-sml-layout":"","theme-transparent-header-meta":"default","adv-header-id-meta":"","stick-header-meta":"","header-above-stick-meta":"","header-main-stick-meta":"","header-below-stick-meta":""},"product_brand":[],"product_cat":[45],"product_tag":[],"class_list":{"0":"post-168","1":"product","2":"type-product","3":"status-publish","4":"has-post-thumbnail","6":"product_cat-abricotier","7":"desktop-align-left","8":"tablet-align-left","9":"mobile-align-left","11":"first","12":"outofstock","13":"featured","14":"taxable","15":"shipping-taxable","16":"purchasable","17":"product-type-variable"},"jetpack_sharing_enabled":true,"_links":{"self":[{"href":"https:\/\/pepinierepierreetlili.fr\/index.php\/wp-json\/wp\/v2\/product\/168","targetHints":{"allow":["GET"]}}],"collection":[{"href":"https:\/\/pepinierepierreetlili.fr\/index.php\/wp-json\/wp\/v2\/product"}],"about":[{"href":"https:\/\/pepinierepierreetlili.fr\/index.php\/wp-json\/wp\/v2\/types\/product"}],"wp:featuredmedia":[{"embeddable":true,"href":"https:\/\/pepinierepierreetlili.fr\/index.php\/wp-json\/wp\/v2\/media\/1540"}],"wp:attachment":[{"href":"https:\/\/pepinierepierreetlili.fr\/index.php\/wp-json\/wp\/v2\/media?parent=168"}],"wp:term":[{"taxonomy":"product_brand","embeddable":true,"href":"https:\/\/pepinierepierreetlili.fr\/index.php\/wp-json\/wp\/v2\/product_brand?post=168"},{"taxonomy":"product_cat","embeddable":true,"href":"https:\/\/pepinierepierreetlili.fr\/index.php\/wp-json\/wp\/v2\/product_cat?post=168"},{"taxonomy":"product_tag","embeddable":true,"href":"https:\/\/pepinierepierreetlili.fr\/index.php\/wp-json\/wp\/v2\/product_tag?post=168"}],"curies":[{"name":"wp","href":"https:\/\/api.w.org\/{rel}","templated":true}]}}