{"id":161,"date":"2023-06-07T16:16:30","date_gmt":"2023-06-07T14:16:30","guid":{"rendered":"http:\/\/pepinierepierreetlili.fr\/?post_type=product&#038;p=161"},"modified":"2025-12-15T17:33:11","modified_gmt":"2025-12-15T16:33:11","slug":"abricotier-precoce-de-saumur","status":"publish","type":"product","link":"https:\/\/pepinierepierreetlili.fr\/index.php\/produit\/abricotier-precoce-de-saumur\/","title":{"rendered":"Abricotier PRECOCE DE SAUMUR"},"content":{"rendered":"<h3 class=\"western\" align=\"left\"><span style=\"color: #ec6fb7;\"><span style=\"font-family: GeosansLight, serif;\"><span style=\"font-size: xx-large;\"><b>A<\/b><\/span><\/span><\/span><span style=\"color: #ec6fb7;\"><span style=\"font-family: GeosansLight, serif;\"><span style=\"font-size: xx-large;\"><b>bricotier Pr\u00e9coce de Saumur<\/b><\/span><\/span><\/span><\/h3>\n<p>&nbsp;<\/p>\n<p class=\"western\"><span style=\"font-family: GeosansLight, serif;\"><span style=\"font-size: large;\">L&rsquo;abricotier Pr\u00e9coce de Saumur est d\u00e9couvert en 1960 dans la r\u00e9gion de Saumur, ses qualit\u00e9s de production exceptionnelles ont eu t\u00f4t fait de faire sa r\u00e9putation et rapidement des p\u00e9pini\u00e9ristes on commenc\u00e9 sa multiplication.<\/span><\/span><\/p>\n<p class=\"western\"><span style=\"font-family: GeosansLight, serif;\"><span style=\"font-size: large;\">Son f<\/span><\/span><span style=\"font-family: GeosansLight, serif;\"><span style=\"font-size: large;\">ruit de taille moyenne, est orang\u00e9 \u00e0 rouge (lorsqu&rsquo;il est expos\u00e9 au soleil), sa chair est fondante, peu juteuse mais fine et d\u00e9licieusement parfum\u00e9e, un r\u00e9gal!<\/span><\/span><\/p>\n<p class=\"western\"><span style=\"font-family: GeosansLight, serif;\"><span style=\"font-size: large;\">Vari\u00e9t\u00e9 rustique supportant bien le froid, l<\/span><\/span><span style=\"font-family: GeosansLight, serif;\"><span style=\"font-size: large;\">e pr\u00e9coce de saumur arrive se plaire jusque dans les r\u00e9gions centre et nord. Attention toutefois aux gels tardifs avec sa floraison qui \u00e0 lieu aux alentours de fin mars. <\/span><\/span><span style=\"font-family: GeosansLight, serif;\"><span style=\"font-size: large;\">Il est Autofertile mais sera plus productif avec un confr\u00e8re florissant \u00e0 la m\u00eame p\u00e9riode que lui<\/span><\/span><\/p>\n<p class=\"western\" align=\"left\"><span style=\"font-family: GeosansLight, serif;\"><span style=\"font-size: large;\">R\u00e9colte aux alentours de d\u00e9but Juillet.<\/span><\/span><\/p>\n<p class=\"western\" align=\"left\"><span style=\"font-family: GeosansLight, serif;\"><span style=\"font-size: large;\">Une fine vari\u00e9t\u00e9 a tout point de vue!<\/span><\/span><\/p>\n<p align=\"left\"><span style=\"color: #800080;\"><span style=\"font-family: GeosansLight, serif;\"><span style=\"font-size: large;\"><b>Arbre produit en Agriculture Biologique, labellis\u00e9 \u201cAB\u201d avec des strat\u00e9gies d\u2019Agriculture de Conservation des sols, sols vivants, permaculture<\/b><\/span><\/span><\/span><\/p>\n<p align=\"left\"><span style=\"font-size: large;\"><span style=\"color: #000000;\"><span style=\"font-family: GeosansLight, serif;\"><i>(voir fiche explicative \u00ab <a href=\"https:\/\/www.pepinierepierreetlili.fr\/index.php\/msv-maraichage-sur-sol-vivant-psv-pepiniere-quest-ce-que-cest\/\">C\u2019est quoi l\u2019agriculture de conservation des sols ? \u2013 PEPINIERE PIERRE ET LILI<\/a>\u00bb)<\/i><\/span><\/span><\/span><\/p>\n<p align=\"left\"><span style=\"font-size: large;\"><span style=\"font-family: GeosansLight, serif;\">Vendu Racines nues <\/span><span style=\"font-family: GeosansLight, serif;\"><i>(voir fiche explicative \u00ab<a href=\"https:\/\/www.pepinierepierreetlili.fr\/index.php\/pourquoi-les-racines-nues\/\">pourquoi les racines nues ? \u2013 PEPINIERE PIERRE ET LILI<\/a><span style=\"color: #000000;\">\u00bb)<\/span><\/i><\/span><\/span><\/p>\n<p class=\"western\" align=\"left\"><span style=\"font-family: GeosansLight, serif;\"><b>Livraison<\/b><\/span><span style=\"font-family: GeosansLight, serif;\"> possible dans toute la France <\/span><\/p>\n<p class=\"western\"><span style=\"font-family: GeosansLight, serif;\"><span style=\"font-size: medium;\"><i>Pierre, Lili et Paolo vous remercient\u00a0!<\/i><\/span><\/span><\/p>\n<p>&nbsp;<\/p>\n","protected":false},"excerpt":{"rendered":"<p><span style=\"color: #000000; font-family: GeosansLight, sans-serif; font-size: large; font-style: normal; font-weight: 400;\">En cours de Production<\/span><\/p>\n<p align=\"left\"><span style=\"font-size: large;\"><span style=\"color: #800080;\"><span style=\"font-family: GeosansLight, serif;\"><span style=\"color: #000000; font-family: GeosansLight, sans-serif; font-size: large; font-style: normal; font-weight: 400;\">Disponible saison 2025<\/span><\/span><\/span><\/span><\/p>\n<p class=\"western\"><span style=\"font-family: GeosansLight, serif;\"><span style=\"font-size: large;\">Vari\u00e9t\u00e9 ancienne Fran\u00e7aise 1960<\/span><\/span><\/p>\n<p class=\"western\"><span style=\"font-family: GeosansLight, serif;\"><span style=\"font-size: large;\">Autofertile<\/span><\/span><\/p>\n<p class=\"western\"><span style=\"font-family: GeosansLight, serif;\"><span style=\"font-size: large;\">Fruit Orang\u00e9 \u00e0 rouge, chair fondante tr\u00e8s parfum\u00e9e<\/span><\/span><\/p>\n<p class=\"western\"><span style=\"font-family: GeosansLight, serif;\"><span style=\"font-size: large;\">Rustique, tr\u00e8s bonne productivit\u00e9<\/span><\/span><\/p>\n<p class=\"western\"><span style=\"font-family: GeosansLight, serif;\"><span style=\"font-size: large;\">Floraison Fin Mars<\/span><\/span><\/p>\n<p class=\"western\"><span style=\"font-family: GeosansLight, serif;\"><span style=\"font-size: large;\">R\u00e9colte D\u00e9but Juillet<\/span><\/span><\/p>\n<p>&nbsp;<\/p>\n","protected":false},"featured_media":1545,"template":"","meta":{"site-sidebar-layout":"default","site-content-layout":"default","ast-global-header-display":"","ast-banner-title-visibility":"","ast-main-header-display":"","ast-hfb-above-header-display":"","ast-hfb-below-header-display":"","ast-hfb-mobile-header-display":"","site-post-title":"","ast-breadcrumbs-content":"","ast-featured-img":"","footer-sml-layout":"","theme-transparent-header-meta":"default","adv-header-id-meta":"","stick-header-meta":"","header-above-stick-meta":"","header-main-stick-meta":"","header-below-stick-meta":""},"product_brand":[],"product_cat":[45],"product_tag":[],"class_list":{"0":"post-161","1":"product","2":"type-product","3":"status-publish","4":"has-post-thumbnail","6":"product_cat-abricotier","7":"desktop-align-left","8":"tablet-align-left","9":"mobile-align-left","11":"first","12":"outofstock","13":"featured","14":"taxable","15":"shipping-taxable","16":"purchasable","17":"product-type-variable"},"jetpack_sharing_enabled":true,"_links":{"self":[{"href":"https:\/\/pepinierepierreetlili.fr\/index.php\/wp-json\/wp\/v2\/product\/161","targetHints":{"allow":["GET"]}}],"collection":[{"href":"https:\/\/pepinierepierreetlili.fr\/index.php\/wp-json\/wp\/v2\/product"}],"about":[{"href":"https:\/\/pepinierepierreetlili.fr\/index.php\/wp-json\/wp\/v2\/types\/product"}],"wp:featuredmedia":[{"embeddable":true,"href":"https:\/\/pepinierepierreetlili.fr\/index.php\/wp-json\/wp\/v2\/media\/1545"}],"wp:attachment":[{"href":"https:\/\/pepinierepierreetlili.fr\/index.php\/wp-json\/wp\/v2\/media?parent=161"}],"wp:term":[{"taxonomy":"product_brand","embeddable":true,"href":"https:\/\/pepinierepierreetlili.fr\/index.php\/wp-json\/wp\/v2\/product_brand?post=161"},{"taxonomy":"product_cat","embeddable":true,"href":"https:\/\/pepinierepierreetlili.fr\/index.php\/wp-json\/wp\/v2\/product_cat?post=161"},{"taxonomy":"product_tag","embeddable":true,"href":"https:\/\/pepinierepierreetlili.fr\/index.php\/wp-json\/wp\/v2\/product_tag?post=161"}],"curies":[{"name":"wp","href":"https:\/\/api.w.org\/{rel}","templated":true}]}}