{"id":15,"date":"2023-06-06T10:14:19","date_gmt":"2023-06-06T08:14:19","guid":{"rendered":"http:\/\/pepinierepierreetlili.fr\/index.php\/produit\/v-neck-t-shirt\/"},"modified":"2025-12-15T17:36:37","modified_gmt":"2025-12-15T16:36:37","slug":"abricot-rouge-du-roussillon","status":"publish","type":"product","link":"https:\/\/pepinierepierreetlili.fr\/index.php\/produit\/abricot-rouge-du-roussillon\/","title":{"rendered":"Abricotier ROUGE DU ROUSSILLON"},"content":{"rendered":"<p><span style=\"color: #ec6fb7;\"><span style=\"font-family: GeosansLight, sans-serif;\"><span style=\"font-size: xx-large;\"><b>Abricotier Rouge du Roussillon<\/b><\/span><\/span><\/span><\/p>\n<p><span style=\"font-family: GeosansLight, sans-serif;\"><span style=\"font-size: large;\">Sa culture se d\u00e9veloppe au d\u00e9but du 19\u00e8me si\u00e8cle propuls\u00e9e par l&rsquo;arriv\u00e9e du transport ferroviaire. En 1971, le d\u00e9partement des Pyr\u00e9n\u00e9es Orientales \u00e9tait le premier d\u00e9partement fran\u00e7ais producteur d&rsquo;abricots avec 72% de sa surface cultiv\u00e9e en vari\u00e9t\u00e9 \u00ab population \u00bb rouge du Roussillon. <\/span><\/span><\/p>\n<p><span style=\"font-family: GeosansLight, sans-serif;\"><span style=\"font-size: large;\">Le fruit est de taille moyenne, et sa chair est mi ferme. De floraison pr\u00e9coce (\u00e0 partir de fin f\u00e9vrier\/d\u00e9but mars), la r\u00e9gion du rouisillon fut \u00e0 l\u2019origine de son nom gr\u00e2ce \u00e0 sa culture largement r\u00e9pandue dans la r\u00e9gion. Il poss\u00e8de une tr\u00e8s bonne qualit\u00e9 gustative et son ar\u00f4me est relev\u00e9, dispose d&rsquo;une excellente productivit\u00e9 en plus d&rsquo;\u00eatre un tr\u00e8s bon pollinisateur. L&rsquo;abricotier est autofertile toutefois pour am\u00e9liorer sa productivit\u00e9 il est pr\u00e9f\u00e9rable de poss\u00e9der une autre vari\u00e9t\u00e9 a floraison pr\u00e9coce.<br \/>\n<\/span><\/span><\/p>\n<p><span style=\"font-family: GeosansLight, sans-serif;\"><span style=\"font-size: large;\">Il Vou r\u00e9galera de ses fruits aux alentour de d\u00e9but Juillet<\/span><\/span><\/p>\n<p align=\"left\"><span style=\"color: #800080;\"><span style=\"font-family: GeosansLight, serif;\"><span style=\"font-size: large;\"><b>Arbre produit en Agriculture Biologique, labellis\u00e9 \u201cAB\u201d avec des strat\u00e9gies d\u2019Agriculture de Conservation des sols, sols vivants, permaculture<\/b><\/span><\/span><\/span><\/p>\n<p align=\"left\"><span style=\"font-size: large;\"><span style=\"color: #000000;\"><span style=\"font-family: GeosansLight, serif;\"><i>(voir fiche explicative \u00ab <a href=\"https:\/\/www.pepinierepierreetlili.fr\/index.php\/msv-maraichage-sur-sol-vivant-psv-pepiniere-quest-ce-que-cest\/\">C\u2019est quoi l\u2019agriculture de conservation des sols ? \u2013 PEPINIERE PIERRE ET LILI<\/a>\u00bb)<\/i><\/span><\/span><\/span><\/p>\n<p align=\"left\"><span style=\"font-size: large;\"><span style=\"font-family: GeosansLight, serif;\">Vendu Racines nues <\/span><span style=\"font-family: GeosansLight, serif;\"><i>(voir fiche explicative \u00ab<a href=\"https:\/\/www.pepinierepierreetlili.fr\/index.php\/pourquoi-les-racines-nues\/\">pourquoi les racines nues ? \u2013 PEPINIERE PIERRE ET LILI<\/a><span style=\"color: #000000;\">\u00bb)<\/span><\/i><\/span><\/span><\/p>\n<p align=\"left\"><span style=\"font-family: GeosansLight, sans-serif;\"><b>Livraison<\/b> possible dans toute la France <\/span><\/p>\n<p align=\"left\"><span style=\"font-family: GeosansLight, sans-serif;\"><span style=\"font-size: large;\"><i><span style=\"font-family: GeosansLight, serif;\"><span style=\"font-size: medium;\">Pierre, Lili et Paolo vous remercie<\/span><\/span><span style=\"font-family: GeosansLight, serif;\"><span style=\"font-size: medium;\">nt<\/span><\/span><span style=\"font-family: GeosansLight, serif;\"><span style=\"font-size: medium;\"> !<\/span><\/span><\/i><\/span><\/span><\/p>\n<p>&nbsp;<\/p>\n","protected":false},"excerpt":{"rendered":"<p><span style=\"font-family: GeosansLight, sans-serif;\"><span style=\"font-size: large;\">Vari\u00e9t\u00e9 Ancienne 19e Si\u00e8cle<\/span><\/span><\/p>\n<p><span style=\"font-family: GeosansLight, sans-serif;\"><span style=\"font-size: large;\">Autofertile<\/span><\/span><\/p>\n<p><span style=\"font-family: GeosansLight, sans-serif;\"><span style=\"font-size: large;\">Fruit de taille moyenne, chair mi ferme, tr\u00e8s bonne qualit\u00e9 gustative, ar\u00f4me relev\u00e9<\/span><\/span><\/p>\n<p><span style=\"font-family: GeosansLight, sans-serif;\"><span style=\"font-size: large;\">Excellent pollinisateur, excellente productivit\u00e9<\/span><\/span><\/p>\n<p><span style=\"font-family: GeosansLight, sans-serif;\"><span style=\"font-size: large;\">Floraison pr\u00e9coce, \u00e0 partir de fin f\u00e9vrier\/d\u00e9but mars<br \/>\n<\/span><\/span><\/p>\n<p><span style=\"font-family: GeosansLight, sans-serif;\"><span style=\"font-size: large;\">R\u00e9colte d\u00e9but Juillet<\/span><\/span><\/p>\n<p>&nbsp;<\/p>\n","protected":false},"featured_media":1547,"template":"","meta":{"site-sidebar-layout":"default","site-content-layout":"default","ast-global-header-display":"","ast-banner-title-visibility":"","ast-main-header-display":"","ast-hfb-above-header-display":"","ast-hfb-below-header-display":"","ast-hfb-mobile-header-display":"","site-post-title":"","ast-breadcrumbs-content":"","ast-featured-img":"","footer-sml-layout":"","theme-transparent-header-meta":"default","adv-header-id-meta":"","stick-header-meta":"","header-above-stick-meta":"","header-main-stick-meta":"","header-below-stick-meta":""},"product_brand":[],"product_cat":[45],"product_tag":[],"class_list":{"0":"post-15","1":"product","2":"type-product","3":"status-publish","4":"has-post-thumbnail","6":"product_cat-abricotier","7":"desktop-align-left","8":"tablet-align-left","9":"mobile-align-left","11":"first","12":"outofstock","13":"featured","14":"taxable","15":"shipping-taxable","16":"purchasable","17":"product-type-variable"},"jetpack_sharing_enabled":true,"_links":{"self":[{"href":"https:\/\/pepinierepierreetlili.fr\/index.php\/wp-json\/wp\/v2\/product\/15","targetHints":{"allow":["GET"]}}],"collection":[{"href":"https:\/\/pepinierepierreetlili.fr\/index.php\/wp-json\/wp\/v2\/product"}],"about":[{"href":"https:\/\/pepinierepierreetlili.fr\/index.php\/wp-json\/wp\/v2\/types\/product"}],"wp:featuredmedia":[{"embeddable":true,"href":"https:\/\/pepinierepierreetlili.fr\/index.php\/wp-json\/wp\/v2\/media\/1547"}],"wp:attachment":[{"href":"https:\/\/pepinierepierreetlili.fr\/index.php\/wp-json\/wp\/v2\/media?parent=15"}],"wp:term":[{"taxonomy":"product_brand","embeddable":true,"href":"https:\/\/pepinierepierreetlili.fr\/index.php\/wp-json\/wp\/v2\/product_brand?post=15"},{"taxonomy":"product_cat","embeddable":true,"href":"https:\/\/pepinierepierreetlili.fr\/index.php\/wp-json\/wp\/v2\/product_cat?post=15"},{"taxonomy":"product_tag","embeddable":true,"href":"https:\/\/pepinierepierreetlili.fr\/index.php\/wp-json\/wp\/v2\/product_tag?post=15"}],"curies":[{"name":"wp","href":"https:\/\/api.w.org\/{rel}","templated":true}]}}