{"id":1196,"date":"2024-09-10T13:41:29","date_gmt":"2024-09-10T11:41:29","guid":{"rendered":"https:\/\/www.pepinierepierreetlili.fr\/index.php\/produit\/formation-a-la-greffe\/"},"modified":"2026-02-09T22:10:47","modified_gmt":"2026-02-09T21:10:47","slug":"formation-a-la-greffe","status":"publish","type":"product","link":"https:\/\/pepinierepierreetlili.fr\/index.php\/produit\/formation-a-la-greffe\/","title":{"rendered":"Formation \u00e0 la greffe"},"content":{"rendered":"<p>\ud83c\udf31 Formation \u00e0 la greffe : 1 journ\u00e9e compl\u00e8te pour apprendre et pratiquer<\/p>\n<p>\u00c0 partir de d\u00e9but 2026, nous vous proposons des stages d\u2019initiation et de perfectionnement \u00e0 la greffe, accessibles \u00e0 tous les passionn\u00e9s de vergers et de nature.<\/p>\n<p>\ud83d\udc49 <strong>Objectif<\/strong> : acqu\u00e9rir les bases th\u00e9oriques et techniques pour r\u00e9ussir vos greffes, et repartir avec vos propres fruitiers greff\u00e9s, pr\u00eats \u00e0 \u00eatre plant\u00e9s chez vous.<\/p>\n<p>\u2705 Au programme de la journ\u00e9e :<br \/>\n<strong>Th\u00e9orie<\/strong> :<\/p>\n<p>Comprendre les principes de la greffe<\/p>\n<p>D\u00e9couvrir ses avantages (production, sauvegarde de vari\u00e9t\u00e9s, adaptation des arbres\u2026)<\/p>\n<p>Explorer les principales techniques et savoir reconna\u00eetre les compatibilit\u00e9s et incompatibilit\u00e9s de greffage<\/p>\n<p><strong>Pratique sur bois d\u2019exercice :<\/strong><\/p>\n<p>Manipulations guid\u00e9es pour acqu\u00e9rir les bons gestes en toute confiance<\/p>\n<p>Entra\u00eenement aux diff\u00e9rentes techniques<\/p>\n<p><strong>Pratique sur vos futurs fruitiers :<\/strong><\/p>\n<p>Mise en application directe sur de jeunes arbres<\/p>\n<p>Chaque participant greffe plusieurs fruitiers et les emporte pour les planter chez lui \ud83c\udf33<\/p>\n<p><strong>\ud83c\udf81 En bonus :<\/strong><\/p>\n<p>Vous repartez non seulement avec des connaissances solides, mais aussi avec vos propres fruitiers greff\u00e9s par vos soins. Une belle mani\u00e8re de prolonger la formation dans votre jardin et de voir grandir vos arbres au fil des saisons.<\/p>\n","protected":false},"excerpt":{"rendered":"<p>1 journ\u00e9e d\u2019apprentissage avec de la th\u00e9orie et de la pratique. En prime, vous repartez avec quelques fruitiers greff\u00e9s par vos soins \u00e0 planter chez vous. Nous vous proposons \u00e0 partir de 2025 des stages sur une journ\u00e9e, avec diff\u00e9rentes techniques de greffe, vous pourrez m\u00eame partir avec vos arbres greff\u00e9s par vos soins. Programme : \u2026<br \/>\nFormation \u00e0 la greffe Lire la suite\u00a0\u00bb<\/p>\n<p>&nbsp;<\/p>\n<p>&nbsp;<\/p>\n<p>&nbsp;<\/p>\n<p>&nbsp;<\/p>\n<p>&nbsp;<\/p>\n","protected":false},"featured_media":2642,"template":"","meta":{"site-sidebar-layout":"default","site-content-layout":"default","ast-global-header-display":"","ast-banner-title-visibility":"","ast-main-header-display":"","ast-hfb-above-header-display":"","ast-hfb-below-header-display":"","ast-hfb-mobile-header-display":"","site-post-title":"","ast-breadcrumbs-content":"","ast-featured-img":"","footer-sml-layout":"","theme-transparent-header-meta":"default","adv-header-id-meta":"","stick-header-meta":"","header-above-stick-meta":"","header-main-stick-meta":"","header-below-stick-meta":""},"product_brand":[],"product_cat":[86],"product_tag":[],"class_list":{"0":"post-1196","1":"product","2":"type-product","3":"status-publish","4":"has-post-thumbnail","6":"product_cat-formation","7":"desktop-align-left","8":"tablet-align-left","9":"mobile-align-left","11":"first","12":"instock","13":"taxable","14":"shipping-taxable","15":"purchasable","16":"product-type-variable"},"jetpack_sharing_enabled":true,"_links":{"self":[{"href":"https:\/\/pepinierepierreetlili.fr\/index.php\/wp-json\/wp\/v2\/product\/1196","targetHints":{"allow":["GET"]}}],"collection":[{"href":"https:\/\/pepinierepierreetlili.fr\/index.php\/wp-json\/wp\/v2\/product"}],"about":[{"href":"https:\/\/pepinierepierreetlili.fr\/index.php\/wp-json\/wp\/v2\/types\/product"}],"wp:featuredmedia":[{"embeddable":true,"href":"https:\/\/pepinierepierreetlili.fr\/index.php\/wp-json\/wp\/v2\/media\/2642"}],"wp:attachment":[{"href":"https:\/\/pepinierepierreetlili.fr\/index.php\/wp-json\/wp\/v2\/media?parent=1196"}],"wp:term":[{"taxonomy":"product_brand","embeddable":true,"href":"https:\/\/pepinierepierreetlili.fr\/index.php\/wp-json\/wp\/v2\/product_brand?post=1196"},{"taxonomy":"product_cat","embeddable":true,"href":"https:\/\/pepinierepierreetlili.fr\/index.php\/wp-json\/wp\/v2\/product_cat?post=1196"},{"taxonomy":"product_tag","embeddable":true,"href":"https:\/\/pepinierepierreetlili.fr\/index.php\/wp-json\/wp\/v2\/product_tag?post=1196"}],"curies":[{"name":"wp","href":"https:\/\/api.w.org\/{rel}","templated":true}]}}