{"id":1176,"date":"2024-08-26T13:21:12","date_gmt":"2024-08-26T11:21:12","guid":{"rendered":"https:\/\/www.pepinierepierreetlili.fr\/?post_type=product&#038;p=1176"},"modified":"2024-11-04T10:44:36","modified_gmt":"2024-11-04T09:44:36","slug":"myrtille-jersey","status":"publish","type":"product","link":"https:\/\/pepinierepierreetlili.fr\/index.php\/produit\/myrtille-jersey\/","title":{"rendered":"Myrtille JERSEY"},"content":{"rendered":"<h3><span style=\"color: #ec6fb7;\"><span style=\"font-family: GeosansLight, sans-serif;\"><span style=\"font-size: xx-large;\"><b>Myrtille Jersey<\/b><\/span><\/span><\/span><\/h3>\n<p align=\"left\"><span style=\"color: #333333;\"><span style=\"font-family: GeosansLight, sans-serif;\"><span style=\"font-size: large;\">Vari\u00e9t\u00e9 ancienne de myrtillier originaire des \u00c9tats-Unis. Il a \u00e9t\u00e9 obtenu dans le New Jersey en 1920. <\/span><\/span><\/span><\/p>\n<p align=\"left\"><span style=\"color: #333333;\"><span style=\"font-family: GeosansLight, sans-serif;\"><span style=\"font-size: large;\">C&rsquo;est une vari\u00e9t\u00e9 productive et vigoureuse aux gros fruits (1cm) de couleur bleu clair, dont la chair est sucr\u00e9e et agr\u00e9ablement parfum\u00e9e. Il est appr\u00e9ci\u00e9 pour sa floraison blanche printani\u00e8re et son feuillage rouge et flamboyant en automne.<\/span><\/span><\/span><\/p>\n<p align=\"left\"><span style=\"font-size: large;\"><span style=\"color: #800080;\"><span style=\"font-family: GeosansLight, serif;\"><b>Arbuste produit en Agriculture Biologique, labellis\u00e9 \u00ab\u00a0AB\u00a0\u00bb avec des strat\u00e9gies d&rsquo;Agriculture de Conservation des sols, sols vivants, permaculture<\/b><\/span><\/span><\/span><\/p>\n<p align=\"left\"><span style=\"font-size: large;\"><b> <\/b><span style=\"color: #000000;\"><span style=\"font-family: GeosansLight, serif;\"><i>(voir fiche explicative \u00ab <a href=\"https:\/\/pepinierepierreetlili.fr\/index.php\/msv-maraichage-sur-sol-vivant-psv-pepiniere-quest-ce-que-cest\/\">C\u2019est quoi l\u2019agriculture de conservation des sols ? \u2013 PEPINIERE PIERRE ET LILI<\/a>\u00bb)<\/i><\/span><\/span><\/span><\/p>\n<p align=\"left\"><span style=\"font-size: large;\"><span style=\"font-family: GeosansLight, serif;\">Vendu Racines nues <\/span><span style=\"font-family: GeosansLight, serif;\"><i>(voir fiche explicative \u00ab<a href=\"https:\/\/pepinierepierreetlili.fr\/index.php\/pourquoi-les-racines-nues\/\">pourquoi les racines nues ? \u2013 PEPINIERE PIERRE ET LILI<\/a><span style=\"color: #000000;\">\u00bb)<\/span><\/i><\/span><\/span><\/p>\n<p align=\"left\"><span style=\"font-size: large;\"><span style=\"font-family: GeosansLight, serif;\"><b>Livraison<\/b><\/span><span style=\"font-family: GeosansLight, serif;\"> possible dans toute la France\u00a0<\/span><\/span><\/p>\n<p><span style=\"font-family: GeosansLight, serif;\"><span style=\"font-size: large;\"><i><span style=\"color: #000000;\">Pierre, Lili et Paolo vous remercient\u00a0!<\/span><\/i><\/span><\/span><\/p>\n<p>&nbsp;<\/p>\n","protected":false},"excerpt":{"rendered":"<p align=\"left\"><span style=\"color: #333333;\"><span style=\"font-family: GeosansLight, sans-serif;\"><span style=\"font-size: large;\">Vari\u00e9t\u00e9 ancienne Am\u00e9ricaine 1920<\/span><\/span><\/span><\/p>\n<p align=\"left\"><span style=\"color: #333333;\"><span style=\"font-family: GeosansLight, sans-serif;\"><span style=\"font-size: large;\">Autofertile<\/span><\/span><\/span><\/p>\n<p align=\"left\"><span style=\"color: #333333;\"><span style=\"font-family: GeosansLight, sans-serif;\"><span style=\"font-size: large;\">Rustique<\/span><\/span><\/span><\/p>\n<p align=\"left\"><span style=\"color: #333333;\"><span style=\"font-family: GeosansLight, sans-serif;\"><span style=\"font-size: large;\">1m50 en tous sens<\/span><\/span><\/span><\/p>\n<p align=\"left\"><span style=\"color: #333333;\"><span style=\"font-family: GeosansLight, sans-serif;\"><span style=\"font-size: large;\">Gros fruits (1cm)<\/span><\/span><\/span><\/p>\n<p align=\"left\"><span style=\"color: #333333;\"><span style=\"font-family: GeosansLight, sans-serif;\"><span style=\"font-size: large;\">Floraison Mai<\/span><\/span><\/span><\/p>\n<p align=\"left\"><span style=\"color: #333333;\"><span style=\"font-family: GeosansLight, sans-serif;\"><span style=\"font-size: large;\">R\u00e9colte Ao\u00fbt Septembre<\/span><\/span><\/span><\/p>\n<p>&nbsp;<\/p>\n","protected":false},"featured_media":1396,"template":"","meta":{"site-sidebar-layout":"default","site-content-layout":"default","ast-global-header-display":"","ast-banner-title-visibility":"","ast-main-header-display":"","ast-hfb-above-header-display":"","ast-hfb-below-header-display":"","ast-hfb-mobile-header-display":"","site-post-title":"","ast-breadcrumbs-content":"","ast-featured-img":"","footer-sml-layout":"","theme-transparent-header-meta":"default","adv-header-id-meta":"","stick-header-meta":"","header-above-stick-meta":"","header-main-stick-meta":"","header-below-stick-meta":""},"product_brand":[],"product_cat":[79],"product_tag":[],"class_list":{"0":"post-1176","1":"product","2":"type-product","3":"status-publish","4":"has-post-thumbnail","6":"product_cat-myrtille","7":"desktop-align-left","8":"tablet-align-left","9":"mobile-align-left","11":"first","12":"outofstock","13":"taxable","14":"shipping-taxable","15":"purchasable","16":"product-type-simple"},"jetpack_sharing_enabled":true,"_links":{"self":[{"href":"https:\/\/pepinierepierreetlili.fr\/index.php\/wp-json\/wp\/v2\/product\/1176","targetHints":{"allow":["GET"]}}],"collection":[{"href":"https:\/\/pepinierepierreetlili.fr\/index.php\/wp-json\/wp\/v2\/product"}],"about":[{"href":"https:\/\/pepinierepierreetlili.fr\/index.php\/wp-json\/wp\/v2\/types\/product"}],"wp:featuredmedia":[{"embeddable":true,"href":"https:\/\/pepinierepierreetlili.fr\/index.php\/wp-json\/wp\/v2\/media\/1396"}],"wp:attachment":[{"href":"https:\/\/pepinierepierreetlili.fr\/index.php\/wp-json\/wp\/v2\/media?parent=1176"}],"wp:term":[{"taxonomy":"product_brand","embeddable":true,"href":"https:\/\/pepinierepierreetlili.fr\/index.php\/wp-json\/wp\/v2\/product_brand?post=1176"},{"taxonomy":"product_cat","embeddable":true,"href":"https:\/\/pepinierepierreetlili.fr\/index.php\/wp-json\/wp\/v2\/product_cat?post=1176"},{"taxonomy":"product_tag","embeddable":true,"href":"https:\/\/pepinierepierreetlili.fr\/index.php\/wp-json\/wp\/v2\/product_tag?post=1176"}],"curies":[{"name":"wp","href":"https:\/\/api.w.org\/{rel}","templated":true}]}}