{"id":776,"date":"2023-10-18T12:04:35","date_gmt":"2023-10-18T10:04:35","guid":{"rendered":"https:\/\/www.pepinierepierreetlili.fr\/?page_id=776"},"modified":"2024-10-01T12:41:50","modified_gmt":"2024-10-01T10:41:50","slug":"vous-etes-ou","status":"publish","type":"page","link":"https:\/\/pepinierepierreetlili.fr\/index.php\/vous-etes-ou\/","title":{"rendered":"Vous \u00eates o\u00f9 ?"},"content":{"rendered":"\n<p><\/p>\n\n\n\n<p>Nous avons la chance de veiller sur nos jeunes arbres fruitiers dans le parc r\u00e9gional du Haut Languedoc, en bordure du Jaur, entour\u00e9 de for\u00eats et prairies vivantes et garnies de biodiversit\u00e9. Venez donc nous rendre visite pour en profiter avec nous !!!<\/p>\n\n\n\n<p>Notre adresse : Chemin de la Prade \u00e0 Pr\u00e9mian<\/p>\n\n\n\n<div style=\"height:13px\" aria-hidden=\"true\" class=\"wp-block-spacer\"><\/div>\n\n\n\n<div class=\"wp-block-media-text is-stacked-on-mobile\"><figure class=\"wp-block-media-text__media\"><img data-dominant-color=\"bcd9c2\" data-has-transparency=\"false\" style=\"--dominant-color: #bcd9c2;\" fetchpriority=\"high\" decoding=\"async\" width=\"700\" height=\"329\" src=\"https:\/\/pepinierepierreetlili.fr\/wp-content\/uploads\/2024\/09\/carte-REDUITE-png.webp\" alt=\"\" class=\"wp-image-1548 size-full not-transparent\" srcset=\"https:\/\/pepinierepierreetlili.fr\/wp-content\/uploads\/2024\/09\/carte-REDUITE-png.webp 700w, https:\/\/pepinierepierreetlili.fr\/wp-content\/uploads\/2024\/09\/carte-REDUITE-300x141.webp 300w, https:\/\/pepinierepierreetlili.fr\/wp-content\/uploads\/2024\/09\/carte-REDUITE-600x282.webp 600w\" sizes=\"(max-width: 700px) 100vw, 700px\" \/><\/figure><div class=\"wp-block-media-text__content\">\n<h2 class=\"wp-block-heading\">DISTANCES DEPUIS :<\/h2>\n\n\n\n<p>Toulouse 133 km<\/p>\n\n\n\n<p>Mazamet 43 km<\/p>\n\n\n\n<p>B\u00e9ziers 55 km<\/p>\n\n\n\n<p>Castres 63 km<\/p>\n\n\n\n<p>Carcassonne 80 km<\/p>\n\n\n\n<p>Montpellier 109 km<\/p>\n\n\n\n<p>Perpignan 124 km<\/p>\n<\/div><\/div>\n\n\n\n<p><\/p>\n","protected":false},"excerpt":{"rendered":"<p>Nous avons la chance de veiller sur nos jeunes arbres fruitiers dans le parc r\u00e9gional du Haut Languedoc, en bordure du Jaur, entour\u00e9 de for\u00eats et prairies vivantes et garnies de biodiversit\u00e9. Venez donc nous rendre visite pour en profiter avec nous !!! Notre adresse : Chemin de la Prade \u00e0 Pr\u00e9mian DISTANCES DEPUIS : &hellip;<\/p>\n<p class=\"read-more\"> <a class=\"\" href=\"https:\/\/pepinierepierreetlili.fr\/index.php\/vous-etes-ou\/\"> <span class=\"screen-reader-text\">Vous \u00eates o\u00f9 ?<\/span> Lire la suite\u00a0\u00bb<\/a><\/p>\n","protected":false},"author":1,"featured_media":0,"parent":0,"menu_order":0,"comment_status":"closed","ping_status":"closed","template":"","meta":{"site-sidebar-layout":"default","site-content-layout":"default","ast-global-header-display":"","ast-banner-title-visibility":"","ast-main-header-display":"","ast-hfb-above-header-display":"","ast-hfb-below-header-display":"","ast-hfb-mobile-header-display":"","site-post-title":"","ast-breadcrumbs-content":"","ast-featured-img":"","footer-sml-layout":"","theme-transparent-header-meta":"","adv-header-id-meta":"","stick-header-meta":"","header-above-stick-meta":"","header-main-stick-meta":"","header-below-stick-meta":"","footnotes":""},"class_list":["post-776","page","type-page","status-publish","hentry"],"jetpack_sharing_enabled":true,"_links":{"self":[{"href":"https:\/\/pepinierepierreetlili.fr\/index.php\/wp-json\/wp\/v2\/pages\/776","targetHints":{"allow":["GET"]}}],"collection":[{"href":"https:\/\/pepinierepierreetlili.fr\/index.php\/wp-json\/wp\/v2\/pages"}],"about":[{"href":"https:\/\/pepinierepierreetlili.fr\/index.php\/wp-json\/wp\/v2\/types\/page"}],"author":[{"embeddable":true,"href":"https:\/\/pepinierepierreetlili.fr\/index.php\/wp-json\/wp\/v2\/users\/1"}],"replies":[{"embeddable":true,"href":"https:\/\/pepinierepierreetlili.fr\/index.php\/wp-json\/wp\/v2\/comments?post=776"}],"version-history":[{"count":0,"href":"https:\/\/pepinierepierreetlili.fr\/index.php\/wp-json\/wp\/v2\/pages\/776\/revisions"}],"wp:attachment":[{"href":"https:\/\/pepinierepierreetlili.fr\/index.php\/wp-json\/wp\/v2\/media?parent=776"}],"curies":[{"name":"wp","href":"https:\/\/api.w.org\/{rel}","templated":true}]}}