{"id":774,"date":"2023-10-18T11:38:54","date_gmt":"2023-10-18T09:38:54","guid":{"rendered":"https:\/\/www.pepinierepierreetlili.fr\/?page_id=774"},"modified":"2024-09-21T21:02:37","modified_gmt":"2024-09-21T19:02:37","slug":"pourquoi-les-racines-nues","status":"publish","type":"page","link":"https:\/\/pepinierepierreetlili.fr\/index.php\/pourquoi-les-racines-nues\/","title":{"rendered":"pourquoi les racines nues ?"},"content":{"rendered":"\n<p>Les racines nues offrent plusieurs avantages, en premier lieu nous n&rsquo;avons pas besoin de pot en plastique, et c&rsquo;est d\u00e9j\u00e0 tr\u00e8s heureux! mais aussi et surtout les arbres en pot d\u00e9veloppent rapidement un chignon racinaire important dans un conteneur ce qui induit un important ralentissement de la croissance, emp\u00eache a l&rsquo;arbre d&rsquo;exprimer son plein potentiel et peut aller jusqu&rsquo;\u00e0 provoquer une mortalit\u00e9 pr\u00e9matur\u00e9e de votre arbre dont les racines s&rsquo;\u00e9touffent entre elles alors qu&rsquo;elles grossissent. Les racines nues d\u00e9veloppent leurs racines bien plus harmonieusement, c&rsquo;est pourquoi c&rsquo;est le 1er choix des arboriculteurs.<\/p>\n\n\n\n<p><\/p>\n","protected":false},"excerpt":{"rendered":"<p>Les racines nues offrent plusieurs avantages, en premier lieu nous n&rsquo;avons pas besoin de pot en plastique, et c&rsquo;est d\u00e9j\u00e0 tr\u00e8s heureux! mais aussi et surtout les arbres en pot d\u00e9veloppent rapidement un chignon racinaire important dans un conteneur ce qui induit un important ralentissement de la croissance, emp\u00eache a l&rsquo;arbre d&rsquo;exprimer son plein potentiel &hellip;<\/p>\n<p class=\"read-more\"> <a class=\"\" href=\"https:\/\/pepinierepierreetlili.fr\/index.php\/pourquoi-les-racines-nues\/\"> <span class=\"screen-reader-text\">pourquoi les racines nues ?<\/span> Lire la suite\u00a0\u00bb<\/a><\/p>\n","protected":false},"author":1,"featured_media":0,"parent":0,"menu_order":0,"comment_status":"closed","ping_status":"closed","template":"","meta":{"site-sidebar-layout":"default","site-content-layout":"default","ast-global-header-display":"","ast-banner-title-visibility":"","ast-main-header-display":"","ast-hfb-above-header-display":"","ast-hfb-below-header-display":"","ast-hfb-mobile-header-display":"","site-post-title":"","ast-breadcrumbs-content":"","ast-featured-img":"","footer-sml-layout":"","theme-transparent-header-meta":"","adv-header-id-meta":"","stick-header-meta":"","header-above-stick-meta":"","header-main-stick-meta":"","header-below-stick-meta":"","footnotes":""},"class_list":["post-774","page","type-page","status-publish","hentry"],"jetpack_sharing_enabled":true,"_links":{"self":[{"href":"https:\/\/pepinierepierreetlili.fr\/index.php\/wp-json\/wp\/v2\/pages\/774","targetHints":{"allow":["GET"]}}],"collection":[{"href":"https:\/\/pepinierepierreetlili.fr\/index.php\/wp-json\/wp\/v2\/pages"}],"about":[{"href":"https:\/\/pepinierepierreetlili.fr\/index.php\/wp-json\/wp\/v2\/types\/page"}],"author":[{"embeddable":true,"href":"https:\/\/pepinierepierreetlili.fr\/index.php\/wp-json\/wp\/v2\/users\/1"}],"replies":[{"embeddable":true,"href":"https:\/\/pepinierepierreetlili.fr\/index.php\/wp-json\/wp\/v2\/comments?post=774"}],"version-history":[{"count":0,"href":"https:\/\/pepinierepierreetlili.fr\/index.php\/wp-json\/wp\/v2\/pages\/774\/revisions"}],"wp:attachment":[{"href":"https:\/\/pepinierepierreetlili.fr\/index.php\/wp-json\/wp\/v2\/media?parent=774"}],"curies":[{"name":"wp","href":"https:\/\/api.w.org\/{rel}","templated":true}]}}