{"id":734,"date":"2023-10-17T12:41:41","date_gmt":"2023-10-17T10:41:41","guid":{"rendered":"https:\/\/www.pepinierepierreetlili.fr\/?page_id=734"},"modified":"2024-09-20T20:44:26","modified_gmt":"2024-09-20T18:44:26","slug":"je-suis-un-pro-quest-ce-que-vous-faites-pour-moi","status":"publish","type":"page","link":"https:\/\/pepinierepierreetlili.fr\/index.php\/je-suis-un-pro-quest-ce-que-vous-faites-pour-moi\/","title":{"rendered":"Je suis un professionnel, Qu&rsquo;est ce que vous faites pour moi ?"},"content":{"rendered":"\n<ul class=\"wp-block-list\">\n<li>Le design ou la conception de ton implantation ainsi qu&rsquo;un visuel en 3D (voir ci dessous)<\/li>\n\n\n\n<li>On t&rsquo;accompagne dans la r\u00e9alisation de ton dossier de demande d&rsquo;aide \u00e0 la plantation (aupr\u00e8s de la r\u00e9gion)<\/li>\n\n\n\n<li>On te propose une offre de financement avec ou sans report de mensualit\u00e9 au besoin<\/li>\n\n\n\n<li>on te fait parvenir un devis personnalis\u00e9 en fonction des volumes d&rsquo;achats et de tes contraintes (au mieux de nos possibilit\u00e9s bien sur&#8230;)<\/li>\n<\/ul>\n\n\n\n<div style=\"height:25px\" aria-hidden=\"true\" class=\"wp-block-spacer\"><\/div>\n\n\n\n<div class=\"wp-block-jetpack-slideshow aligncenter\" data-effect=\"slide\"><div class=\"wp-block-jetpack-slideshow_container swiper-container\"><ul class=\"wp-block-jetpack-slideshow_swiper-wrapper swiper-wrapper\"><li class=\"wp-block-jetpack-slideshow_slide swiper-slide\"><figure><img fetchpriority=\"high\" decoding=\"async\" width=\"755\" height=\"305\" alt=\"\" class=\"wp-block-jetpack-slideshow_image wp-image-735\" data-id=\"735\" src=\"https:\/\/pepinierepierreetlili.fr\/wp-content\/uploads\/2023\/10\/implantation-3d-1-2.jpg\" srcset=\"https:\/\/pepinierepierreetlili.fr\/wp-content\/uploads\/2023\/10\/implantation-3d-1-2.jpg 755w, https:\/\/pepinierepierreetlili.fr\/wp-content\/uploads\/2023\/10\/implantation-3d-1-2-300x121.jpg 300w, https:\/\/pepinierepierreetlili.fr\/wp-content\/uploads\/2023\/10\/implantation-3d-1-2-600x242.jpg 600w\" sizes=\"(max-width: 755px) 100vw, 755px\" \/><\/figure><\/li><li class=\"wp-block-jetpack-slideshow_slide swiper-slide\"><figure><img decoding=\"async\" width=\"665\" height=\"302\" alt=\"\" class=\"wp-block-jetpack-slideshow_image wp-image-736\" data-id=\"736\" src=\"https:\/\/pepinierepierreetlili.fr\/wp-content\/uploads\/2023\/10\/implantation-3d-2-3.jpg\" srcset=\"https:\/\/pepinierepierreetlili.fr\/wp-content\/uploads\/2023\/10\/implantation-3d-2-3.jpg 665w, https:\/\/pepinierepierreetlili.fr\/wp-content\/uploads\/2023\/10\/implantation-3d-2-3-300x136.jpg 300w, https:\/\/pepinierepierreetlili.fr\/wp-content\/uploads\/2023\/10\/implantation-3d-2-3-600x272.jpg 600w\" sizes=\"(max-width: 665px) 100vw, 665px\" \/><\/figure><\/li><\/ul><a class=\"wp-block-jetpack-slideshow_button-prev swiper-button-prev swiper-button-white\" role=\"button\"><\/a><a class=\"wp-block-jetpack-slideshow_button-next swiper-button-next swiper-button-white\" role=\"button\"><\/a><a aria-label=\"Pause Slideshow\" class=\"wp-block-jetpack-slideshow_button-pause\" role=\"button\"><\/a><div class=\"wp-block-jetpack-slideshow_pagination swiper-pagination swiper-pagination-white\"><\/div><\/div><\/div>\n","protected":false},"excerpt":{"rendered":"","protected":false},"author":1,"featured_media":0,"parent":0,"menu_order":0,"comment_status":"closed","ping_status":"closed","template":"","meta":{"site-sidebar-layout":"default","site-content-layout":"default","ast-global-header-display":"","ast-banner-title-visibility":"","ast-main-header-display":"","ast-hfb-above-header-display":"","ast-hfb-below-header-display":"","ast-hfb-mobile-header-display":"","site-post-title":"","ast-breadcrumbs-content":"","ast-featured-img":"","footer-sml-layout":"","theme-transparent-header-meta":"","adv-header-id-meta":"","stick-header-meta":"","header-above-stick-meta":"","header-main-stick-meta":"","header-below-stick-meta":"","footnotes":""},"class_list":["post-734","page","type-page","status-publish","hentry"],"jetpack_sharing_enabled":true,"_links":{"self":[{"href":"https:\/\/pepinierepierreetlili.fr\/index.php\/wp-json\/wp\/v2\/pages\/734","targetHints":{"allow":["GET"]}}],"collection":[{"href":"https:\/\/pepinierepierreetlili.fr\/index.php\/wp-json\/wp\/v2\/pages"}],"about":[{"href":"https:\/\/pepinierepierreetlili.fr\/index.php\/wp-json\/wp\/v2\/types\/page"}],"author":[{"embeddable":true,"href":"https:\/\/pepinierepierreetlili.fr\/index.php\/wp-json\/wp\/v2\/users\/1"}],"replies":[{"embeddable":true,"href":"https:\/\/pepinierepierreetlili.fr\/index.php\/wp-json\/wp\/v2\/comments?post=734"}],"version-history":[{"count":0,"href":"https:\/\/pepinierepierreetlili.fr\/index.php\/wp-json\/wp\/v2\/pages\/734\/revisions"}],"wp:attachment":[{"href":"https:\/\/pepinierepierreetlili.fr\/index.php\/wp-json\/wp\/v2\/media?parent=734"}],"curies":[{"name":"wp","href":"https:\/\/api.w.org\/{rel}","templated":true}]}}